{"id":7512,"date":"2021-08-20T00:04:39","date_gmt":"2021-08-19T22:04:39","guid":{"rendered":"https:\/\/digitalhistory.unite.it\/la-mancha\/"},"modified":"2021-11-23T15:29:03","modified_gmt":"2021-11-23T14:29:03","slug":"la-mancha","status":"publish","type":"page","link":"https:\/\/digitalhistory.unite.it\/es\/territorios\/itinerarios-regionales\/quijote\/una-novela-barroca\/la-mancha\/","title":{"rendered":"La Mancha"},"content":{"rendered":"<h1>La Mancha <\/h1>\n<div class=\"testo\">\n<p style=\"text-align: justify\"><img loading=\"lazy\" decoding=\"async\" src=\"https:\/\/digitalhistory.unite.it\/wp-content\/uploads\/2021\/08\/moulins_la_mancha_251x174.jpg\" width=\"251\" height=\"174\" alt=\"La Mancha\" align=\"left\">La Mancha es el territorio que hist\u00f3ricamente ocupaba el centro de la Pen\u00ednsula ib\u00e9rica. Se extend\u00eda por lo que hoy es Toledo, Ciudad Real, Cuenca y Albacete. Ha sido poblada desde \u00e9poca prehist\u00f3rica, pasando por los \u00edberos, romanos y visigodos. Por tradici\u00f3n ha sido una regi\u00f3n eminentemente agr\u00edcola, donde la falta de agua ha marcado la econom\u00eda y la forma de vida de su gente. De hecho, est\u00e1 com\u00fanmente aceptado que el nombre de &#8220;La Mancha&#8221; vendr\u00eda del \u00e1rabe que significar\u00eda tierra seca. Su territorio pas\u00f3 a manos de las \u00f3rdenes militares durante el proceso de la Reconquista, cuando fue necesario repoblar y defender las tierras recuperadas. La Mancha se reparti\u00f3 entonces entre las \u00f3rdenes de San Juan, Santiago y Calatrava, que la administraron, hasta que los Reyes Cat\u00f3licos (1474-1516) asumieron su gobierno. A principios del siglo XVII Miguel de Cervantes dar\u00eda a La Mancha su se\u00f1a de identidad con los paisajes y lugares descritos en <em>El Quijote<\/em>, que todav\u00eda hoy persisten.<\/p>\n<\/p><\/div>\n<p><\/p>\n","protected":false},"excerpt":{"rendered":"<p>La Mancha La Mancha es el territorio que hist\u00f3ricamente ocupaba el centro de la Pen\u00ednsula ib\u00e9rica. Se extend\u00eda por lo que hoy es Toledo, Ciudad Real, Cuenca y Albacete. Ha sido poblada desde \u00e9poca prehist\u00f3rica, pasando por los \u00edberos, romanos y visigodos. Por tradici\u00f3n ha&hellip;<\/p>\n","protected":false},"author":1,"featured_media":0,"parent":6670,"menu_order":0,"comment_status":"closed","ping_status":"closed","template":"","meta":{"footnotes":""},"class_list":["post-7512","page","type-page","status-publish","hentry"],"_links":{"self":[{"href":"https:\/\/digitalhistory.unite.it\/es\/wp-json\/wp\/v2\/pages\/7512","targetHints":{"allow":["GET"]}}],"collection":[{"href":"https:\/\/digitalhistory.unite.it\/es\/wp-json\/wp\/v2\/pages"}],"about":[{"href":"https:\/\/digitalhistory.unite.it\/es\/wp-json\/wp\/v2\/types\/page"}],"author":[{"embeddable":true,"href":"https:\/\/digitalhistory.unite.it\/es\/wp-json\/wp\/v2\/users\/1"}],"replies":[{"embeddable":true,"href":"https:\/\/digitalhistory.unite.it\/es\/wp-json\/wp\/v2\/comments?post=7512"}],"version-history":[{"count":2,"href":"https:\/\/digitalhistory.unite.it\/es\/wp-json\/wp\/v2\/pages\/7512\/revisions"}],"predecessor-version":[{"id":12047,"href":"https:\/\/digitalhistory.unite.it\/es\/wp-json\/wp\/v2\/pages\/7512\/revisions\/12047"}],"up":[{"embeddable":true,"href":"https:\/\/digitalhistory.unite.it\/es\/wp-json\/wp\/v2\/pages\/6670"}],"wp:attachment":[{"href":"https:\/\/digitalhistory.unite.it\/es\/wp-json\/wp\/v2\/media?parent=7512"}],"curies":[{"name":"wp","href":"https:\/\/api.w.org\/{rel}","templated":true}]}}