{"id":7513,"date":"2021-08-20T00:04:39","date_gmt":"2021-08-19T22:04:39","guid":{"rendered":"https:\/\/digitalhistory.unite.it\/don-quijote-de-la-mancha\/"},"modified":"2021-11-23T17:45:13","modified_gmt":"2021-11-23T16:45:13","slug":"don-quijote-de-la-mancha","status":"publish","type":"page","link":"https:\/\/digitalhistory.unite.it\/es\/territorios\/itinerarios-regionales\/quijote\/una-novela-barroca\/don-quijote-de-la-mancha\/","title":{"rendered":"Don Quijote de la Mancha"},"content":{"rendered":"<h1>Don Quijote de la Mancha <\/h1>\n<div class=\"testo\">\n<p style=\"text-align: justify\"><img loading=\"lazy\" decoding=\"async\" src=\"https:\/\/digitalhistory.unite.it\/wp-content\/uploads\/2021\/08\/imagen_2_225x219.jpg\" width=\"225\" height=\"219\" alt=\"Imagen 2\" align=\"left\">Es considerada la obra m\u00e1s importante de la Literatura espa\u00f1ola. Su autor, Miguel de Cervantes, compuso la primera parte de esta novela en el a\u00f1o 1605 y la segunda parte en 1615. En ella se entremezcla lo c\u00f3mico con lo tr\u00e1gico, la l\u00edrica con la \u00e9pica. Su intenci\u00f3n era ridiculizar los libros de historias caballerescas, tomando como protagonista a un pobre hidalgo manchego que, enloquecido tras leer un buen n\u00famero de libros de caballer\u00edas, cree ser un caballero andante, arm\u00e1ndose, cortejando a dulces doncellas (Dulcinea del Toboso), protegiendo a los m\u00e1s d\u00e9biles, y combatiendo ante rudos gigantes que, en realidad, eran molinos de viento. A este genuino personaje le acompa\u00f1aba en sus delirantes aventuras su fiel escudero, Sancho Panza, hombre r\u00fastico lleno de raciocinio y tradici\u00f3n que aconseja siempre, de manera acertada, a su loco se\u00f1or.<\/p>\n<\/p><\/div>\n<p><\/p>\n","protected":false},"excerpt":{"rendered":"<p>Don Quijote de la Mancha Es considerada la obra m\u00e1s importante de la Literatura espa\u00f1ola. Su autor, Miguel de Cervantes, compuso la primera parte de esta novela en el a\u00f1o 1605 y la segunda parte en 1615. En ella se entremezcla lo c\u00f3mico con lo&hellip;<\/p>\n","protected":false},"author":1,"featured_media":0,"parent":6670,"menu_order":0,"comment_status":"closed","ping_status":"closed","template":"","meta":{"footnotes":""},"class_list":["post-7513","page","type-page","status-publish","hentry"],"_links":{"self":[{"href":"https:\/\/digitalhistory.unite.it\/es\/wp-json\/wp\/v2\/pages\/7513","targetHints":{"allow":["GET"]}}],"collection":[{"href":"https:\/\/digitalhistory.unite.it\/es\/wp-json\/wp\/v2\/pages"}],"about":[{"href":"https:\/\/digitalhistory.unite.it\/es\/wp-json\/wp\/v2\/types\/page"}],"author":[{"embeddable":true,"href":"https:\/\/digitalhistory.unite.it\/es\/wp-json\/wp\/v2\/users\/1"}],"replies":[{"embeddable":true,"href":"https:\/\/digitalhistory.unite.it\/es\/wp-json\/wp\/v2\/comments?post=7513"}],"version-history":[{"count":2,"href":"https:\/\/digitalhistory.unite.it\/es\/wp-json\/wp\/v2\/pages\/7513\/revisions"}],"predecessor-version":[{"id":12046,"href":"https:\/\/digitalhistory.unite.it\/es\/wp-json\/wp\/v2\/pages\/7513\/revisions\/12046"}],"up":[{"embeddable":true,"href":"https:\/\/digitalhistory.unite.it\/es\/wp-json\/wp\/v2\/pages\/6670"}],"wp:attachment":[{"href":"https:\/\/digitalhistory.unite.it\/es\/wp-json\/wp\/v2\/media?parent=7513"}],"curies":[{"name":"wp","href":"https:\/\/api.w.org\/{rel}","templated":true}]}}