{"id":7514,"date":"2021-08-20T00:04:39","date_gmt":"2021-08-19T22:04:39","guid":{"rendered":"https:\/\/digitalhistory.unite.it\/reconquista\/"},"modified":"2021-11-23T17:45:13","modified_gmt":"2021-11-23T16:45:13","slug":"reconquista","status":"publish","type":"page","link":"https:\/\/digitalhistory.unite.it\/es\/territorios\/itinerarios-regionales\/quijote\/el-toboso-de-dulcinea\/reconquista\/","title":{"rendered":"Reconquista"},"content":{"rendered":"<h1>Reconquista <\/h1>\n<div class=\"testo\">\n<p style=\"text-align: justify\">Es el proceso de recuperaci\u00f3n del territorio hispano invadido por los musulmanes. Comenz\u00f3 en el a\u00f1o 722, cuando el noble don Pelayo desde Asturias se revel\u00f3 al dominio \u00e1rabe en la batalla de Covadonga. A partir de ese momento, numerosos nobles se rebelaron, y con el tiempo, se unieron entre s\u00ed para crear las \u00d3rdenes militares. El proceso de Reconquista se aceler\u00f3, ganando los reinos cristianos el terreno hacia el sur, hasta que culmin\u00f3 en la toma de Granada por parte de los Reyes Cat\u00f3licos en el a\u00f1o 1492, con la reunificaci\u00f3n del territorio hispano. Al mismo tiempo que avanzaba el bando cristiano, se iban repoblando los territorios abandonados por los musulmanes, dando origen a la mayor\u00eda de los top\u00f3nimos del territorio espa\u00f1ol.<\/p>\n<\/p><\/div>\n<p><\/p>\n","protected":false},"excerpt":{"rendered":"<p>Reconquista Es el proceso de recuperaci\u00f3n del territorio hispano invadido por los musulmanes. Comenz\u00f3 en el a\u00f1o 722, cuando el noble don Pelayo desde Asturias se revel\u00f3 al dominio \u00e1rabe en la batalla de Covadonga. A partir de ese momento, numerosos nobles se rebelaron, y&hellip;<\/p>\n","protected":false},"author":1,"featured_media":0,"parent":6671,"menu_order":0,"comment_status":"closed","ping_status":"closed","template":"","meta":{"footnotes":""},"class_list":["post-7514","page","type-page","status-publish","hentry"],"_links":{"self":[{"href":"https:\/\/digitalhistory.unite.it\/es\/wp-json\/wp\/v2\/pages\/7514","targetHints":{"allow":["GET"]}}],"collection":[{"href":"https:\/\/digitalhistory.unite.it\/es\/wp-json\/wp\/v2\/pages"}],"about":[{"href":"https:\/\/digitalhistory.unite.it\/es\/wp-json\/wp\/v2\/types\/page"}],"author":[{"embeddable":true,"href":"https:\/\/digitalhistory.unite.it\/es\/wp-json\/wp\/v2\/users\/1"}],"replies":[{"embeddable":true,"href":"https:\/\/digitalhistory.unite.it\/es\/wp-json\/wp\/v2\/comments?post=7514"}],"version-history":[{"count":2,"href":"https:\/\/digitalhistory.unite.it\/es\/wp-json\/wp\/v2\/pages\/7514\/revisions"}],"predecessor-version":[{"id":12044,"href":"https:\/\/digitalhistory.unite.it\/es\/wp-json\/wp\/v2\/pages\/7514\/revisions\/12044"}],"up":[{"embeddable":true,"href":"https:\/\/digitalhistory.unite.it\/es\/wp-json\/wp\/v2\/pages\/6671"}],"wp:attachment":[{"href":"https:\/\/digitalhistory.unite.it\/es\/wp-json\/wp\/v2\/media?parent=7514"}],"curies":[{"name":"wp","href":"https:\/\/api.w.org\/{rel}","templated":true}]}}