{"id":7515,"date":"2021-08-20T00:04:39","date_gmt":"2021-08-19T22:04:39","guid":{"rendered":"https:\/\/digitalhistory.unite.it\/orden-de-santiago\/"},"modified":"2021-11-23T15:29:03","modified_gmt":"2021-11-23T14:29:03","slug":"orden-de-santiago","status":"publish","type":"page","link":"https:\/\/digitalhistory.unite.it\/es\/territorios\/itinerarios-regionales\/quijote\/el-toboso-de-dulcinea\/orden-de-santiago\/","title":{"rendered":"Orden de Santiago"},"content":{"rendered":"<h1>Orden de Santiago <\/h1>\n<div class=\"testo\">\n<p style=\"text-align: justify\">La Orden de Santiago es una orden religiosa &#8211; al servicio de Dios &#8211; y sobre todo militar que nace como una asociaci\u00f3n de caballeros que se unieron en el siglo XII con un mismo objetivo: luchar contra los musulmanes durante la Reconquista. Su nombre proviene de la devoci\u00f3n al Ap\u00f3stol Santiago, patr\u00f3n de Espa\u00f1a, del que se narra en las leyendas su intervenci\u00f3n divina para dar la victoria en las batallas al bando cristiano. Conforme ganaban batallas, los territorios pasaban a ser custodiados por la Orden, siendo La Mancha el principal territorio de los caballeros de Santiago. Una vez acabada la Reconquista, los Reyes Cat\u00f3licos la incorporaron a la Corona, siendo administrada por los monarcas hispanos, y utilizando los nombramientos de tan alta dignidad como una merced al servicio de la Corona para mantener la fidelidad de la nobleza castellana.<\/p>\n<\/p><\/div>\n<p><\/p>\n","protected":false},"excerpt":{"rendered":"<p>Orden de Santiago La Orden de Santiago es una orden religiosa &#8211; al servicio de Dios &#8211; y sobre todo militar que nace como una asociaci\u00f3n de caballeros que se unieron en el siglo XII con un mismo objetivo: luchar contra los musulmanes durante la&hellip;<\/p>\n","protected":false},"author":1,"featured_media":0,"parent":6671,"menu_order":0,"comment_status":"closed","ping_status":"closed","template":"","meta":{"footnotes":""},"class_list":["post-7515","page","type-page","status-publish","hentry"],"_links":{"self":[{"href":"https:\/\/digitalhistory.unite.it\/es\/wp-json\/wp\/v2\/pages\/7515","targetHints":{"allow":["GET"]}}],"collection":[{"href":"https:\/\/digitalhistory.unite.it\/es\/wp-json\/wp\/v2\/pages"}],"about":[{"href":"https:\/\/digitalhistory.unite.it\/es\/wp-json\/wp\/v2\/types\/page"}],"author":[{"embeddable":true,"href":"https:\/\/digitalhistory.unite.it\/es\/wp-json\/wp\/v2\/users\/1"}],"replies":[{"embeddable":true,"href":"https:\/\/digitalhistory.unite.it\/es\/wp-json\/wp\/v2\/comments?post=7515"}],"version-history":[{"count":2,"href":"https:\/\/digitalhistory.unite.it\/es\/wp-json\/wp\/v2\/pages\/7515\/revisions"}],"predecessor-version":[{"id":12043,"href":"https:\/\/digitalhistory.unite.it\/es\/wp-json\/wp\/v2\/pages\/7515\/revisions\/12043"}],"up":[{"embeddable":true,"href":"https:\/\/digitalhistory.unite.it\/es\/wp-json\/wp\/v2\/pages\/6671"}],"wp:attachment":[{"href":"https:\/\/digitalhistory.unite.it\/es\/wp-json\/wp\/v2\/media?parent=7515"}],"curies":[{"name":"wp","href":"https:\/\/api.w.org\/{rel}","templated":true}]}}