{"id":7516,"date":"2021-08-20T00:04:39","date_gmt":"2021-08-19T22:04:39","guid":{"rendered":"https:\/\/digitalhistory.unite.it\/alcazar-de-san-juan\/"},"modified":"2021-11-23T17:45:13","modified_gmt":"2021-11-23T16:45:13","slug":"alcazar-de-san-juan","status":"publish","type":"page","link":"https:\/\/digitalhistory.unite.it\/es\/territorios\/itinerarios-regionales\/quijote\/los-molinos-de-viento\/alcazar-de-san-juan\/","title":{"rendered":"Alc\u00e1zar de San Juan"},"content":{"rendered":"<h1>Alc\u00e1zar de San Juan <\/h1>\n<div class=\"testo\">\n<p style=\"text-align: justify\"><img loading=\"lazy\" decoding=\"async\" src=\"https:\/\/digitalhistory.unite.it\/wp-content\/uploads\/2021\/08\/escudo_de_alcazar_de_san_juan_226x226.jpg\" width=\"226\" height=\"226\" alt=\"Alcazar de San Juan\" align=\"left\">Es un municipio de Ciudad Real (Castilla La Mancha). Aunque hay vestigios de poblados antiguos, Alc\u00e1zar de San Juan aparece en las fuentes medievales durante el proceso de Reconquista, con su top\u00f3nimo \u00e1rabe &#8220;Alc\u00e1zar&#8221; como un lugar fortificado. La expulsi\u00f3n del dominio \u00e1rabe fue debido a la Orden militar de San Juan, la \u00fanica Orden que depend\u00eda directamente del Pont\u00edfice a diferencia de las otras \u00d3rdenes que obedec\u00edan al monarca. De la influencia de la Orden de San Juan queda su nombre Alc\u00e1zar de &#8220;San Juan&#8221; y uno de los edificios hist\u00f3ricos m\u00e1s importantes, el Torre\u00f3n del Gran Prior del siglo XIII. Ya en el siglo XVII, Alc\u00e1zar destac\u00f3 por ser el lugar donde fue desterrado don Juan Jos\u00e9 de Austria, hijo bastardo de Felipe IV y La Calderona. No obstante, si algo caracteriza a Alc\u00e1zar de San Juan, como muchos municipios manchegos, es su v\u00ednculo con <em>El Quijote<\/em>, a trav\u00e9s de una partida de bautismo de un tal Miguel de Cervantes, que aunque no fue el autor de la c\u00e9lebre novela, sirvi\u00f3 para popularizar el pueblo como posible lugar de nacimiento de Cervantes.<\/p>\n<\/p><\/div>\n<p><\/p>\n","protected":false},"excerpt":{"rendered":"<p>Alc\u00e1zar de San Juan Es un municipio de Ciudad Real (Castilla La Mancha). Aunque hay vestigios de poblados antiguos, Alc\u00e1zar de San Juan aparece en las fuentes medievales durante el proceso de Reconquista, con su top\u00f3nimo \u00e1rabe &#8220;Alc\u00e1zar&#8221; como un lugar fortificado. La expulsi\u00f3n del&hellip;<\/p>\n","protected":false},"author":1,"featured_media":0,"parent":6672,"menu_order":0,"comment_status":"closed","ping_status":"closed","template":"","meta":{"footnotes":""},"class_list":["post-7516","page","type-page","status-publish","hentry"],"_links":{"self":[{"href":"https:\/\/digitalhistory.unite.it\/es\/wp-json\/wp\/v2\/pages\/7516","targetHints":{"allow":["GET"]}}],"collection":[{"href":"https:\/\/digitalhistory.unite.it\/es\/wp-json\/wp\/v2\/pages"}],"about":[{"href":"https:\/\/digitalhistory.unite.it\/es\/wp-json\/wp\/v2\/types\/page"}],"author":[{"embeddable":true,"href":"https:\/\/digitalhistory.unite.it\/es\/wp-json\/wp\/v2\/users\/1"}],"replies":[{"embeddable":true,"href":"https:\/\/digitalhistory.unite.it\/es\/wp-json\/wp\/v2\/comments?post=7516"}],"version-history":[{"count":2,"href":"https:\/\/digitalhistory.unite.it\/es\/wp-json\/wp\/v2\/pages\/7516\/revisions"}],"predecessor-version":[{"id":12038,"href":"https:\/\/digitalhistory.unite.it\/es\/wp-json\/wp\/v2\/pages\/7516\/revisions\/12038"}],"up":[{"embeddable":true,"href":"https:\/\/digitalhistory.unite.it\/es\/wp-json\/wp\/v2\/pages\/6672"}],"wp:attachment":[{"href":"https:\/\/digitalhistory.unite.it\/es\/wp-json\/wp\/v2\/media?parent=7516"}],"curies":[{"name":"wp","href":"https:\/\/api.w.org\/{rel}","templated":true}]}}