{"id":7517,"date":"2021-08-20T00:04:39","date_gmt":"2021-08-19T22:04:39","guid":{"rendered":"https:\/\/digitalhistory.unite.it\/madridejos\/"},"modified":"2021-11-23T17:45:13","modified_gmt":"2021-11-23T16:45:13","slug":"madridejos","status":"publish","type":"page","link":"https:\/\/digitalhistory.unite.it\/es\/territorios\/itinerarios-regionales\/quijote\/los-molinos-de-viento\/madridejos\/","title":{"rendered":"Madridejos"},"content":{"rendered":"<h1>Madridejos <\/h1>\n<div class=\"testo\">\n<p style=\"text-align: justify\">Es un pueblo de la provincia de Toledo en Castilla La Mancha. De or\u00edgenes romanos y \u00e1rabes, Madridejos pas\u00f3, en el siglo XII, a pertenecer a la Orden de San Juan, hasta que en 1557 consigui\u00f3 su independencia jurisdiccional con respecto al Priorato de San Juan. Durante el siglo XVI tuvo un gran crecimiento demogr\u00e1fico y un pr\u00f3spero desarrollo econ\u00f3mico (tanto en ganader\u00eda como agricultura), que le permiti\u00f3, ya en el siglo XVII, construir las principales edificaciones barrocas, de car\u00e1cter religioso, y tambi\u00e9n civil. Este fue el caso de la fundaci\u00f3n de un convento de dominicos en 1596, un convento franciscano a principios del XVII, y otro de clarisas franciscanas a mediados de este mismo siglo. Las calles y las plazas se mejoraron, conservando hoy, algunos de sus lugares, el aspecto y esplendor que mostr\u00f3 en \u00e9poca barroca. Posteriormente, este municipio fue v\u00edctima de los devenires hist\u00f3ricos como la guerra de Sucesi\u00f3n del siglo XVIII, la guerra de Independencia de las tropas francesas en el siglo XIX, y la guerra civil en el XX, da\u00f1ando buena parte de su arquitectura barroca.<\/p>\n<\/p><\/div>\n<p><\/p>\n","protected":false},"excerpt":{"rendered":"<p>Madridejos Es un pueblo de la provincia de Toledo en Castilla La Mancha. De or\u00edgenes romanos y \u00e1rabes, Madridejos pas\u00f3, en el siglo XII, a pertenecer a la Orden de San Juan, hasta que en 1557 consigui\u00f3 su independencia jurisdiccional con respecto al Priorato de&hellip;<\/p>\n","protected":false},"author":1,"featured_media":0,"parent":6672,"menu_order":0,"comment_status":"closed","ping_status":"closed","template":"","meta":{"footnotes":""},"class_list":["post-7517","page","type-page","status-publish","hentry"],"_links":{"self":[{"href":"https:\/\/digitalhistory.unite.it\/es\/wp-json\/wp\/v2\/pages\/7517","targetHints":{"allow":["GET"]}}],"collection":[{"href":"https:\/\/digitalhistory.unite.it\/es\/wp-json\/wp\/v2\/pages"}],"about":[{"href":"https:\/\/digitalhistory.unite.it\/es\/wp-json\/wp\/v2\/types\/page"}],"author":[{"embeddable":true,"href":"https:\/\/digitalhistory.unite.it\/es\/wp-json\/wp\/v2\/users\/1"}],"replies":[{"embeddable":true,"href":"https:\/\/digitalhistory.unite.it\/es\/wp-json\/wp\/v2\/comments?post=7517"}],"version-history":[{"count":2,"href":"https:\/\/digitalhistory.unite.it\/es\/wp-json\/wp\/v2\/pages\/7517\/revisions"}],"predecessor-version":[{"id":12040,"href":"https:\/\/digitalhistory.unite.it\/es\/wp-json\/wp\/v2\/pages\/7517\/revisions\/12040"}],"up":[{"embeddable":true,"href":"https:\/\/digitalhistory.unite.it\/es\/wp-json\/wp\/v2\/pages\/6672"}],"wp:attachment":[{"href":"https:\/\/digitalhistory.unite.it\/es\/wp-json\/wp\/v2\/media?parent=7517"}],"curies":[{"name":"wp","href":"https:\/\/api.w.org\/{rel}","templated":true}]}}