{"id":7518,"date":"2021-08-20T00:04:39","date_gmt":"2021-08-19T22:04:39","guid":{"rendered":"https:\/\/digitalhistory.unite.it\/consuegra\/"},"modified":"2021-11-23T17:45:13","modified_gmt":"2021-11-23T16:45:13","slug":"consuegra","status":"publish","type":"page","link":"https:\/\/digitalhistory.unite.it\/es\/territorios\/itinerarios-regionales\/quijote\/los-molinos-de-viento\/consuegra\/","title":{"rendered":"Consuegra"},"content":{"rendered":"<h1>Consuegra <\/h1>\n<div class=\"testo\">\n<p style=\"text-align: justify\"><img loading=\"lazy\" decoding=\"async\" src=\"https:\/\/digitalhistory.unite.it\/wp-content\/uploads\/2021\/08\/castillo_de_consuegra_251x188.jpg\" width=\"251\" height=\"188\" alt=\"Consuegra\" align=\"left\">Es un municipio que pertenece a la provincia de Toledo en la comunidad de Castilla La Mancha. Sus or\u00edgenes son romanos con el poblado <em>Consaburum<\/em>, citado en las fuentes latinas. Una vez bajo dominio \u00e1rabe, hubo que esperar a la Reconquista efectuada por la Orden de San Juan a partir del siglo XII para verla en manos cristianas. Tras la c\u00e9lebre victoria cristiana de las Navas de Tolosa, en 1212, Consuegra comenz\u00f3 su particular proceso de repoblaci\u00f3n. Su administraci\u00f3n, en manos de la Orden de San Juan, dur\u00f3 hasta el siglo XIX. Entre sus monumentos hist\u00f3ricos m\u00e1s importantes destaca su Castillo del siglo XI que a\u00fan mantiene sus muros en pie, y los molinos de viento que recuerdan la huella quijotesca de este municipio.<\/p>\n<\/p><\/div>\n<p><\/p>\n","protected":false},"excerpt":{"rendered":"<p>Consuegra Es un municipio que pertenece a la provincia de Toledo en la comunidad de Castilla La Mancha. Sus or\u00edgenes son romanos con el poblado Consaburum, citado en las fuentes latinas. Una vez bajo dominio \u00e1rabe, hubo que esperar a la Reconquista efectuada por la&hellip;<\/p>\n","protected":false},"author":1,"featured_media":0,"parent":6672,"menu_order":0,"comment_status":"closed","ping_status":"closed","template":"","meta":{"footnotes":""},"class_list":["post-7518","page","type-page","status-publish","hentry"],"_links":{"self":[{"href":"https:\/\/digitalhistory.unite.it\/es\/wp-json\/wp\/v2\/pages\/7518","targetHints":{"allow":["GET"]}}],"collection":[{"href":"https:\/\/digitalhistory.unite.it\/es\/wp-json\/wp\/v2\/pages"}],"about":[{"href":"https:\/\/digitalhistory.unite.it\/es\/wp-json\/wp\/v2\/types\/page"}],"author":[{"embeddable":true,"href":"https:\/\/digitalhistory.unite.it\/es\/wp-json\/wp\/v2\/users\/1"}],"replies":[{"embeddable":true,"href":"https:\/\/digitalhistory.unite.it\/es\/wp-json\/wp\/v2\/comments?post=7518"}],"version-history":[{"count":2,"href":"https:\/\/digitalhistory.unite.it\/es\/wp-json\/wp\/v2\/pages\/7518\/revisions"}],"predecessor-version":[{"id":12039,"href":"https:\/\/digitalhistory.unite.it\/es\/wp-json\/wp\/v2\/pages\/7518\/revisions\/12039"}],"up":[{"embeddable":true,"href":"https:\/\/digitalhistory.unite.it\/es\/wp-json\/wp\/v2\/pages\/6672"}],"wp:attachment":[{"href":"https:\/\/digitalhistory.unite.it\/es\/wp-json\/wp\/v2\/media?parent=7518"}],"curies":[{"name":"wp","href":"https:\/\/api.w.org\/{rel}","templated":true}]}}