{"id":7519,"date":"2021-08-20T00:04:40","date_gmt":"2021-08-19T22:04:40","guid":{"rendered":"https:\/\/digitalhistory.unite.it\/iglesia-santa-maria-la-mayor\/"},"modified":"2021-11-23T17:45:13","modified_gmt":"2021-11-23T16:45:13","slug":"iglesia-santa-maria-la-mayor","status":"publish","type":"page","link":"https:\/\/digitalhistory.unite.it\/es\/territorios\/itinerarios-regionales\/quijote\/cervantes-en-alcazar-de-san-juan\/iglesia-santa-maria-la-mayor\/","title":{"rendered":"Iglesia Santa Mar\u00eda la Mayor en Alc\u00e1zar de San Juan (Ciudad Real)"},"content":{"rendered":"<h1>Iglesia Santa Mar\u00eda la Mayor en Alc\u00e1zar de San Juan (Ciudad Real) <\/h1>\n<div class=\"testo\">\n<p style=\"text-align: justify\"><img loading=\"lazy\" decoding=\"async\" src=\"https:\/\/digitalhistory.unite.it\/wp-content\/uploads\/2021\/08\/imagen_8_277x161.jpg\" width=\"277\" height=\"161\" alt=\"Imagen 8\" align=\"left\">En el centro hist\u00f3rico del municipio manchego de Alc\u00e1zar de San Juan se levanta la Iglesia de Santa Mar\u00eda la Mayor, una de las atracciones tur\u00edsticas de La Mancha por su antig\u00fcedad e importancia. La construcci\u00f3n de esta Iglesia comenz\u00f3 en el siglo XIII sobre los restos de una antigua mezquita. Cuando la Orden de San Juan administr\u00f3 el municipio de Alc\u00e1zar de San Juan en 1226, la Iglesia de Santa Mar\u00eda la Mayor se convirti\u00f3 en uno de los principales templos de la Orden, de hecho, las ventanas conservan su decoraci\u00f3n con la imagen de la Cruz de San Juan. La Iglesia conserva una mezcla de estilos de diferentes \u00e9pocas; el \u00e1bside rom\u00e1nico, los muros visigodos, alguna capilla mud\u00e9jar, la portada renacentista y el altar mayor de \u00e9poca barroca. Su interior es de cruz latina, dividida en tres naves, y conserva la pila bautismal donde un tal Miguel de Cervantes, que no era el autor de <em>El Quijote<\/em>, se bautiz\u00f3 y dio origen a la pol\u00e9mica sobre el lugar de nacimiento del c\u00e9lebre escritor, por ello, en el exterior se levanta la estatua de Miguel de Cervantes que siembra la duda del origen del autor. Destaca el color rojizo de la Iglesia, tanto en su exterior como en su interior, debido a la piedra arenisca que se utiliz\u00f3 en su construcci\u00f3n.<\/p>\n<\/p><\/div>\n<p><\/p>\n","protected":false},"excerpt":{"rendered":"<p>Iglesia Santa Mar\u00eda la Mayor en Alc\u00e1zar de San Juan (Ciudad Real) En el centro hist\u00f3rico del municipio manchego de Alc\u00e1zar de San Juan se levanta la Iglesia de Santa Mar\u00eda la Mayor, una de las atracciones tur\u00edsticas de La Mancha por su antig\u00fcedad e&hellip;<\/p>\n","protected":false},"author":1,"featured_media":0,"parent":6673,"menu_order":0,"comment_status":"closed","ping_status":"closed","template":"","meta":{"footnotes":""},"class_list":["post-7519","page","type-page","status-publish","hentry"],"_links":{"self":[{"href":"https:\/\/digitalhistory.unite.it\/es\/wp-json\/wp\/v2\/pages\/7519","targetHints":{"allow":["GET"]}}],"collection":[{"href":"https:\/\/digitalhistory.unite.it\/es\/wp-json\/wp\/v2\/pages"}],"about":[{"href":"https:\/\/digitalhistory.unite.it\/es\/wp-json\/wp\/v2\/types\/page"}],"author":[{"embeddable":true,"href":"https:\/\/digitalhistory.unite.it\/es\/wp-json\/wp\/v2\/users\/1"}],"replies":[{"embeddable":true,"href":"https:\/\/digitalhistory.unite.it\/es\/wp-json\/wp\/v2\/comments?post=7519"}],"version-history":[{"count":2,"href":"https:\/\/digitalhistory.unite.it\/es\/wp-json\/wp\/v2\/pages\/7519\/revisions"}],"predecessor-version":[{"id":12036,"href":"https:\/\/digitalhistory.unite.it\/es\/wp-json\/wp\/v2\/pages\/7519\/revisions\/12036"}],"up":[{"embeddable":true,"href":"https:\/\/digitalhistory.unite.it\/es\/wp-json\/wp\/v2\/pages\/6673"}],"wp:attachment":[{"href":"https:\/\/digitalhistory.unite.it\/es\/wp-json\/wp\/v2\/media?parent=7519"}],"curies":[{"name":"wp","href":"https:\/\/api.w.org\/{rel}","templated":true}]}}