{"id":7521,"date":"2021-08-20T00:04:40","date_gmt":"2021-08-19T22:04:40","guid":{"rendered":"https:\/\/digitalhistory.unite.it\/reino-de-aragon\/"},"modified":"2021-11-23T15:27:37","modified_gmt":"2021-11-23T14:27:37","slug":"reino-de-aragon","status":"publish","type":"page","link":"https:\/\/digitalhistory.unite.it\/es\/territorios\/itinerarios-regionales\/duque-de-lerma\/denia\/reino-de-aragon\/","title":{"rendered":"Reino de Arag\u00f3n"},"content":{"rendered":"<h1>Reino de Arag\u00f3n <\/h1>\n<div class=\"testo\">\n<p style=\"text-align: justify\">Arag\u00f3n se convirti\u00f3 en un reino cristiano en 1035 gracias a Ramiro I (1000-1063). El reino de Arag\u00f3n (que a partir de 1162 tambi\u00e9n incluy\u00f3 el condado de Barcelona y Catalu\u00f1a) tuvo un papel fundamental con la adquisici\u00f3n primero de las Islas Baleares y de Valencia, y despu\u00e9s, de los reinos de Cerde\u00f1a (formalmente desde 1297), Sicilia (desde 1409) y N\u00e1poles (desde 1442). Fernando II el Cat\u00f3lico (1452-1516), rey de Arag\u00f3n desde 1479, complet\u00f3 la Reconquista con la toma de Granada en 1492 y con la represi\u00f3n\/expulsi\u00f3n de grupos \u00e9tnicos y religiosos diferentes a los cristianos: los jud\u00edos fueron expulsados ??en 1492 y los s\u00fabditos de fe musulmana se convirtieron a la fuerza -los llamados Moriscos- y despu\u00e9s expulsados ??entre 1609 y 1614. Mientras, Fernando II (1469) se hab\u00eda casado con la joven princesa Isabel I de Castilla (1451-1504), que diez a\u00f1os m\u00e1s tarde se convertir\u00eda en soberana de su reino. Este matrimonio produjo la uni\u00f3n din\u00e1stica de sus respectivos reinos, los cuales, sin embargo, continuaron separados y conservando sus formas y autonom\u00eda de gobierno. \u00c9stos fueron gobernados s\u00f3lo por Fernando a la muerte de su esposa, para despu\u00e9s ser reconducidos bajo una misma soberan\u00eda bajo la dinast\u00eda de los Habsburgo, inaugurada por Carlos V (1500-1558), nieto de los dos Reyes Cat\u00f3licos, en 1516. En los dos siglos sucesivos, el reino de Arag\u00f3n mantuvo su autonom\u00eda administrativa y financiera. S\u00f3lo despu\u00e9s de la Guerra de Sucesi\u00f3n espa\u00f1ola (1701-1713) y la llegada de la dinast\u00eda borb\u00f3nica con Felipe V (1700), Arag\u00f3n se convirti\u00f3 en una provincia de Espa\u00f1a.<\/p>\n<\/p><\/div>\n<p><\/p>\n","protected":false},"excerpt":{"rendered":"<p>Reino de Arag\u00f3n Arag\u00f3n se convirti\u00f3 en un reino cristiano en 1035 gracias a Ramiro I (1000-1063). El reino de Arag\u00f3n (que a partir de 1162 tambi\u00e9n incluy\u00f3 el condado de Barcelona y Catalu\u00f1a) tuvo un papel fundamental con la adquisici\u00f3n primero de las Islas&hellip;<\/p>\n","protected":false},"author":1,"featured_media":0,"parent":6675,"menu_order":0,"comment_status":"closed","ping_status":"closed","template":"","meta":{"footnotes":""},"class_list":["post-7521","page","type-page","status-publish","hentry"],"_links":{"self":[{"href":"https:\/\/digitalhistory.unite.it\/es\/wp-json\/wp\/v2\/pages\/7521","targetHints":{"allow":["GET"]}}],"collection":[{"href":"https:\/\/digitalhistory.unite.it\/es\/wp-json\/wp\/v2\/pages"}],"about":[{"href":"https:\/\/digitalhistory.unite.it\/es\/wp-json\/wp\/v2\/types\/page"}],"author":[{"embeddable":true,"href":"https:\/\/digitalhistory.unite.it\/es\/wp-json\/wp\/v2\/users\/1"}],"replies":[{"embeddable":true,"href":"https:\/\/digitalhistory.unite.it\/es\/wp-json\/wp\/v2\/comments?post=7521"}],"version-history":[{"count":3,"href":"https:\/\/digitalhistory.unite.it\/es\/wp-json\/wp\/v2\/pages\/7521\/revisions"}],"predecessor-version":[{"id":11111,"href":"https:\/\/digitalhistory.unite.it\/es\/wp-json\/wp\/v2\/pages\/7521\/revisions\/11111"}],"up":[{"embeddable":true,"href":"https:\/\/digitalhistory.unite.it\/es\/wp-json\/wp\/v2\/pages\/6675"}],"wp:attachment":[{"href":"https:\/\/digitalhistory.unite.it\/es\/wp-json\/wp\/v2\/media?parent=7521"}],"curies":[{"name":"wp","href":"https:\/\/api.w.org\/{rel}","templated":true}]}}