{"id":7522,"date":"2021-08-20T00:04:40","date_gmt":"2021-08-19T22:04:40","guid":{"rendered":"https:\/\/digitalhistory.unite.it\/denia\/"},"modified":"2021-11-23T17:45:12","modified_gmt":"2021-11-23T16:45:12","slug":"denia","status":"publish","type":"page","link":"https:\/\/digitalhistory.unite.it\/es\/territorios\/itinerarios-regionales\/duque-de-lerma\/denia\/denia\/","title":{"rendered":"Denia"},"content":{"rendered":"<h1>Denia <\/h1>\n<div class=\"testo\">\n<p style=\"text-align: justify\"><img loading=\"lazy\" decoding=\"async\" src=\"https:\/\/digitalhistory.unite.it\/wp-content\/uploads\/2021\/08\/640px-castillo_de_denia_251x188.jpg\" width=\"251\" height=\"188\" alt=\"Denia\" align=\"left\">Denia es una ciudad situada en la Comunidad Valenciana, en la provincia de Alicante. Sus or\u00edgenes se remontan a \u00e9poca romana, aunque fue durante la \u00e9poca musulmana, cuando alcanz\u00f3 su m\u00e1xima expresi\u00f3n, como capital de uno de los reinos de taifas de la Pen\u00ednsula Ib\u00e9rica. Reconquistada por los cristianos en 1244, se convirti\u00f3 en un dominio se\u00f1orial a partir de 1298. El condado de Denia fue asignado a Diego G\u00f3mez de Sandoval y Rojas en 1431 y se vincul\u00f3 a los Sandoval incluso cuando fue elevada a marquesado, en 1487. Bajo el V marqu\u00e9s de Denia, Duque de Lerma y valido de Felipe III, fue reconocida con la categor\u00eda de ciudad. Desde el puerto de Denia partieron decenas de miles de moriscos tras la expulsi\u00f3n de 1609. La salida de la poblaci\u00f3n de origen musulm\u00e1n caus\u00f3 la despoblaci\u00f3n y la ruina econ\u00f3mica para el marquesado. Durante la Guerra de Sucesi\u00f3n (1700-1713) Denia apoy\u00f3 al Archiduque Carlos de Habsburgo, siendo finalmente ocupada por los Borbones en noviembre de 1708. Hoy, destino tur\u00edstico mar\u00edtimo, la ciudad conserva muchos vestigios de su pasado del Seiscientos y Setecientos, sobre toda la Iglesia de la Asunci\u00f3n, un perfecto ejemplo del barroco valenciano. Testimonios de la historia de Denia, desde sus or\u00edgenes hasta el siglo XVIII, se conservan tambi\u00e9n en el museo arqueol\u00f3gico, ubicado en el interior del Castillo.<\/p>\n<\/p><\/div>\n<p><\/p>\n","protected":false},"excerpt":{"rendered":"<p>Denia Denia es una ciudad situada en la Comunidad Valenciana, en la provincia de Alicante. Sus or\u00edgenes se remontan a \u00e9poca romana, aunque fue durante la \u00e9poca musulmana, cuando alcanz\u00f3 su m\u00e1xima expresi\u00f3n, como capital de uno de los reinos de taifas de la Pen\u00ednsula&hellip;<\/p>\n","protected":false},"author":1,"featured_media":0,"parent":6675,"menu_order":0,"comment_status":"closed","ping_status":"closed","template":"","meta":{"footnotes":""},"class_list":["post-7522","page","type-page","status-publish","hentry"],"_links":{"self":[{"href":"https:\/\/digitalhistory.unite.it\/es\/wp-json\/wp\/v2\/pages\/7522","targetHints":{"allow":["GET"]}}],"collection":[{"href":"https:\/\/digitalhistory.unite.it\/es\/wp-json\/wp\/v2\/pages"}],"about":[{"href":"https:\/\/digitalhistory.unite.it\/es\/wp-json\/wp\/v2\/types\/page"}],"author":[{"embeddable":true,"href":"https:\/\/digitalhistory.unite.it\/es\/wp-json\/wp\/v2\/users\/1"}],"replies":[{"embeddable":true,"href":"https:\/\/digitalhistory.unite.it\/es\/wp-json\/wp\/v2\/comments?post=7522"}],"version-history":[{"count":2,"href":"https:\/\/digitalhistory.unite.it\/es\/wp-json\/wp\/v2\/pages\/7522\/revisions"}],"predecessor-version":[{"id":12019,"href":"https:\/\/digitalhistory.unite.it\/es\/wp-json\/wp\/v2\/pages\/7522\/revisions\/12019"}],"up":[{"embeddable":true,"href":"https:\/\/digitalhistory.unite.it\/es\/wp-json\/wp\/v2\/pages\/6675"}],"wp:attachment":[{"href":"https:\/\/digitalhistory.unite.it\/es\/wp-json\/wp\/v2\/media?parent=7522"}],"curies":[{"name":"wp","href":"https:\/\/api.w.org\/{rel}","templated":true}]}}