{"id":7523,"date":"2021-08-20T00:04:40","date_gmt":"2021-08-19T22:04:40","guid":{"rendered":"https:\/\/digitalhistory.unite.it\/reino-de-valencia\/"},"modified":"2021-11-23T15:28:45","modified_gmt":"2021-11-23T14:28:45","slug":"reino-de-valencia","status":"publish","type":"page","link":"https:\/\/digitalhistory.unite.it\/es\/reino-de-valencia\/","title":{"rendered":"Reino de Valencia"},"content":{"rendered":"<h1>Reino de Valencia <\/h1>\n<div class=\"testo\">\n<p style=\"text-align: justify\"><img loading=\"lazy\" decoding=\"async\" src=\"https:\/\/digitalhistory.unite.it\/wp-content\/uploads\/2021\/08\/reino_de_valencia_226x287.jpg\" width=\"226\" height=\"287\" alt=\"Regno di Valencia\" align=\"left\">El reino de Valencia surgi\u00f3 en 1238, cuando el rey Jaime I de Arag\u00f3n, derrot\u00f3 definitivamente al ej\u00e9rcito del reino musulm\u00e1n y anexion\u00f3 el territorio, a penas liberado, a la Corona de Arag\u00f3n. Todav\u00eda en 1238 se promulgaron los Fueros de Valencia (Els Furs), las leyes que habr\u00edan gobernado el reino durante toda su existencia. Durante el siglo XV, verdadero y propio Siglo de Oro valenciano, el crecimiento econ\u00f3mico, debido principalmente al comercio mar\u00edtimo con las posesiones no ib\u00e9ricas de la Corona de Arag\u00f3n, fue acompa\u00f1ado por un florecimiento literario y humanista. En ese mismo per\u00edodo naci\u00f3 la Taula de Canvis, aut\u00e9ntica bolsa de valores del reino. Despu\u00e9s de la uni\u00f3n din\u00e1stica de las coronas de Castilla y Arag\u00f3n en la figura del rey Carlos I (emperador Carlos V), el reino de Valencia mantuvo su independencia pol\u00edtica, pero poco a poco perdi\u00f3 su prosperidad econ\u00f3mica. Los comerciantes valencianos fueron excluidos del comercio con las colonias castellanas en Am\u00e9rica, mientras que la expulsi\u00f3n de los Moriscos (1609-1614) priv\u00f3 al reino de una parte numerosa (casi un tercio del total) y particularmente productiva de su poblaci\u00f3n. Durante la Guerra de Sucesi\u00f3n, Valencia se aline\u00f3 con el candidato de los Habsburgo, el archiduque Carlos, por lo que fue castigada por aquel que m\u00e1s tarde gan\u00f3 la guerra, Felipe V de Borb\u00f3n. Con los decretos de Nueva Planta, los antiguos reinos de Arag\u00f3n se incorporaron a la Corona de Castilla, y tambi\u00e9n Valencia perdi\u00f3 su independencia pol\u00edtica y sus Fueros.<\/p>\n<\/p><\/div>\n<p><\/p>\n","protected":false},"excerpt":{"rendered":"<p>Reino de Valencia El reino de Valencia surgi\u00f3 en 1238, cuando el rey Jaime I de Arag\u00f3n, derrot\u00f3 definitivamente al ej\u00e9rcito del reino musulm\u00e1n y anexion\u00f3 el territorio, a penas liberado, a la Corona de Arag\u00f3n. Todav\u00eda en 1238 se promulgaron los Fueros de Valencia&hellip;<\/p>\n","protected":false},"author":1,"featured_media":0,"parent":0,"menu_order":0,"comment_status":"closed","ping_status":"closed","template":"","meta":{"footnotes":""},"class_list":["post-7523","page","type-page","status-publish","hentry"],"_links":{"self":[{"href":"https:\/\/digitalhistory.unite.it\/es\/wp-json\/wp\/v2\/pages\/7523","targetHints":{"allow":["GET"]}}],"collection":[{"href":"https:\/\/digitalhistory.unite.it\/es\/wp-json\/wp\/v2\/pages"}],"about":[{"href":"https:\/\/digitalhistory.unite.it\/es\/wp-json\/wp\/v2\/types\/page"}],"author":[{"embeddable":true,"href":"https:\/\/digitalhistory.unite.it\/es\/wp-json\/wp\/v2\/users\/1"}],"replies":[{"embeddable":true,"href":"https:\/\/digitalhistory.unite.it\/es\/wp-json\/wp\/v2\/comments?post=7523"}],"version-history":[{"count":2,"href":"https:\/\/digitalhistory.unite.it\/es\/wp-json\/wp\/v2\/pages\/7523\/revisions"}],"predecessor-version":[{"id":11858,"href":"https:\/\/digitalhistory.unite.it\/es\/wp-json\/wp\/v2\/pages\/7523\/revisions\/11858"}],"wp:attachment":[{"href":"https:\/\/digitalhistory.unite.it\/es\/wp-json\/wp\/v2\/media?parent=7523"}],"curies":[{"name":"wp","href":"https:\/\/api.w.org\/{rel}","templated":true}]}}