{"id":7524,"date":"2021-08-20T00:04:40","date_gmt":"2021-08-19T22:04:40","guid":{"rendered":"https:\/\/digitalhistory.unite.it\/valencia\/"},"modified":"2021-11-23T17:45:12","modified_gmt":"2021-11-23T16:45:12","slug":"valencia","status":"publish","type":"page","link":"https:\/\/digitalhistory.unite.it\/es\/territorios\/itinerarios-internacionales\/los-genoveses-entre-italia-y-espana-enepoca-barroca\/los-genoveses-en-el-puerto-de-cadiz-siglo-xvii\/valencia\/","title":{"rendered":"Valencia"},"content":{"rendered":"<h1>Valencia <\/h1>\n<div class=\"testo\">\n<p style=\"text-align: justify\"><img loading=\"lazy\" decoding=\"async\" src=\"https:\/\/digitalhistory.unite.it\/wp-content\/uploads\/2021\/08\/catedral_valencia__fileminimizer__252x189.jpg\" width=\"252\" height=\"189\" alt=\"Valencia\" align=\"left\">Valencia es una ciudad costera del levante espa\u00f1ol. Asimismo, es la capital de la Comunidad Valenciana. Su historia est\u00e1 vinculada al Reino de Valencia fundado en el siglo XIII por Jaime I el Conquistador, quien gan\u00f3 dicho territorio durante la Reconquista. Dicho rey, adem\u00e1s, dio una serie de privilegios y leyes conocidos como los &#8220;Fueros&#8221; por los que se reg\u00eda el Reino de Valencia, cuyos estatutos continuaron pese a la uni\u00f3n din\u00e1stica de los Reyes Cat\u00f3licos. Los Fueros finalmente fueron derogados en el siglo XVIII por Felipe V. Es preciso destacar el puerto valenciano que fue muy importante para el comercio con el Mediterr\u00e1neo, pero perdi\u00f3 protagonismo a partir del descubrimiento de Am\u00e9rica.&nbsp; Y la expulsi\u00f3n de los moriscos en 1609 durante el reinado de Felipe III, lo que supuso un gran detrimento econ\u00f3mico y demogr\u00e1fico de la zona.<\/p>\n<\/p><\/div>\n<p><\/p>\n","protected":false},"excerpt":{"rendered":"<p>Valencia Valencia es una ciudad costera del levante espa\u00f1ol. Asimismo, es la capital de la Comunidad Valenciana. Su historia est\u00e1 vinculada al Reino de Valencia fundado en el siglo XIII por Jaime I el Conquistador, quien gan\u00f3 dicho territorio durante la Reconquista. Dicho rey, adem\u00e1s,&hellip;<\/p>\n","protected":false},"author":1,"featured_media":0,"parent":6712,"menu_order":0,"comment_status":"closed","ping_status":"closed","template":"","meta":{"footnotes":""},"class_list":["post-7524","page","type-page","status-publish","hentry"],"_links":{"self":[{"href":"https:\/\/digitalhistory.unite.it\/es\/wp-json\/wp\/v2\/pages\/7524","targetHints":{"allow":["GET"]}}],"collection":[{"href":"https:\/\/digitalhistory.unite.it\/es\/wp-json\/wp\/v2\/pages"}],"about":[{"href":"https:\/\/digitalhistory.unite.it\/es\/wp-json\/wp\/v2\/types\/page"}],"author":[{"embeddable":true,"href":"https:\/\/digitalhistory.unite.it\/es\/wp-json\/wp\/v2\/users\/1"}],"replies":[{"embeddable":true,"href":"https:\/\/digitalhistory.unite.it\/es\/wp-json\/wp\/v2\/comments?post=7524"}],"version-history":[{"count":2,"href":"https:\/\/digitalhistory.unite.it\/es\/wp-json\/wp\/v2\/pages\/7524\/revisions"}],"predecessor-version":[{"id":12012,"href":"https:\/\/digitalhistory.unite.it\/es\/wp-json\/wp\/v2\/pages\/7524\/revisions\/12012"}],"up":[{"embeddable":true,"href":"https:\/\/digitalhistory.unite.it\/es\/wp-json\/wp\/v2\/pages\/6712"}],"wp:attachment":[{"href":"https:\/\/digitalhistory.unite.it\/es\/wp-json\/wp\/v2\/media?parent=7524"}],"curies":[{"name":"wp","href":"https:\/\/api.w.org\/{rel}","templated":true}]}}