{"id":7525,"date":"2021-08-20T00:04:40","date_gmt":"2021-08-19T22:04:40","guid":{"rendered":"https:\/\/digitalhistory.unite.it\/lerma\/"},"modified":"2021-11-23T17:45:12","modified_gmt":"2021-11-23T16:45:12","slug":"lerma","status":"publish","type":"page","link":"https:\/\/digitalhistory.unite.it\/es\/territorios\/itinerarios-regionales\/duque-de-lerma\/lerma\/lerma\/","title":{"rendered":"Lerma"},"content":{"rendered":"<h1>Lerma <\/h1>\n<div class=\"testo\">\n<p style=\"text-align: justify\"><img loading=\"lazy\" decoding=\"async\" src=\"https:\/\/digitalhistory.unite.it\/wp-content\/uploads\/2021\/08\/arco_de_la_c_rcel__puerta_de_entrada_lerma__fileminimizer__226x340.jpg\" width=\"226\" height=\"340\" alt=\"Puerta de entrada 2\" align=\"left\">El municipio de Lerma es hoy parte de la comunidad aut\u00f3noma de Castilla y Le\u00f3n, provincia de Burgos. La huella dejada por el duque de Lerma y valido del rey Felipe III es a\u00fan visible hoy en d\u00eda. Conocido por ser el principal ejemplo de la arquitectura herreriana en Espa\u00f1a, Lerma cuenta con una plaza mayor de las m\u00e1s grandes del pa\u00eds, con cerca de 7.000 metros cuadrados de extensi\u00f3n. En ella se encuentra el Palacio Ducal, dise\u00f1ado por el arquitecto Francisco de Mora (1553-1610) y conservado en excelentes condiciones, a pesar de que se haya utilizado como prisi\u00f3n durante la Guerra Civil. El arco de la C\u00e1rcel (foto) es, en cambio, la \u00fanica puerta de la antigua muralla medieval que sigue en pie, pero tiene algunos a\u00f1adidos que datan de la primera d\u00e9cada del siglo XVII, cuando se inici\u00f3 el proyecto para convertirlo en una prisi\u00f3n. Se remontan a los a\u00f1os del I duque de Lerma muchos de los edificios de la ciudad, en su mayor\u00eda religiosos. La Colegiata de San Pedro fue consagrada en 1617 y conserva muchos objetos preciosos del arte barroco. El convento de San Blas es otra obra de Francisco de Mora, donde resid\u00edan monjas dominicanas, mientras que el convento de Santa Teresa, que tambi\u00e9n data de la misma \u00e9poca, fue la residencia durante siglos de los frailes carmelitas. El convento de la Madre de Dios, que se encuentra en frente de la Puerta de la C\u00e1rcel, fue patrocinado por el duque en persona, mientras que el Monasterio de la Ascensi\u00f3n de Nuestro Se\u00f1or, o el convento de Santa Clara, fue fundado por la nuera del duque, Mariana de Padilla (esposa del duque de Uceda), y en \u00e9l fue bautizada la infanta Margarita en 1610. El Convento de San Francisco de los Reyes fue, sin embargo, fundado por una de las hermanas del Duque, la condesa de Altamira do\u00f1a Leonor de Rojas. Lerma tambi\u00e9n es celebrada por Lope de Vega en la comedia <em>La burgalesa de Lerma<\/em> (1613), en la que se recuerdan las suntuosas fiestas que celebraban Felipe III y su favorito en la villa, que todav\u00eda hoy rinde homenaje a su ilustre pasado con el &#8220;mes del Barroco&#8221;, una iniciativa de inter\u00e9s tur\u00edstico y cultural que se realiza durante el mes de agosto.<\/p>\n<\/p><\/div>\n<p><\/p>\n","protected":false},"excerpt":{"rendered":"<p>Lerma El municipio de Lerma es hoy parte de la comunidad aut\u00f3noma de Castilla y Le\u00f3n, provincia de Burgos. La huella dejada por el duque de Lerma y valido del rey Felipe III es a\u00fan visible hoy en d\u00eda. Conocido por ser el principal ejemplo&hellip;<\/p>\n","protected":false},"author":1,"featured_media":0,"parent":6676,"menu_order":0,"comment_status":"closed","ping_status":"closed","template":"","meta":{"footnotes":""},"class_list":["post-7525","page","type-page","status-publish","hentry"],"_links":{"self":[{"href":"https:\/\/digitalhistory.unite.it\/es\/wp-json\/wp\/v2\/pages\/7525","targetHints":{"allow":["GET"]}}],"collection":[{"href":"https:\/\/digitalhistory.unite.it\/es\/wp-json\/wp\/v2\/pages"}],"about":[{"href":"https:\/\/digitalhistory.unite.it\/es\/wp-json\/wp\/v2\/types\/page"}],"author":[{"embeddable":true,"href":"https:\/\/digitalhistory.unite.it\/es\/wp-json\/wp\/v2\/users\/1"}],"replies":[{"embeddable":true,"href":"https:\/\/digitalhistory.unite.it\/es\/wp-json\/wp\/v2\/comments?post=7525"}],"version-history":[{"count":2,"href":"https:\/\/digitalhistory.unite.it\/es\/wp-json\/wp\/v2\/pages\/7525\/revisions"}],"predecessor-version":[{"id":12028,"href":"https:\/\/digitalhistory.unite.it\/es\/wp-json\/wp\/v2\/pages\/7525\/revisions\/12028"}],"up":[{"embeddable":true,"href":"https:\/\/digitalhistory.unite.it\/es\/wp-json\/wp\/v2\/pages\/6676"}],"wp:attachment":[{"href":"https:\/\/digitalhistory.unite.it\/es\/wp-json\/wp\/v2\/media?parent=7525"}],"curies":[{"name":"wp","href":"https:\/\/api.w.org\/{rel}","templated":true}]}}