{"id":7526,"date":"2021-08-20T00:04:40","date_gmt":"2021-08-19T22:04:40","guid":{"rendered":"https:\/\/digitalhistory.unite.it\/sistema-de-consejos\/"},"modified":"2021-11-23T15:29:01","modified_gmt":"2021-11-23T14:29:01","slug":"sistema-de-consejos","status":"publish","type":"page","link":"https:\/\/digitalhistory.unite.it\/es\/territorios\/itinerarios-regionales\/duque-de-lerma\/lerma\/sistema-de-consejos\/","title":{"rendered":"Sistema de Consejos"},"content":{"rendered":"<h1>Sistema de Consejos <\/h1>\n<div class=\"testo\">\n<p style=\"text-align: justify\">Durante la Edad Moderna (siglos XVI-XVIII), la Monarqu\u00eda espa\u00f1ola se gobernaba por medio de un complejo sistema consiliar, en el que la actividad de gobierno de los soberanos era asistida por la mano de numerosos Consejos. En ellos se sentaban, con frecuencia, los primeros miembros de la aristocracia castellana, pero tambi\u00e9n estaban abiertos al personal burocr\u00e1tico experto en las materias en cuesti\u00f3n. Introducidos en diferentes per\u00edodos hist\u00f3ricos, los Consejos fueron superados a menudo por comisiones extraordinarias, las juntas, especialmente durante los per\u00edodos de gobierno de poderosos favoritos como el duque de Lerma o el conde-duque de Olivares (1587-1645). Si el Consejo de Estado y el Consejo de Guerra, presididos por el propio rey, y por lo tanto sin presidente, gozaron sin duda de mayor importancia, fundamental fue tambi\u00e9n el Consejo de Hacienda, que estaba a cargo de la gesti\u00f3n econ\u00f3mico-financiera de la Monarqu\u00eda. Adem\u00e1s de otros consejos que extend\u00edan su soberan\u00eda sobre todos los territorios de la monarqu\u00eda de los Habsburgo (Consejos de Inquisici\u00f3n, Cruzada y \u00d3rdenes), hubo otros que fueron responsables de la gesti\u00f3n de los asuntos inherentes a reinos particulares o regiones: conjuntamente al Consejo de Castilla -en el que operaba el primer tribunal del reino, la C\u00e1mara de Castilla- estaban el Consejo de Arag\u00f3n, Portugal, Indias, Italia y Flandes.<\/p>\n<\/p><\/div>\n<p><\/p>\n","protected":false},"excerpt":{"rendered":"<p>Sistema de Consejos Durante la Edad Moderna (siglos XVI-XVIII), la Monarqu\u00eda espa\u00f1ola se gobernaba por medio de un complejo sistema consiliar, en el que la actividad de gobierno de los soberanos era asistida por la mano de numerosos Consejos. En ellos se sentaban, con frecuencia,&hellip;<\/p>\n","protected":false},"author":1,"featured_media":0,"parent":6676,"menu_order":0,"comment_status":"closed","ping_status":"closed","template":"","meta":{"footnotes":""},"class_list":["post-7526","page","type-page","status-publish","hentry"],"_links":{"self":[{"href":"https:\/\/digitalhistory.unite.it\/es\/wp-json\/wp\/v2\/pages\/7526","targetHints":{"allow":["GET"]}}],"collection":[{"href":"https:\/\/digitalhistory.unite.it\/es\/wp-json\/wp\/v2\/pages"}],"about":[{"href":"https:\/\/digitalhistory.unite.it\/es\/wp-json\/wp\/v2\/types\/page"}],"author":[{"embeddable":true,"href":"https:\/\/digitalhistory.unite.it\/es\/wp-json\/wp\/v2\/users\/1"}],"replies":[{"embeddable":true,"href":"https:\/\/digitalhistory.unite.it\/es\/wp-json\/wp\/v2\/comments?post=7526"}],"version-history":[{"count":2,"href":"https:\/\/digitalhistory.unite.it\/es\/wp-json\/wp\/v2\/pages\/7526\/revisions"}],"predecessor-version":[{"id":12029,"href":"https:\/\/digitalhistory.unite.it\/es\/wp-json\/wp\/v2\/pages\/7526\/revisions\/12029"}],"up":[{"embeddable":true,"href":"https:\/\/digitalhistory.unite.it\/es\/wp-json\/wp\/v2\/pages\/6676"}],"wp:attachment":[{"href":"https:\/\/digitalhistory.unite.it\/es\/wp-json\/wp\/v2\/media?parent=7526"}],"curies":[{"name":"wp","href":"https:\/\/api.w.org\/{rel}","templated":true}]}}