{"id":7527,"date":"2021-08-20T00:04:40","date_gmt":"2021-08-19T22:04:40","guid":{"rendered":"https:\/\/digitalhistory.unite.it\/las-juntas\/"},"modified":"2021-11-23T15:29:01","modified_gmt":"2021-11-23T14:29:01","slug":"las-juntas","status":"publish","type":"page","link":"https:\/\/digitalhistory.unite.it\/es\/territorios\/itinerarios-regionales\/duque-de-lerma\/lerma\/las-juntas\/","title":{"rendered":"Las Juntas"},"content":{"rendered":"<h1>Las Juntas <\/h1>\n<div class=\"testo\">\n<p style=\"text-align: justify\">Las juntas eran comisiones extraordinarias creadas espec\u00edficamente por el soberano para resolver cuestiones particulares en un tiempo m\u00e1s corto que el que se invert\u00eda en un proceso burocr\u00e1tico normal. Utilizadas ya por Felipe II (1527-1598), especialmente en la \u00faltima parte de su reinado, las juntas se convirtieron en el sello distintivo de los Gobiernos de los validos. El favorito del rey, de hecho, colocaba a los hombres de su confianza en estas organizaciones con el fin de evitar la posible oposici\u00f3n y retrasos en los Consejos. Innumerables fueron las juntas que se crearon durante los reinados de Felipe III y Felipe IV por sus respectivos favoritos, el duque de Lerma y el conde-duque de Olivares (1587-1645).<\/p>\n<\/p><\/div>\n<p><\/p>\n","protected":false},"excerpt":{"rendered":"<p>Las Juntas Las juntas eran comisiones extraordinarias creadas espec\u00edficamente por el soberano para resolver cuestiones particulares en un tiempo m\u00e1s corto que el que se invert\u00eda en un proceso burocr\u00e1tico normal. Utilizadas ya por Felipe II (1527-1598), especialmente en la \u00faltima parte de su reinado,&hellip;<\/p>\n","protected":false},"author":1,"featured_media":0,"parent":6676,"menu_order":0,"comment_status":"closed","ping_status":"closed","template":"","meta":{"footnotes":""},"class_list":["post-7527","page","type-page","status-publish","hentry"],"_links":{"self":[{"href":"https:\/\/digitalhistory.unite.it\/es\/wp-json\/wp\/v2\/pages\/7527","targetHints":{"allow":["GET"]}}],"collection":[{"href":"https:\/\/digitalhistory.unite.it\/es\/wp-json\/wp\/v2\/pages"}],"about":[{"href":"https:\/\/digitalhistory.unite.it\/es\/wp-json\/wp\/v2\/types\/page"}],"author":[{"embeddable":true,"href":"https:\/\/digitalhistory.unite.it\/es\/wp-json\/wp\/v2\/users\/1"}],"replies":[{"embeddable":true,"href":"https:\/\/digitalhistory.unite.it\/es\/wp-json\/wp\/v2\/comments?post=7527"}],"version-history":[{"count":2,"href":"https:\/\/digitalhistory.unite.it\/es\/wp-json\/wp\/v2\/pages\/7527\/revisions"}],"predecessor-version":[{"id":12027,"href":"https:\/\/digitalhistory.unite.it\/es\/wp-json\/wp\/v2\/pages\/7527\/revisions\/12027"}],"up":[{"embeddable":true,"href":"https:\/\/digitalhistory.unite.it\/es\/wp-json\/wp\/v2\/pages\/6676"}],"wp:attachment":[{"href":"https:\/\/digitalhistory.unite.it\/es\/wp-json\/wp\/v2\/media?parent=7527"}],"curies":[{"name":"wp","href":"https:\/\/api.w.org\/{rel}","templated":true}]}}