{"id":7528,"date":"2021-08-20T00:04:40","date_gmt":"2021-08-19T22:04:40","guid":{"rendered":"https:\/\/digitalhistory.unite.it\/rodrigo-calderon\/"},"modified":"2021-11-23T17:45:13","modified_gmt":"2021-11-23T16:45:13","slug":"rodrigo-calderon","status":"publish","type":"page","link":"https:\/\/digitalhistory.unite.it\/es\/territorios\/itinerarios-regionales\/duque-de-lerma\/valladolid\/rodrigo-calderon\/","title":{"rendered":"Rodrigo Calder\u00f3n"},"content":{"rendered":"<h1>Rodrigo Calder\u00f3n <\/h1>\n<div class=\"testo\">\n<p style=\"text-align: justify\"><img loading=\"lazy\" decoding=\"async\" src=\"https:\/\/digitalhistory.unite.it\/wp-content\/uploads\/2021\/08\/rodrigo_calderon_225x318.jpg\" width=\"225\" height=\"318\" alt=\"Rodrigo Calderon\" align=\"left\">Rodrigo Calder\u00f3n (1576-1621) fue el favorito del duque de Lerma. Nacido en Amberes, hijo de un soldado involucrado en el saqueo de la ciudad ese mismo a\u00f1o, entr\u00f3 jovenc\u00edsimo en el s\u00e9quito del por entonces marqu\u00e9s de Denia, como paje. Sigui\u00f3 a su patr\u00f3n en su r\u00e1pido ascenso en la vida pol\u00edtica y social, ocupando el cargo de secretario de la c\u00e1mara del rey hasta 1607. Objeto de investigaci\u00f3n judicial en 1607, de la que result\u00f3 inocente, don Rodrigo tuvo que hacer frente a la aversi\u00f3n de muchos, especialmente de la reina Margarita de Austria. Mirado con recelo por su r\u00e1pido enriquecimiento y el enorme poder conseguido a pesar de la humildad de su cuna, Calder\u00f3n fue alejado de la corte a petici\u00f3n de su propio patr\u00f3n y enviado como embajador extraordinario a Flandes y Francia (1612-1613). A su regreso, sin embargo, no recuper\u00f3 su antigua posici\u00f3n y vivi\u00f3 al margen de la vida cortesana, a\u00fan protegido por el Duque de Lerma. Cuando este \u00faltimo abandon\u00f3 la corte en octubre 1618, las puertas de la prisi\u00f3n se abrieron para Calder\u00f3n. Procesado en materia civil y penal, y declarado culpable s\u00f3lo de una m\u00ednima parte de las acusaciones vertidas contra \u00e9l (incluyendo la de ser responsable de la muerte de la reina en 1611), fue condenado a muerte y ejecutado en la Plaza Mayor de Madrid el 21 de octubre de 1621.<\/p>\n<p>Para saber m\u00e1s:<\/p>\n<ul>\n<li style=\"text-align: justify\">J. Juder\u00edas, <em>Un proceso pol\u00edtico en tiempo de Felipe III: Don Rodrigo Calder\u00f3n, Marqu\u00e9s de Siete Iglesias. Su vida, su proceso y su muerte<\/em>, en \u00abRevista de Archivos, Bibliotecas y Museos\u00bb, 9 (1905), pp. 334-365; 10 (1906), pp. 1-31.<\/li>\n<li style=\"text-align: justify\">S. Mart\u00ednez Hern\u00e1ndez, <em>Rodrigo Calder\u00f3n, la sombra del valido. Privanza, favor y corrupci\u00f3n en la corte de Felipe III<\/em>, Madrid 2009.<\/li>\n<\/ul>\n<p style=\"text-align: justify\">&nbsp;<\/p>\n<\/p><\/div>\n<p><\/p>\n","protected":false},"excerpt":{"rendered":"<p>Rodrigo Calder\u00f3n Rodrigo Calder\u00f3n (1576-1621) fue el favorito del duque de Lerma. Nacido en Amberes, hijo de un soldado involucrado en el saqueo de la ciudad ese mismo a\u00f1o, entr\u00f3 jovenc\u00edsimo en el s\u00e9quito del por entonces marqu\u00e9s de Denia, como paje. Sigui\u00f3 a su&hellip;<\/p>\n","protected":false},"author":1,"featured_media":0,"parent":6677,"menu_order":0,"comment_status":"closed","ping_status":"closed","template":"","meta":{"footnotes":""},"class_list":["post-7528","page","type-page","status-publish","hentry"],"_links":{"self":[{"href":"https:\/\/digitalhistory.unite.it\/es\/wp-json\/wp\/v2\/pages\/7528","targetHints":{"allow":["GET"]}}],"collection":[{"href":"https:\/\/digitalhistory.unite.it\/es\/wp-json\/wp\/v2\/pages"}],"about":[{"href":"https:\/\/digitalhistory.unite.it\/es\/wp-json\/wp\/v2\/types\/page"}],"author":[{"embeddable":true,"href":"https:\/\/digitalhistory.unite.it\/es\/wp-json\/wp\/v2\/users\/1"}],"replies":[{"embeddable":true,"href":"https:\/\/digitalhistory.unite.it\/es\/wp-json\/wp\/v2\/comments?post=7528"}],"version-history":[{"count":2,"href":"https:\/\/digitalhistory.unite.it\/es\/wp-json\/wp\/v2\/pages\/7528\/revisions"}],"predecessor-version":[{"id":12032,"href":"https:\/\/digitalhistory.unite.it\/es\/wp-json\/wp\/v2\/pages\/7528\/revisions\/12032"}],"up":[{"embeddable":true,"href":"https:\/\/digitalhistory.unite.it\/es\/wp-json\/wp\/v2\/pages\/6677"}],"wp:attachment":[{"href":"https:\/\/digitalhistory.unite.it\/es\/wp-json\/wp\/v2\/media?parent=7528"}],"curies":[{"name":"wp","href":"https:\/\/api.w.org\/{rel}","templated":true}]}}