{"id":7530,"date":"2021-08-20T00:04:40","date_gmt":"2021-08-19T22:04:40","guid":{"rendered":"https:\/\/digitalhistory.unite.it\/alcazar\/"},"modified":"2021-11-23T17:45:13","modified_gmt":"2021-11-23T16:45:13","slug":"alcazar","status":"publish","type":"page","link":"https:\/\/digitalhistory.unite.it\/es\/territorios\/itinerarios-regionales\/monasterios\/conventos-femeninos-enepoca-barroca\/alcazar\/","title":{"rendered":"Alc\u00e1zar"},"content":{"rendered":"<h1>Alc\u00e1zar <\/h1>\n<div class=\"testo\">\n<p style=\"text-align: justify\">Antigua fortaleza \u00e1rabe del siglo IX que fue reconvertida en palacio, a trav\u00e9s de las distintas remodelaciones efectuadas por los reyes de Espa\u00f1a. A partir de Carlos V y Felipe II se convirti\u00f3 en uno de los palacios m\u00e1s importantes de la Monarqu\u00eda. El exterior era de ladrillo con torres de techumbres de pizarra, que sirvi\u00f3 como modelo para otros palacios de la nobleza, de menor tama\u00f1o, siguiendo el modelo que implantaron los Austrias. El palacio se abr\u00eda a una gran plaza (hoy plaza de Oriente) que serv\u00eda como escenario del ceremonial cortesano. Sus estancias interiores estaban repletas de colecciones de pintura, tapices y objetos de orfebrer\u00eda. En 1734 hubo un incendio que arras\u00f3 todo el palacio dej\u00e1ndolo en ruinas. El monarca Felipe V mand\u00f3 entonces construir un nuevo palacio, que es el Palacio Real que hoy se puede contemplar.<\/p>\n<\/p><\/div>\n<p><\/p>\n","protected":false},"excerpt":{"rendered":"<p>Alc\u00e1zar Antigua fortaleza \u00e1rabe del siglo IX que fue reconvertida en palacio, a trav\u00e9s de las distintas remodelaciones efectuadas por los reyes de Espa\u00f1a. A partir de Carlos V y Felipe II se convirti\u00f3 en uno de los palacios m\u00e1s importantes de la Monarqu\u00eda. El&hellip;<\/p>\n","protected":false},"author":1,"featured_media":0,"parent":6682,"menu_order":0,"comment_status":"closed","ping_status":"closed","template":"","meta":{"footnotes":""},"class_list":["post-7530","page","type-page","status-publish","hentry"],"_links":{"self":[{"href":"https:\/\/digitalhistory.unite.it\/es\/wp-json\/wp\/v2\/pages\/7530","targetHints":{"allow":["GET"]}}],"collection":[{"href":"https:\/\/digitalhistory.unite.it\/es\/wp-json\/wp\/v2\/pages"}],"about":[{"href":"https:\/\/digitalhistory.unite.it\/es\/wp-json\/wp\/v2\/types\/page"}],"author":[{"embeddable":true,"href":"https:\/\/digitalhistory.unite.it\/es\/wp-json\/wp\/v2\/users\/1"}],"replies":[{"embeddable":true,"href":"https:\/\/digitalhistory.unite.it\/es\/wp-json\/wp\/v2\/comments?post=7530"}],"version-history":[{"count":2,"href":"https:\/\/digitalhistory.unite.it\/es\/wp-json\/wp\/v2\/pages\/7530\/revisions"}],"predecessor-version":[{"id":12050,"href":"https:\/\/digitalhistory.unite.it\/es\/wp-json\/wp\/v2\/pages\/7530\/revisions\/12050"}],"up":[{"embeddable":true,"href":"https:\/\/digitalhistory.unite.it\/es\/wp-json\/wp\/v2\/pages\/6682"}],"wp:attachment":[{"href":"https:\/\/digitalhistory.unite.it\/es\/wp-json\/wp\/v2\/media?parent=7530"}],"curies":[{"name":"wp","href":"https:\/\/api.w.org\/{rel}","templated":true}]}}