{"id":7533,"date":"2021-08-20T00:04:40","date_gmt":"2021-08-19T22:04:40","guid":{"rendered":"https:\/\/digitalhistory.unite.it\/juan-pantoja-de-la-cruz\/"},"modified":"2021-11-23T15:27:37","modified_gmt":"2021-11-23T14:27:37","slug":"juan-pantoja-de-la-cruz","status":"publish","type":"page","link":"https:\/\/digitalhistory.unite.it\/es\/territorios\/itinerarios-regionales\/monasterios\/el-monasterio-de-las-descalzas-reales\/juan-pantoja-de-la-cruz\/","title":{"rendered":"Juan Pantoja de la Cruz"},"content":{"rendered":"<h1>Juan Pantoja de la Cruz <\/h1>\n<div class=\"testo\">\n<p style=\"text-align: justify\">Fue uno de los pintores de finales del siglo XVI y principios del XVII m\u00e1s reconocido. Naci\u00f3 en Valladolid en 1553, pero trabaj\u00f3 toda su vida en Madrid, donde aprendi\u00f3 de Alonso S\u00e1nchez Coello, hasta llegar a ser uno de los pintores m\u00e1s importantes de las cortes de Felipe II y Felipe III. Son c\u00e9lebres sus retratos de la familia real y de buena parte de la nobleza hispana m\u00e1s reconocida.&nbsp; De gran naturalismo y elegancia en sus retratos reales, destaca su t\u00e9cnica a la hora de pintar los trajes, pero tambi\u00e9n Pantoja destac\u00f3 al pintar cuadros religiosos. Sus pinturas se encuentran repartidas entre los principales museos (como el Museo del Prado, donde la colecci\u00f3n de Pantoja es de las m\u00e1s importantes) y palacios (Palacio de El Pardo, El Escorial, etc.) y conventos espa\u00f1oles (Descalzas, la Encarnaci\u00f3n, etc.). Falleci\u00f3 en Madrid en el a\u00f1o 1608.<\/p>\n<\/p><\/div>\n<p><\/p>\n","protected":false},"excerpt":{"rendered":"<p>Juan Pantoja de la Cruz Fue uno de los pintores de finales del siglo XVI y principios del XVII m\u00e1s reconocido. Naci\u00f3 en Valladolid en 1553, pero trabaj\u00f3 toda su vida en Madrid, donde aprendi\u00f3 de Alonso S\u00e1nchez Coello, hasta llegar a ser uno de&hellip;<\/p>\n","protected":false},"author":1,"featured_media":0,"parent":6683,"menu_order":0,"comment_status":"closed","ping_status":"closed","template":"","meta":{"footnotes":""},"class_list":["post-7533","page","type-page","status-publish","hentry"],"_links":{"self":[{"href":"https:\/\/digitalhistory.unite.it\/es\/wp-json\/wp\/v2\/pages\/7533","targetHints":{"allow":["GET"]}}],"collection":[{"href":"https:\/\/digitalhistory.unite.it\/es\/wp-json\/wp\/v2\/pages"}],"about":[{"href":"https:\/\/digitalhistory.unite.it\/es\/wp-json\/wp\/v2\/types\/page"}],"author":[{"embeddable":true,"href":"https:\/\/digitalhistory.unite.it\/es\/wp-json\/wp\/v2\/users\/1"}],"replies":[{"embeddable":true,"href":"https:\/\/digitalhistory.unite.it\/es\/wp-json\/wp\/v2\/comments?post=7533"}],"version-history":[{"count":3,"href":"https:\/\/digitalhistory.unite.it\/es\/wp-json\/wp\/v2\/pages\/7533\/revisions"}],"predecessor-version":[{"id":11115,"href":"https:\/\/digitalhistory.unite.it\/es\/wp-json\/wp\/v2\/pages\/7533\/revisions\/11115"}],"up":[{"embeddable":true,"href":"https:\/\/digitalhistory.unite.it\/es\/wp-json\/wp\/v2\/pages\/6683"}],"wp:attachment":[{"href":"https:\/\/digitalhistory.unite.it\/es\/wp-json\/wp\/v2\/media?parent=7533"}],"curies":[{"name":"wp","href":"https:\/\/api.w.org\/{rel}","templated":true}]}}