{"id":7535,"date":"2021-08-20T00:04:40","date_gmt":"2021-08-19T22:04:40","guid":{"rendered":"https:\/\/digitalhistory.unite.it\/alonso-ramirez-de-prado\/"},"modified":"2021-11-23T17:45:12","modified_gmt":"2021-11-23T16:45:12","slug":"alonso-ramirez-de-prado","status":"publish","type":"page","link":"https:\/\/digitalhistory.unite.it\/es\/territorios\/itinerarios-regionales\/duque-de-lerma\/la-plaza-mayor-de-madrid\/alonso-ramirez-de-prado\/","title":{"rendered":"Alonso Ram\u00edrez de Prado"},"content":{"rendered":"<h1>Alonso Ram\u00edrez de Prado <\/h1>\n<div class=\"testo\">\n<p style=\"text-align: justify\">Alonso Ram\u00edrez de Prado (1549-1608) fue un secretario y hombre de Estado espa\u00f1ol. H\u00e1bil abogado, fue llamado a la corte ya durante el reinado de Felipe II. Pero fue sobre todo en tiempos de Felipe III cuando su carrera experiment\u00f3 un ascenso: vinculado al duque de Lerma y al secretario de Estado Pedro Franqueza, entr\u00f3 en muchas de las Juntas de hacienda creadas para superar la crisis econ\u00f3mica de la Monarqu\u00eda. Fue detenido en diciembre 1606 con cargos de corrupci\u00f3n y enriquecimiento il\u00edcito, muri\u00f3 en prisi\u00f3n en 1608, antes de que fuera pronunciado el veredicto de culpabilidad en su contra.<\/p>\n<p>  Para saber m\u00e1s:<\/p>\n<ul>\n<li style=\"text-align: justify\">J. de Entrambasaguas, <em>Una familia de ingenios. Los Ram\u00edrez de Prado<\/em>, Madrid 1943.<\/li>\n<li style=\"text-align: justify\">G. Mrozek Eliszezynski, <em>Las culpas del Rey y de su Favorito. El proceso a Alonso Ram\u00edrez de Prado (1607-1608)<\/em>, in \u00abLibrosdelacorte.es\u00bb, 6 (2013), pp. 27-49.<\/li>\n<\/ul><\/div>\n<p><\/p>\n","protected":false},"excerpt":{"rendered":"<p>Alonso Ram\u00edrez de Prado Alonso Ram\u00edrez de Prado (1549-1608) fue un secretario y hombre de Estado espa\u00f1ol. H\u00e1bil abogado, fue llamado a la corte ya durante el reinado de Felipe II. Pero fue sobre todo en tiempos de Felipe III cuando su carrera experiment\u00f3 un&hellip;<\/p>\n","protected":false},"author":1,"featured_media":0,"parent":6680,"menu_order":0,"comment_status":"closed","ping_status":"closed","template":"","meta":{"footnotes":""},"class_list":["post-7535","page","type-page","status-publish","hentry"],"_links":{"self":[{"href":"https:\/\/digitalhistory.unite.it\/es\/wp-json\/wp\/v2\/pages\/7535","targetHints":{"allow":["GET"]}}],"collection":[{"href":"https:\/\/digitalhistory.unite.it\/es\/wp-json\/wp\/v2\/pages"}],"about":[{"href":"https:\/\/digitalhistory.unite.it\/es\/wp-json\/wp\/v2\/types\/page"}],"author":[{"embeddable":true,"href":"https:\/\/digitalhistory.unite.it\/es\/wp-json\/wp\/v2\/users\/1"}],"replies":[{"embeddable":true,"href":"https:\/\/digitalhistory.unite.it\/es\/wp-json\/wp\/v2\/comments?post=7535"}],"version-history":[{"count":2,"href":"https:\/\/digitalhistory.unite.it\/es\/wp-json\/wp\/v2\/pages\/7535\/revisions"}],"predecessor-version":[{"id":12021,"href":"https:\/\/digitalhistory.unite.it\/es\/wp-json\/wp\/v2\/pages\/7535\/revisions\/12021"}],"up":[{"embeddable":true,"href":"https:\/\/digitalhistory.unite.it\/es\/wp-json\/wp\/v2\/pages\/6680"}],"wp:attachment":[{"href":"https:\/\/digitalhistory.unite.it\/es\/wp-json\/wp\/v2\/media?parent=7535"}],"curies":[{"name":"wp","href":"https:\/\/api.w.org\/{rel}","templated":true}]}}