{"id":7536,"date":"2021-08-20T00:04:40","date_gmt":"2021-08-19T22:04:40","guid":{"rendered":"https:\/\/digitalhistory.unite.it\/pedro-franqueza\/"},"modified":"2021-11-23T17:45:12","modified_gmt":"2021-11-23T16:45:12","slug":"pedro-franqueza","status":"publish","type":"page","link":"https:\/\/digitalhistory.unite.it\/es\/territorios\/itinerarios-regionales\/duque-de-lerma\/la-plaza-mayor-de-madrid\/pedro-franqueza\/","title":{"rendered":"Pedro Franqueza"},"content":{"rendered":"<h1>Pedro Franqueza <\/h1>\n<div class=\"testo\">\n<p style=\"text-align: justify\"><img loading=\"lazy\" decoding=\"async\" src=\"https:\/\/digitalhistory.unite.it\/wp-content\/uploads\/2021\/08\/franqueza_226x276.jpg\" width=\"226\" height=\"276\" alt=\"Franqueza\" align=\"left\">Pedro Franqueza (1547-1614) fue uno de los principales aliados y protegidos del duque de Lerma. Originario de la Corona de Arag\u00f3n, lleg\u00f3 a la corte a los diecis\u00e9is a\u00f1os, en 1563, pero fue s\u00f3lo durante el comienzo del reinado de Felipe III (1598) y el valimiento de Lerma que se convirti\u00f3 en uno de los hombres m\u00e1s poderosos de la Monarqu\u00eda. Titular de varias secretar\u00edas, incluida la Secretar\u00eda de Estado con jurisdicci\u00f3n sobre los asuntos italianos, secretario del Consejo de Inquisici\u00f3n y de la c\u00e1mara de la reina, Franqueza fue miembro de primer orden en muchas juntas surgidas en los primeros a\u00f1os del siglo XVII y fue capaz de conseguir t\u00edtulos, honores y mercedes para \u00e9l y su familia. Conde de Villalonga, Villafranqueza y Benemeli, as\u00ed como titular del h\u00e1bito de Montesa, fue arrestado en enero 1607 por cargos de corrupci\u00f3n y enriquecimiento il\u00edcito. Condenado a cadena perpetua y una larga serie de sanciones, muri\u00f3 en prisi\u00f3n en 1614.<\/p>\n<p>Para saber m\u00e1s:<\/p>\n<ul>\n<li style=\"text-align: justify\">J.M. Torras i Rib\u00e9, <em>Poders i relacions clientelars a la Catalunya dels Austria<\/em>, Barcelona 1998.<\/li>\n<li style=\"text-align: justify\">B.J. Garc\u00eda Garc\u00eda, <em>Pedro Franqueza, secretario de s\u00ed mismo. Proceso a una privanza y primera crisis del valimiento de Lerma (1607-1609)<\/em>, en \u00abAnnali di Storia moderna e contemporanea\u00bb, 5 (1999), pp. 21-42.<\/li>\n<\/ul><\/div>\n<p><\/p>\n","protected":false},"excerpt":{"rendered":"<p>Pedro Franqueza Pedro Franqueza (1547-1614) fue uno de los principales aliados y protegidos del duque de Lerma. Originario de la Corona de Arag\u00f3n, lleg\u00f3 a la corte a los diecis\u00e9is a\u00f1os, en 1563, pero fue s\u00f3lo durante el comienzo del reinado de Felipe III (1598)&hellip;<\/p>\n","protected":false},"author":1,"featured_media":0,"parent":6680,"menu_order":0,"comment_status":"closed","ping_status":"closed","template":"","meta":{"footnotes":""},"class_list":["post-7536","page","type-page","status-publish","hentry"],"_links":{"self":[{"href":"https:\/\/digitalhistory.unite.it\/es\/wp-json\/wp\/v2\/pages\/7536","targetHints":{"allow":["GET"]}}],"collection":[{"href":"https:\/\/digitalhistory.unite.it\/es\/wp-json\/wp\/v2\/pages"}],"about":[{"href":"https:\/\/digitalhistory.unite.it\/es\/wp-json\/wp\/v2\/types\/page"}],"author":[{"embeddable":true,"href":"https:\/\/digitalhistory.unite.it\/es\/wp-json\/wp\/v2\/users\/1"}],"replies":[{"embeddable":true,"href":"https:\/\/digitalhistory.unite.it\/es\/wp-json\/wp\/v2\/comments?post=7536"}],"version-history":[{"count":2,"href":"https:\/\/digitalhistory.unite.it\/es\/wp-json\/wp\/v2\/pages\/7536\/revisions"}],"predecessor-version":[{"id":12024,"href":"https:\/\/digitalhistory.unite.it\/es\/wp-json\/wp\/v2\/pages\/7536\/revisions\/12024"}],"up":[{"embeddable":true,"href":"https:\/\/digitalhistory.unite.it\/es\/wp-json\/wp\/v2\/pages\/6680"}],"wp:attachment":[{"href":"https:\/\/digitalhistory.unite.it\/es\/wp-json\/wp\/v2\/media?parent=7536"}],"curies":[{"name":"wp","href":"https:\/\/api.w.org\/{rel}","templated":true}]}}