{"id":7537,"date":"2021-08-20T00:04:41","date_gmt":"2021-08-19T22:04:41","guid":{"rendered":"https:\/\/digitalhistory.unite.it\/uceda\/"},"modified":"2021-11-23T17:45:12","modified_gmt":"2021-11-23T16:45:12","slug":"uceda","status":"publish","type":"page","link":"https:\/\/digitalhistory.unite.it\/es\/territorios\/itinerarios-regionales\/duque-de-lerma\/la-plaza-mayor-de-madrid\/uceda\/","title":{"rendered":"Crist\u00f3bal G\u00f3mez de Sandoval y Rojas, I duque de Uceda"},"content":{"rendered":"<h1>Crist\u00f3bal G\u00f3mez de Sandoval y Rojas, I duque de Uceda <\/h1>\n<div class=\"testo\">\n<p style=\"text-align: justify\">Crist\u00f3bal G\u00f3mez de Sandoval y Rojas (1581-1624) fue el hijo mayor del V marqu\u00e9s de Denia, despu\u00e9s, I duque de Lerma. Gracias a su padre que se convirti\u00f3 en favorito del rey Felipe III (1578-1621), obtuvo en 1609 el t\u00edtulo de duque de Uceda. Aliado con el confesor real Luis de Aliaga, encabez\u00f3 una dura oposici\u00f3n interna en la facci\u00f3n de poder de su padre. Ligado por amistad personal con Felipe III, quien era casi de la misma edad, se hizo el nuevo valido en 1618, despu\u00e9s de la salida de la corte del duque de Lerma. Uceda, sin embargo, no goz\u00f3 del mismo poder que el padre, ya que no fue reconocida la generalizada delegaci\u00f3n de poderes concedida por veinte a\u00f1os a su predecesor. Despu\u00e9s de la muerte de Felipe III (1621), fue sometido a un proceso en relaci\u00f3n a los favores concedidos a su consuegro, el duque de Osuna, en perjuicio del inter\u00e9s p\u00fablico. Obtenida una sentencia leve se retir\u00f3 de la vida p\u00fablica hasta su muerte en Alcal\u00e1 de Henares en 1624.<\/p>\n<p>Para saber m\u00e1s:<\/p>\n<ul>\n<li style=\"text-align: justify\">F. Benigno, <em>L&#8217;ombra del re. Ministri e lotta politica nella Spagna del Seicento<\/em>, Venecia 1992.<\/li>\n<li style=\"text-align: justify\">R.M. P\u00e9rez Marcos, <em>El Duque de Uceda<\/em>, en J.A. Escudero (ed.), <em>Los validos<\/em>, Madrid 2004, pp. 177-241.<\/li>\n<\/ul><\/div>\n<p><\/p>\n","protected":false},"excerpt":{"rendered":"<p>Crist\u00f3bal G\u00f3mez de Sandoval y Rojas, I duque de Uceda Crist\u00f3bal G\u00f3mez de Sandoval y Rojas (1581-1624) fue el hijo mayor del V marqu\u00e9s de Denia, despu\u00e9s, I duque de Lerma. Gracias a su padre que se convirti\u00f3 en favorito del rey Felipe III (1578-1621),&hellip;<\/p>\n","protected":false},"author":1,"featured_media":0,"parent":6680,"menu_order":0,"comment_status":"closed","ping_status":"closed","template":"","meta":{"footnotes":""},"class_list":["post-7537","page","type-page","status-publish","hentry"],"_links":{"self":[{"href":"https:\/\/digitalhistory.unite.it\/es\/wp-json\/wp\/v2\/pages\/7537","targetHints":{"allow":["GET"]}}],"collection":[{"href":"https:\/\/digitalhistory.unite.it\/es\/wp-json\/wp\/v2\/pages"}],"about":[{"href":"https:\/\/digitalhistory.unite.it\/es\/wp-json\/wp\/v2\/types\/page"}],"author":[{"embeddable":true,"href":"https:\/\/digitalhistory.unite.it\/es\/wp-json\/wp\/v2\/users\/1"}],"replies":[{"embeddable":true,"href":"https:\/\/digitalhistory.unite.it\/es\/wp-json\/wp\/v2\/comments?post=7537"}],"version-history":[{"count":2,"href":"https:\/\/digitalhistory.unite.it\/es\/wp-json\/wp\/v2\/pages\/7537\/revisions"}],"predecessor-version":[{"id":12022,"href":"https:\/\/digitalhistory.unite.it\/es\/wp-json\/wp\/v2\/pages\/7537\/revisions\/12022"}],"up":[{"embeddable":true,"href":"https:\/\/digitalhistory.unite.it\/es\/wp-json\/wp\/v2\/pages\/6680"}],"wp:attachment":[{"href":"https:\/\/digitalhistory.unite.it\/es\/wp-json\/wp\/v2\/media?parent=7537"}],"curies":[{"name":"wp","href":"https:\/\/api.w.org\/{rel}","templated":true}]}}