{"id":7538,"date":"2021-08-20T00:04:41","date_gmt":"2021-08-19T22:04:41","guid":{"rendered":"https:\/\/digitalhistory.unite.it\/aliaga\/"},"modified":"2021-11-23T17:45:12","modified_gmt":"2021-11-23T16:45:12","slug":"aliaga","status":"publish","type":"page","link":"https:\/\/digitalhistory.unite.it\/es\/territorios\/itinerarios-regionales\/duque-de-lerma\/la-plaza-mayor-de-madrid\/aliaga\/","title":{"rendered":"Luis de Aliaga"},"content":{"rendered":"<h1>Luis de Aliaga <\/h1>\n<div class=\"testo\">\n<p style=\"text-align: justify\">Luis de Aliaga (1560-1626) fue un religioso y hombre de gobierno espa\u00f1ol. Aragon\u00e9s, entr\u00f3 en la Orden de los Dominicos, e hizo carrera gracias a la protecci\u00f3n del General de la Orden, Jer\u00f3nimo Javierre. Cuando Javierre se convirti\u00f3 en el confesor personal de Felipe III (1578-1621), Aliaga tom\u00f3 el puesto de confesor personal del duque de Lerma. El mismo Lerma lo quer\u00eda como confesor del rey despu\u00e9s de la muerte de Javierre (1608). La elecci\u00f3n del valido result\u00f3 arriesgada porque Aliaga mostr\u00f3 pronto un inter\u00e9s por situarse \u00e9l mismo como primer consejero y hombre de confianza del rey. Junto con el duque de Uceda fue el principal responsable de la salida de la corte del duque de Lerma (1618) y, al a\u00f1o siguiente, obtuvo el cargo de Inquisidor general. A la muerte de Felipe III fue objeto de violentos ataques por su conducta. Exiliado de la corte, muri\u00f3 en Zaragoza en 1626.<\/p>\n<p>Para saber m\u00e1s:<\/p>\n<ul>\n<li style=\"text-align: justify\">J. Navarro Latorre, <em>Aproximaci\u00f3n a Fray Luis de Aliaga, confesor de Felipe III<\/em>, Zaragoza 1981.<\/li>\n<li style=\"text-align: justify\">B.J. Garc\u00eda Garc\u00eda, <em>El confesor fray Luis Aliaga y la conciencia del Rey<\/em>, en F. Rurale (ed.), <em>I Religiosi a Corte. Teologia, politica e diplomazia in Antico Regime<\/em>, Roma 1998, pp. 159-194.<\/li>\n<\/ul>\n<\/div>\n","protected":false},"excerpt":{"rendered":"<p>Luis de Aliaga Luis de Aliaga (1560-1626) fue un religioso y hombre de gobierno espa\u00f1ol. Aragon\u00e9s, entr\u00f3 en la Orden de los Dominicos, e hizo carrera gracias a la protecci\u00f3n del General de la Orden, Jer\u00f3nimo Javierre. Cuando Javierre se convirti\u00f3 en el confesor personal&hellip;<\/p>\n","protected":false},"author":1,"featured_media":0,"parent":6680,"menu_order":0,"comment_status":"closed","ping_status":"closed","template":"","meta":{"footnotes":""},"class_list":["post-7538","page","type-page","status-publish","hentry"],"_links":{"self":[{"href":"https:\/\/digitalhistory.unite.it\/es\/wp-json\/wp\/v2\/pages\/7538","targetHints":{"allow":["GET"]}}],"collection":[{"href":"https:\/\/digitalhistory.unite.it\/es\/wp-json\/wp\/v2\/pages"}],"about":[{"href":"https:\/\/digitalhistory.unite.it\/es\/wp-json\/wp\/v2\/types\/page"}],"author":[{"embeddable":true,"href":"https:\/\/digitalhistory.unite.it\/es\/wp-json\/wp\/v2\/users\/1"}],"replies":[{"embeddable":true,"href":"https:\/\/digitalhistory.unite.it\/es\/wp-json\/wp\/v2\/comments?post=7538"}],"version-history":[{"count":2,"href":"https:\/\/digitalhistory.unite.it\/es\/wp-json\/wp\/v2\/pages\/7538\/revisions"}],"predecessor-version":[{"id":12023,"href":"https:\/\/digitalhistory.unite.it\/es\/wp-json\/wp\/v2\/pages\/7538\/revisions\/12023"}],"up":[{"embeddable":true,"href":"https:\/\/digitalhistory.unite.it\/es\/wp-json\/wp\/v2\/pages\/6680"}],"wp:attachment":[{"href":"https:\/\/digitalhistory.unite.it\/es\/wp-json\/wp\/v2\/media?parent=7538"}],"curies":[{"name":"wp","href":"https:\/\/api.w.org\/{rel}","templated":true}]}}