{"id":7539,"date":"2021-08-20T00:04:41","date_gmt":"2021-08-19T22:04:41","guid":{"rendered":"https:\/\/digitalhistory.unite.it\/la-guerra-de-los-treinta-anos\/"},"modified":"2021-11-23T15:27:37","modified_gmt":"2021-11-23T14:27:37","slug":"la-guerra-de-los-treinta-anos","status":"publish","type":"page","link":"https:\/\/digitalhistory.unite.it\/es\/territorios\/itinerarios-regionales\/duque-de-lerma\/la-plaza-mayor-de-madrid\/la-guerra-de-los-treinta-anos\/","title":{"rendered":"La Guerra de los Treinta A\u00f1os"},"content":{"rendered":"<h1>La Guerra de los Treinta A\u00f1os <\/h1>\n<div class=\"testo\">\n<p style=\"text-align: justify\"><img loading=\"lazy\" decoding=\"async\" src=\"https:\/\/digitalhistory.unite.it\/wp-content\/uploads\/2021\/08\/vel_zquez_-_de_breda_o_las_lanzas__museo_del_prado__1634-35___fileminimizer__342x282.jpg\" width=\"342\" height=\"282\" alt=\"Presa di Breda - Velazquez\" align=\"left\">La Guerra de los Treinta A\u00f1os debe su nombre a la duraci\u00f3n de un conflicto que tuvo lugar principalmente en Alemania y Bohemia, en la primera mitad del siglo XVII (1618-1648), pero que tambi\u00e9n se extendi\u00f3 al norte de Italia. La compleja situaci\u00f3n pol\u00edtica que sigui\u00f3 a la paz de Augusta de 1555 se complic\u00f3 a\u00fan m\u00e1s cuando el emperador Mat\u00edas de Habsburgo (1557-1619) no tuvo en cuenta la Carta de Majestad, con la que en 1609, su hermano y antecesor, Rodolfo II (1576-1612), hab\u00eda concedido la libertad de conciencia a los s\u00fabditos del reino de Bohemia. Las limitaciones impuestas al culto calvinista por Mat\u00edas y el nombramiento como su sucesor a un cat\u00f3lico intransigente como era el duque Fernando de Estiria (1578-1637), provoc\u00f3 un levantamiento popular en la ciudad de Praga (23 de mayo 1618) y la famosa &#8220;defenestraci\u00f3n&#8221;: los rebeldes tomaron por asalto el castillo y tiraron por la ventana a los dos representantes imperiales que estaban all\u00ed. Despu\u00e9s de la muerte de Mat\u00edas de Habsburgo, los bohemios se negaron a reconocer al heredero designado y confirieron la corona a Federico V del Palatinado (1596-1632), jefe de la Uni\u00f3n Evang\u00e9lica. As\u00ed dio comienzo la Guerra de los Treinta A\u00f1os. La primera batalla hist\u00f3rica tuvo lugar en la Monta\u00f1a Blanca (1620, cerca de Praga), donde las tropas imperiales, respaldadas por la Liga Cat\u00f3lica y la infanter\u00eda de los Habsburgo espa\u00f1oles, derrotaron a las fuerzas bohemias y palatinas. Reconquistada Bohemia, donde los vencedores impusieron el catolicismo con brutalidad y violencia, el ej\u00e9rcito espa\u00f1ol-imperial invadi\u00f3 tambi\u00e9n el Palatinado. En este punto, temiendo la expansi\u00f3n europea de los Habsburgo y el surgimiento de la hegemon\u00eda cat\u00f3lica que aplastar\u00eda al resto de confesiones, otras potencias protestantes saltaron al campo: la Confederaci\u00f3n Suiza (1620-1630), Dinamarca (1625-1629) y la Suecia luterana (1629-1635). A pesar de todo esto, sin embargo, los Habsburgo continuaron venciendo. El curso de la guerra cambi\u00f3 s\u00f3lo cuando Francia, que en a\u00f1os anteriores se limitaba a apoyar financieramente a los protestantes, se decidi\u00f3 a entrar en la guerra con su ej\u00e9rcito, y finalmente derrot\u00f3 a los espa\u00f1oles en Rocroi (1643). Las negociaciones produjeron dos tratados, firmados en M\u00fcnster y Osnabr\u00fcck, respectivamente, que han pasado a la historia como la Paz de Westfalia (24 de octubre 1648). El conflicto continu\u00f3 a peque\u00f1a escala entre Espa\u00f1a y Francia, hasta la derrota de las tropas espa\u00f1olas en la batalla de las Dunas (1658) y la firma del tratado de paz de los Pirineos (1659). La Guerra de los Treinta A\u00f1os marc\u00f3 el declive de las pretensiones hegem\u00f3nicas de los Habsburgo imperiales y espa\u00f1oles (que se vieron obligados a reconocer la independencia de las Provincias Unidas), tanto en lo religioso como en lo pol\u00edtico-militar, cuyo debilitamiento del poder imperial sobre Alemania signific\u00f3 el reconocimiento de la fe calvinista, a la par que otras confesiones protestantes. La paz de Westfalia tambi\u00e9n reconoci\u00f3 el papel de los poderes regionales de la Confederaci\u00f3n Suiza y de Suecia.<\/p>\n<p style=\"text-align: justify\">  Para saber m\u00e1s:<\/p>\n<ul>\n<li style=\"text-align: justify\">G. Parker, <em>The Thirty Years&#8217; War<\/em>, Londres 1984.<\/li>\n<li style=\"text-align: justify\">P.H. Wilson, <em>Europe&#8217;s Tragedy. A History of the Thirty Years War<\/em>, Londres 2009.<\/li>\n<\/ul><\/div>\n<p><\/p>\n","protected":false},"excerpt":{"rendered":"<p>La Guerra de los Treinta A\u00f1os La Guerra de los Treinta A\u00f1os debe su nombre a la duraci\u00f3n de un conflicto que tuvo lugar principalmente en Alemania y Bohemia, en la primera mitad del siglo XVII (1618-1648), pero que tambi\u00e9n se extendi\u00f3 al norte de&hellip;<\/p>\n","protected":false},"author":1,"featured_media":0,"parent":6680,"menu_order":0,"comment_status":"closed","ping_status":"closed","template":"","meta":{"footnotes":""},"class_list":["post-7539","page","type-page","status-publish","hentry"],"_links":{"self":[{"href":"https:\/\/digitalhistory.unite.it\/es\/wp-json\/wp\/v2\/pages\/7539","targetHints":{"allow":["GET"]}}],"collection":[{"href":"https:\/\/digitalhistory.unite.it\/es\/wp-json\/wp\/v2\/pages"}],"about":[{"href":"https:\/\/digitalhistory.unite.it\/es\/wp-json\/wp\/v2\/types\/page"}],"author":[{"embeddable":true,"href":"https:\/\/digitalhistory.unite.it\/es\/wp-json\/wp\/v2\/users\/1"}],"replies":[{"embeddable":true,"href":"https:\/\/digitalhistory.unite.it\/es\/wp-json\/wp\/v2\/comments?post=7539"}],"version-history":[{"count":3,"href":"https:\/\/digitalhistory.unite.it\/es\/wp-json\/wp\/v2\/pages\/7539\/revisions"}],"predecessor-version":[{"id":11112,"href":"https:\/\/digitalhistory.unite.it\/es\/wp-json\/wp\/v2\/pages\/7539\/revisions\/11112"}],"up":[{"embeddable":true,"href":"https:\/\/digitalhistory.unite.it\/es\/wp-json\/wp\/v2\/pages\/6680"}],"wp:attachment":[{"href":"https:\/\/digitalhistory.unite.it\/es\/wp-json\/wp\/v2\/media?parent=7539"}],"curies":[{"name":"wp","href":"https:\/\/api.w.org\/{rel}","templated":true}]}}