{"id":7541,"date":"2021-08-20T00:04:41","date_gmt":"2021-08-19T22:04:41","guid":{"rendered":"https:\/\/digitalhistory.unite.it\/antonio-de-pereda-y-salgado\/"},"modified":"2021-11-23T17:45:13","modified_gmt":"2021-11-23T16:45:13","slug":"antonio-de-pereda-y-salgado","status":"publish","type":"page","link":"https:\/\/digitalhistory.unite.it\/es\/territorios\/itinerarios-regionales\/monasterios\/el-monasterio-de-las-descalzas-reales\/antonio-de-pereda-y-salgado\/","title":{"rendered":"Antonio de Pereda y Salgado"},"content":{"rendered":"<h1>Antonio de Pereda y Salgado <\/h1>\n<div class=\"testo\">\n<p style=\"text-align: justify\">Pintor del barroco hispano (1611-1678) que destac\u00f3 por sus cuadros de tem\u00e1tica religiosa. Dadas sus aptitudes para la pintura, su t\u00edo le llev\u00f3 a Madrid para que se educara en diversos talleres. Bajo la tutela de un noble italiano, Giovanni Battista Crescendi, pudo desarrollar su carrera y perfeccionar su t\u00e9cnica y su gusto por la escuela veneciana. Poco a poco su fama fue creciendo en la corte hispana gracias a la protecci\u00f3n de Crescendi, quien le consigui\u00f3 el encargo de diversos lienzos de batallas para decorar el Palacio del Buen Retiro. Al fallecer su mecenas, Antonio de Pereda se vio alejado del c\u00edrculo cortesano y, desde entonces, se dedic\u00f3 a la pintura religiosa. Sus obras se exhiben en los mejores museos de Europa (Prado, Hermitage, Helsinki, etc.), pero tambi\u00e9n en las principales Iglesias y conventos madrile\u00f1os.<\/p>\n<\/p><\/div>\n<p><\/p>\n","protected":false},"excerpt":{"rendered":"<p>Antonio de Pereda y Salgado Pintor del barroco hispano (1611-1678) que destac\u00f3 por sus cuadros de tem\u00e1tica religiosa. Dadas sus aptitudes para la pintura, su t\u00edo le llev\u00f3 a Madrid para que se educara en diversos talleres. Bajo la tutela de un noble italiano, Giovanni&hellip;<\/p>\n","protected":false},"author":1,"featured_media":0,"parent":6683,"menu_order":0,"comment_status":"closed","ping_status":"closed","template":"","meta":{"footnotes":""},"class_list":["post-7541","page","type-page","status-publish","hentry"],"_links":{"self":[{"href":"https:\/\/digitalhistory.unite.it\/es\/wp-json\/wp\/v2\/pages\/7541","targetHints":{"allow":["GET"]}}],"collection":[{"href":"https:\/\/digitalhistory.unite.it\/es\/wp-json\/wp\/v2\/pages"}],"about":[{"href":"https:\/\/digitalhistory.unite.it\/es\/wp-json\/wp\/v2\/types\/page"}],"author":[{"embeddable":true,"href":"https:\/\/digitalhistory.unite.it\/es\/wp-json\/wp\/v2\/users\/1"}],"replies":[{"embeddable":true,"href":"https:\/\/digitalhistory.unite.it\/es\/wp-json\/wp\/v2\/comments?post=7541"}],"version-history":[{"count":2,"href":"https:\/\/digitalhistory.unite.it\/es\/wp-json\/wp\/v2\/pages\/7541\/revisions"}],"predecessor-version":[{"id":12056,"href":"https:\/\/digitalhistory.unite.it\/es\/wp-json\/wp\/v2\/pages\/7541\/revisions\/12056"}],"up":[{"embeddable":true,"href":"https:\/\/digitalhistory.unite.it\/es\/wp-json\/wp\/v2\/pages\/6683"}],"wp:attachment":[{"href":"https:\/\/digitalhistory.unite.it\/es\/wp-json\/wp\/v2\/media?parent=7541"}],"curies":[{"name":"wp","href":"https:\/\/api.w.org\/{rel}","templated":true}]}}