{"id":7542,"date":"2021-08-20T00:04:41","date_gmt":"2021-08-19T22:04:41","guid":{"rendered":"https:\/\/digitalhistory.unite.it\/isabel-clara-eugenia\/"},"modified":"2021-11-23T15:29:04","modified_gmt":"2021-11-23T14:29:04","slug":"isabel-clara-eugenia","status":"publish","type":"page","link":"https:\/\/digitalhistory.unite.it\/es\/territorios\/itinerarios-regionales\/monasterios\/el-monasterio-de-las-descalzas-reales\/isabel-clara-eugenia\/","title":{"rendered":"Isabel Clara Eugenia"},"content":{"rendered":"<h1>Isabel Clara Eugenia <\/h1>\n<div class=\"testo\">\n<p style=\"text-align: justify\"><img loading=\"lazy\" decoding=\"async\" src=\"https:\/\/digitalhistory.unite.it\/wp-content\/uploads\/2021\/08\/isabel_clara_eugenia__mikhail_perchenko_s_collection___fileminimizer__227x270.jpg\" width=\"227\" height=\"270\" alt=\"Isabel Clara Eugenia\" align=\"left\">La infanta Isabel Clara Eugenia (1566-1633) fue la hija mayor de Felipe II e Isabel de Valois. El destino de esta infanta pod\u00eda haber sido el de soberana francesa por sus derechos a la corona francesa por parte de su madre, y aunque Felipe II se empe\u00f1\u00f3 en conseguirlo, no fue posible, cayendo el trono definitivamente en manos de Enrique IV. No obstante, su matrimonio con el Archiduque Alberto de Austria dio un giro a su carrera cuando Felipe II como dote de la infanta, ofreci\u00f3 al Archiduque el gobierno de los Pa\u00edses Bajos, quien gobern\u00f3 junto a la infanta a partir de 1599. Cuando en 1621 falleci\u00f3 Alberto, la infanta pas\u00f3 a gobernar por ella misma los territorios borgo\u00f1ones hasta su muerte en 1633. Asimismo, Isabel Clara Eugenia, al igual que el resto de las mujeres de la familia real de los Austrias, llevaba una vida piadosa y, ya viuda, pas\u00f3 buena parte de su vida en el convento de Carmelitas Descalzas de Bruselas, fundado por ella misma.<\/p>\n<\/p><\/div>\n<p><\/p>\n","protected":false},"excerpt":{"rendered":"<p>Isabel Clara Eugenia La infanta Isabel Clara Eugenia (1566-1633) fue la hija mayor de Felipe II e Isabel de Valois. El destino de esta infanta pod\u00eda haber sido el de soberana francesa por sus derechos a la corona francesa por parte de su madre, y&hellip;<\/p>\n","protected":false},"author":1,"featured_media":0,"parent":6683,"menu_order":0,"comment_status":"closed","ping_status":"closed","template":"","meta":{"footnotes":""},"class_list":["post-7542","page","type-page","status-publish","hentry"],"_links":{"self":[{"href":"https:\/\/digitalhistory.unite.it\/es\/wp-json\/wp\/v2\/pages\/7542","targetHints":{"allow":["GET"]}}],"collection":[{"href":"https:\/\/digitalhistory.unite.it\/es\/wp-json\/wp\/v2\/pages"}],"about":[{"href":"https:\/\/digitalhistory.unite.it\/es\/wp-json\/wp\/v2\/types\/page"}],"author":[{"embeddable":true,"href":"https:\/\/digitalhistory.unite.it\/es\/wp-json\/wp\/v2\/users\/1"}],"replies":[{"embeddable":true,"href":"https:\/\/digitalhistory.unite.it\/es\/wp-json\/wp\/v2\/comments?post=7542"}],"version-history":[{"count":2,"href":"https:\/\/digitalhistory.unite.it\/es\/wp-json\/wp\/v2\/pages\/7542\/revisions"}],"predecessor-version":[{"id":12058,"href":"https:\/\/digitalhistory.unite.it\/es\/wp-json\/wp\/v2\/pages\/7542\/revisions\/12058"}],"up":[{"embeddable":true,"href":"https:\/\/digitalhistory.unite.it\/es\/wp-json\/wp\/v2\/pages\/6683"}],"wp:attachment":[{"href":"https:\/\/digitalhistory.unite.it\/es\/wp-json\/wp\/v2\/media?parent=7542"}],"curies":[{"name":"wp","href":"https:\/\/api.w.org\/{rel}","templated":true}]}}