{"id":7543,"date":"2021-08-20T00:04:41","date_gmt":"2021-08-19T22:04:41","guid":{"rendered":"https:\/\/digitalhistory.unite.it\/claudio-coello\/"},"modified":"2021-11-23T17:45:13","modified_gmt":"2021-11-23T16:45:13","slug":"claudio-coello","status":"publish","type":"page","link":"https:\/\/digitalhistory.unite.it\/es\/territorios\/itinerarios-regionales\/monasterios\/el-monasterio-de-las-descalzas-reales\/claudio-coello\/","title":{"rendered":"Claudio Coello"},"content":{"rendered":"<h1>Claudio Coello <\/h1>\n<div class=\"testo\">\n<p style=\"text-align: justify\"><img loading=\"lazy\" decoding=\"async\" src=\"https:\/\/digitalhistory.unite.it\/wp-content\/uploads\/2021\/08\/claudio_coello_-_self-portrait_1680s_203x281.jpg\" width=\"203\" height=\"281\" alt=\"Claudio Coello\" align=\"left\">Claudio Coello (1642-1693) fue un pintor destacado de la escuela barroca madrile\u00f1a.&nbsp; Aprendi\u00f3 en el taller de Francisco Rizi, con quien tuvo oportunidad de copiar numerosos cuadros del Alc\u00e1zar de Madrid (de Tiziano, Rubens, Giordano, etc.). Su t\u00e9cnica conjugaba elementos de la escuela veneciana y la flamenca. Son c\u00e9lebres sus composiciones y escenograf\u00edas religiosas, donde utilizaba colores vivos y brillantes. Llev\u00f3 a cabo numerosos encargos de las iglesias madrile\u00f1as, hasta que comenz\u00f3 a colaborar con la corte madrile\u00f1a, llegando a ser nombrado pintor del rey Carlos II. Entre sus cuadros destaca <em>La Sagrada Forma<\/em> que se exhibe en El Escorial, donde aparece retratada la corte de Carlos II. El \u00e9xito de esta pintura le llev\u00f3 a ser nombrado pintor de c\u00e1mara a la muerte de Rizi.<\/p>\n<\/p><\/div>\n<p><\/p>\n","protected":false},"excerpt":{"rendered":"<p>Claudio Coello Claudio Coello (1642-1693) fue un pintor destacado de la escuela barroca madrile\u00f1a.&nbsp; Aprendi\u00f3 en el taller de Francisco Rizi, con quien tuvo oportunidad de copiar numerosos cuadros del Alc\u00e1zar de Madrid (de Tiziano, Rubens, Giordano, etc.). Su t\u00e9cnica conjugaba elementos de la escuela&hellip;<\/p>\n","protected":false},"author":1,"featured_media":0,"parent":6683,"menu_order":0,"comment_status":"closed","ping_status":"closed","template":"","meta":{"footnotes":""},"class_list":["post-7543","page","type-page","status-publish","hentry"],"_links":{"self":[{"href":"https:\/\/digitalhistory.unite.it\/es\/wp-json\/wp\/v2\/pages\/7543","targetHints":{"allow":["GET"]}}],"collection":[{"href":"https:\/\/digitalhistory.unite.it\/es\/wp-json\/wp\/v2\/pages"}],"about":[{"href":"https:\/\/digitalhistory.unite.it\/es\/wp-json\/wp\/v2\/types\/page"}],"author":[{"embeddable":true,"href":"https:\/\/digitalhistory.unite.it\/es\/wp-json\/wp\/v2\/users\/1"}],"replies":[{"embeddable":true,"href":"https:\/\/digitalhistory.unite.it\/es\/wp-json\/wp\/v2\/comments?post=7543"}],"version-history":[{"count":2,"href":"https:\/\/digitalhistory.unite.it\/es\/wp-json\/wp\/v2\/pages\/7543\/revisions"}],"predecessor-version":[{"id":12057,"href":"https:\/\/digitalhistory.unite.it\/es\/wp-json\/wp\/v2\/pages\/7543\/revisions\/12057"}],"up":[{"embeddable":true,"href":"https:\/\/digitalhistory.unite.it\/es\/wp-json\/wp\/v2\/pages\/6683"}],"wp:attachment":[{"href":"https:\/\/digitalhistory.unite.it\/es\/wp-json\/wp\/v2\/media?parent=7543"}],"curies":[{"name":"wp","href":"https:\/\/api.w.org\/{rel}","templated":true}]}}