{"id":7544,"date":"2021-08-20T00:04:41","date_gmt":"2021-08-19T22:04:41","guid":{"rendered":"https:\/\/digitalhistory.unite.it\/agustinas-recoletas\/"},"modified":"2021-11-23T15:29:03","modified_gmt":"2021-11-23T14:29:03","slug":"agustinas-recoletas","status":"publish","type":"page","link":"https:\/\/digitalhistory.unite.it\/es\/territorios\/itinerarios-regionales\/monasterios\/el-monasterio-de-la-encarnacion\/agustinas-recoletas\/","title":{"rendered":"Agustinas recoletas"},"content":{"rendered":"<h1>Agustinas recoletas <\/h1>\n<div class=\"testo\">\n<p style=\"text-align: justify\">La recolecci\u00f3n agustiniana femenina surgi\u00f3 a finales del siglo XVI cuando en un cap\u00edtulo de la Orden se estipulaba que se fundasen monasterios para aquellas monjas que desearan llevar una vida m\u00e1s pobre y austera. Pero la verdadera reforma llegar\u00e1 a principios del siglo XVII cuando sor Mariana de San Jos\u00e9 junto con el P. Agust\u00edn Antol\u00ednez estipulen las reglas definitivas que deb\u00edan regir la vida cotidiana de las agustinas recoletas. Sin duda, el monasterio m\u00e1s importante fundado por la madre Mariana fue el de La Encarnaci\u00f3n por deseo expreso de la reina Margarita de Austria, que sirvi\u00f3 como modelo de espiritualidad para el resto de conventos fundados con posterioridad.<\/p>\n<\/p><\/div>\n<p><\/p>\n","protected":false},"excerpt":{"rendered":"<p>Agustinas recoletas La recolecci\u00f3n agustiniana femenina surgi\u00f3 a finales del siglo XVI cuando en un cap\u00edtulo de la Orden se estipulaba que se fundasen monasterios para aquellas monjas que desearan llevar una vida m\u00e1s pobre y austera. Pero la verdadera reforma llegar\u00e1 a principios del&hellip;<\/p>\n","protected":false},"author":1,"featured_media":0,"parent":6685,"menu_order":0,"comment_status":"closed","ping_status":"closed","template":"","meta":{"footnotes":""},"class_list":["post-7544","page","type-page","status-publish","hentry"],"_links":{"self":[{"href":"https:\/\/digitalhistory.unite.it\/es\/wp-json\/wp\/v2\/pages\/7544","targetHints":{"allow":["GET"]}}],"collection":[{"href":"https:\/\/digitalhistory.unite.it\/es\/wp-json\/wp\/v2\/pages"}],"about":[{"href":"https:\/\/digitalhistory.unite.it\/es\/wp-json\/wp\/v2\/types\/page"}],"author":[{"embeddable":true,"href":"https:\/\/digitalhistory.unite.it\/es\/wp-json\/wp\/v2\/users\/1"}],"replies":[{"embeddable":true,"href":"https:\/\/digitalhistory.unite.it\/es\/wp-json\/wp\/v2\/comments?post=7544"}],"version-history":[{"count":2,"href":"https:\/\/digitalhistory.unite.it\/es\/wp-json\/wp\/v2\/pages\/7544\/revisions"}],"predecessor-version":[{"id":12052,"href":"https:\/\/digitalhistory.unite.it\/es\/wp-json\/wp\/v2\/pages\/7544\/revisions\/12052"}],"up":[{"embeddable":true,"href":"https:\/\/digitalhistory.unite.it\/es\/wp-json\/wp\/v2\/pages\/6685"}],"wp:attachment":[{"href":"https:\/\/digitalhistory.unite.it\/es\/wp-json\/wp\/v2\/media?parent=7544"}],"curies":[{"name":"wp","href":"https:\/\/api.w.org\/{rel}","templated":true}]}}