{"id":7545,"date":"2021-08-20T00:04:41","date_gmt":"2021-08-19T22:04:41","guid":{"rendered":"https:\/\/digitalhistory.unite.it\/conde-duque-de-olivares\/"},"modified":"2021-11-23T15:27:37","modified_gmt":"2021-11-23T14:27:37","slug":"conde-duque-de-olivares","status":"publish","type":"page","link":"https:\/\/digitalhistory.unite.it\/es\/territorios\/itinerarios-regionales\/monasterios\/la-fundacion-de-los-duques-de-olivares-en-loeches\/conde-duque-de-olivares\/","title":{"rendered":"Gaspar de Guzm\u00e1n y Pimentel, I Conde-Duque de Olivares"},"content":{"rendered":"<h1>Gaspar de Guzm\u00e1n y Pimentel, I Conde-Duque de Olivares <\/h1>\n<div class=\"testo\">\n<p style=\"text-align: justify\"><img loading=\"lazy\" decoding=\"async\" src=\"https:\/\/digitalhistory.unite.it\/wp-content\/uploads\/2021\/08\/olivares_252x328.jpg\" width=\"252\" height=\"328\" alt=\"Olivares\" align=\"left\">Gaspar de Guzm\u00e1n y Pimentel, I Conde-Duque de Olivares (1587-1645), fue el valido del monarca Felipe IV, que gobern\u00f3 los reinos de la Monarqu\u00eda espa\u00f1ola de 1622 a 1643. Su padre, Enrique de Guzm\u00e1n, que hab\u00eda sido embajador en Roma y virrey de N\u00e1poles y Sicilia, quiso que Gaspar, el tercero de sus hijos, se dedicara a la carrera eclesi\u00e1stica. Fallecidos sus hermanos mayores, Gaspar hered\u00f3 el mayorazgo de Olivares, y se centr\u00f3 en la carrera pol\u00edtica como su padre. Se cas\u00f3 con la hija de una de las familias m\u00e1s importantes de Espa\u00f1a, do\u00f1a In\u00e9s de Z\u00fa\u00f1iga y Velasco, lo que le ayud\u00f3 en su r\u00e1pido ascenso pol\u00edtico. En 1615 fue nombrado gentilhombre de c\u00e1mara del pr\u00edncipe, futuro Felipe IV, que le permiti\u00f3 ganarse la confianza del joven pr\u00edncipe. A partir de 1622, Olivares se convirti\u00f3 en el favorito del nuevo monarca, Felipe IV. Su obsesi\u00f3n pol\u00edtica fue la de tratar de devolver a la Monarqu\u00eda Hispana su papel de primera potencia europea, lo que fue imposible, dejando a los reinos endeudados &#8211; lo que provoc\u00f3 la separaci\u00f3n de Portugal y la revuelta catalana -, y a unas tropas exhaustas ante las continuas derrotas en el escenario de la Guerra de los Treinta A\u00f1os. La mala gesti\u00f3n de Olivares le llev\u00f3 a ser apartado del poder en 1643, retir\u00e1ndose a Loeches y luego a Toro, donde falleci\u00f3.<\/p>\n<p style=\"text-align: justify\">Para leer m\u00e1s:<\/p>\n<ul>\n<li>\n<div>J.H. Elliott,&nbsp;<em>Richelieu and Olivares<\/em>, Cambridge 1984.<\/div>\n<\/li>\n<li>\n<div>J.H. Elliott,&nbsp;<em>The Count-Duke of Olivares.&nbsp;The Statesman in an Age of Decline<\/em>, New Haven-London, 1986.<\/div>\n<\/li>\n<li>\n<div>J.H. Elliott, L.W.B.&nbsp;Brockliss (coords.),&nbsp;<em>The World of the Favourite<\/em>, New Haven-London 1999.<\/div>\n<\/li>\n<\/ul><\/div>\n<p><\/p>\n","protected":false},"excerpt":{"rendered":"<p>Gaspar de Guzm\u00e1n y Pimentel, I Conde-Duque de Olivares Gaspar de Guzm\u00e1n y Pimentel, I Conde-Duque de Olivares (1587-1645), fue el valido del monarca Felipe IV, que gobern\u00f3 los reinos de la Monarqu\u00eda espa\u00f1ola de 1622 a 1643. Su padre, Enrique de Guzm\u00e1n, que hab\u00eda&hellip;<\/p>\n","protected":false},"author":1,"featured_media":0,"parent":6686,"menu_order":0,"comment_status":"closed","ping_status":"closed","template":"","meta":{"footnotes":""},"class_list":["post-7545","page","type-page","status-publish","hentry"],"_links":{"self":[{"href":"https:\/\/digitalhistory.unite.it\/es\/wp-json\/wp\/v2\/pages\/7545","targetHints":{"allow":["GET"]}}],"collection":[{"href":"https:\/\/digitalhistory.unite.it\/es\/wp-json\/wp\/v2\/pages"}],"about":[{"href":"https:\/\/digitalhistory.unite.it\/es\/wp-json\/wp\/v2\/types\/page"}],"author":[{"embeddable":true,"href":"https:\/\/digitalhistory.unite.it\/es\/wp-json\/wp\/v2\/users\/1"}],"replies":[{"embeddable":true,"href":"https:\/\/digitalhistory.unite.it\/es\/wp-json\/wp\/v2\/comments?post=7545"}],"version-history":[{"count":2,"href":"https:\/\/digitalhistory.unite.it\/es\/wp-json\/wp\/v2\/pages\/7545\/revisions"}],"predecessor-version":[{"id":11114,"href":"https:\/\/digitalhistory.unite.it\/es\/wp-json\/wp\/v2\/pages\/7545\/revisions\/11114"}],"up":[{"embeddable":true,"href":"https:\/\/digitalhistory.unite.it\/es\/wp-json\/wp\/v2\/pages\/6686"}],"wp:attachment":[{"href":"https:\/\/digitalhistory.unite.it\/es\/wp-json\/wp\/v2\/media?parent=7545"}],"curies":[{"name":"wp","href":"https:\/\/api.w.org\/{rel}","templated":true}]}}