{"id":7546,"date":"2021-08-20T00:04:41","date_gmt":"2021-08-19T22:04:41","guid":{"rendered":"https:\/\/digitalhistory.unite.it\/plazas-mayores\/"},"modified":"2021-11-23T17:45:14","modified_gmt":"2021-11-23T16:45:14","slug":"plazas-mayores","status":"publish","type":"page","link":"https:\/\/digitalhistory.unite.it\/es\/territorios\/itinerarios-regionales\/plazas-mayores\/","title":{"rendered":"Las Plazas Mayores espa\u00f1olas y el Barroco"},"content":{"rendered":"<h1>Las Plazas Mayores espa\u00f1olas y el Barroco <\/h1>\n<div class=\"testo\">\n<ul>\n<li><a href=\"\/es\/territorios\/itinerarios-regionales\/plazas-mayores\/el-origen-y-las-funciones-de-las-plazas-mayores\/\" title=\"El origen y las funciones de las Plazas Mayores\">El origen y las funciones de las Plazas Mayores<\/a><\/li>\n<li><a href=\"\/es\/territorios\/itinerarios-regionales\/plazas-mayores\/la-reconstruccion-de-la-plaza-mayor-de-valladolid\/\" title=\"La reconstrucci\u00f3n de la Plaza Mayor de Valladolid\">La reconstrucci\u00f3n de la Plaza Mayor de Valladolid<\/a><\/li>\n<li><a href=\"\/es\/territorios\/itinerarios-regionales\/plazas-mayores\/la-plaza-mayor-de-madrid\/\" title=\"La Plaza Mayor de Madrid\">La Plaza Mayor de Madrid<\/a><\/li>\n<li><a href=\"\/es\/territorios\/itinerarios-regionales\/plazas-mayores\/la-plaza-de-la-corredera-de-cordoba\/\" title=\"La Plaza de la Corredera de C\u00f3rdoba\">La Plaza de la Corredera de C\u00f3rdoba<\/a><\/li>\n<li><a href=\"\/es\/territorios\/itinerarios-regionales\/plazas-mayores\/la-plaza-mayor-de-salamanca\/\" title=\"La Plaza Mayor de Salamanca\">La Plaza Mayor de Salamanca<\/a><\/li>\n<li><a href=\"\/es\/territorios\/itinerarios-regionales\/plazas-mayores\/otros-ejemplos-burgos-y-plasencia\/\" title=\"Otros ejemplos: Burgos y Plasencia\">Otros ejemplos: Burgos y Plasencia<\/a><\/li>\n<\/ul><\/div>\n<p><\/p>\n","protected":false},"excerpt":{"rendered":"<p>Las Plazas Mayores espa\u00f1olas y el Barroco El origen y las funciones de las Plazas Mayores La reconstrucci\u00f3n de la Plaza Mayor de Valladolid La Plaza Mayor de Madrid La Plaza de la Corredera de C\u00f3rdoba La Plaza Mayor de Salamanca Otros ejemplos: Burgos y&hellip;<\/p>\n","protected":false},"author":1,"featured_media":0,"parent":5910,"menu_order":0,"comment_status":"closed","ping_status":"closed","template":"","meta":{"footnotes":""},"class_list":["post-7546","page","type-page","status-publish","hentry"],"_links":{"self":[{"href":"https:\/\/digitalhistory.unite.it\/es\/wp-json\/wp\/v2\/pages\/7546","targetHints":{"allow":["GET"]}}],"collection":[{"href":"https:\/\/digitalhistory.unite.it\/es\/wp-json\/wp\/v2\/pages"}],"about":[{"href":"https:\/\/digitalhistory.unite.it\/es\/wp-json\/wp\/v2\/types\/page"}],"author":[{"embeddable":true,"href":"https:\/\/digitalhistory.unite.it\/es\/wp-json\/wp\/v2\/users\/1"}],"replies":[{"embeddable":true,"href":"https:\/\/digitalhistory.unite.it\/es\/wp-json\/wp\/v2\/comments?post=7546"}],"version-history":[{"count":2,"href":"https:\/\/digitalhistory.unite.it\/es\/wp-json\/wp\/v2\/pages\/7546\/revisions"}],"predecessor-version":[{"id":12065,"href":"https:\/\/digitalhistory.unite.it\/es\/wp-json\/wp\/v2\/pages\/7546\/revisions\/12065"}],"up":[{"embeddable":true,"href":"https:\/\/digitalhistory.unite.it\/es\/wp-json\/wp\/v2\/pages\/5910"}],"wp:attachment":[{"href":"https:\/\/digitalhistory.unite.it\/es\/wp-json\/wp\/v2\/media?parent=7546"}],"curies":[{"name":"wp","href":"https:\/\/api.w.org\/{rel}","templated":true}]}}