{"id":7547,"date":"2021-08-20T00:04:41","date_gmt":"2021-08-19T22:04:41","guid":{"rendered":"https:\/\/digitalhistory.unite.it\/autos-de-fe\/"},"modified":"2021-11-23T17:45:14","modified_gmt":"2021-11-23T16:45:14","slug":"autos-de-fe","status":"publish","type":"page","link":"https:\/\/digitalhistory.unite.it\/es\/territorios\/itinerarios-regionales\/plazas-mayores\/el-origen-y-las-funciones-de-las-plazas-mayores\/autos-de-fe\/","title":{"rendered":"Autos de fe"},"content":{"rendered":"<h1>Autos de fe <\/h1>\n<div class=\"testo\">\n<p style=\"text-align: justify\">El auto de fe era la ceremonia p\u00fablica con la que, en la tradici\u00f3n de la Inquisici\u00f3n espa\u00f1ola, ven\u00edan pronunciados los juicios en contra de los acusados de impiedad, apostas\u00eda o herej\u00eda. Este \u00faltimo llegaba al lugar designado para la ceremonia, por lo general una plaza en la que se montaba un palco o escenario al t\u00e9rmino de una procesi\u00f3n. Los acusados iban vestidos con sacos (sambenitos) y capirotes, en los que se reproduc\u00edan algunos s\u00edmbolos: la cruz de San Andr\u00e9s indicaba que el acusado se hab\u00eda arrepentido y evitaba as\u00ed el suplicio, ya que las llamas representaban la pena de muerte. La ceremonia, que por lo general duraba varias horas, siempre atrajo a una gran multitud. Si los culpables aceptaban la abjuraci\u00f3n, ven\u00edan por lo general condenados a&nbsp;penas secundarias, como la flagelaci\u00f3n p\u00fablica, la confiscaci\u00f3n de bienes, la prisi\u00f3n o el exilio. La eventual ejecuci\u00f3n se daba en tiempo y en lugar diferente del auto de fe. Si los condenados se arrepent\u00edan <em>in extremis<\/em> ven\u00edan estrangulados o decapitados como acto de clemente, o quemados vivos.<\/p>\n<\/p><\/div>\n<p><\/p>\n","protected":false},"excerpt":{"rendered":"<p>Autos de fe El auto de fe era la ceremonia p\u00fablica con la que, en la tradici\u00f3n de la Inquisici\u00f3n espa\u00f1ola, ven\u00edan pronunciados los juicios en contra de los acusados de impiedad, apostas\u00eda o herej\u00eda. Este \u00faltimo llegaba al lugar designado para la ceremonia, por&hellip;<\/p>\n","protected":false},"author":1,"featured_media":0,"parent":6687,"menu_order":0,"comment_status":"closed","ping_status":"closed","template":"","meta":{"footnotes":""},"class_list":["post-7547","page","type-page","status-publish","hentry"],"_links":{"self":[{"href":"https:\/\/digitalhistory.unite.it\/es\/wp-json\/wp\/v2\/pages\/7547","targetHints":{"allow":["GET"]}}],"collection":[{"href":"https:\/\/digitalhistory.unite.it\/es\/wp-json\/wp\/v2\/pages"}],"about":[{"href":"https:\/\/digitalhistory.unite.it\/es\/wp-json\/wp\/v2\/types\/page"}],"author":[{"embeddable":true,"href":"https:\/\/digitalhistory.unite.it\/es\/wp-json\/wp\/v2\/users\/1"}],"replies":[{"embeddable":true,"href":"https:\/\/digitalhistory.unite.it\/es\/wp-json\/wp\/v2\/comments?post=7547"}],"version-history":[{"count":2,"href":"https:\/\/digitalhistory.unite.it\/es\/wp-json\/wp\/v2\/pages\/7547\/revisions"}],"predecessor-version":[{"id":12067,"href":"https:\/\/digitalhistory.unite.it\/es\/wp-json\/wp\/v2\/pages\/7547\/revisions\/12067"}],"up":[{"embeddable":true,"href":"https:\/\/digitalhistory.unite.it\/es\/wp-json\/wp\/v2\/pages\/6687"}],"wp:attachment":[{"href":"https:\/\/digitalhistory.unite.it\/es\/wp-json\/wp\/v2\/media?parent=7547"}],"curies":[{"name":"wp","href":"https:\/\/api.w.org\/{rel}","templated":true}]}}