{"id":7548,"date":"2021-08-20T00:04:41","date_gmt":"2021-08-19T22:04:41","guid":{"rendered":"https:\/\/digitalhistory.unite.it\/cordoba\/"},"modified":"2021-11-23T15:28:43","modified_gmt":"2021-11-23T14:28:43","slug":"cordoba","status":"publish","type":"page","link":"https:\/\/digitalhistory.unite.it\/es\/cordoba\/","title":{"rendered":"C\u00f3rdoba"},"content":{"rendered":"<h1>C\u00f3rdoba <\/h1>\n<div class=\"testo\">\n<p style=\"text-align: justify\"><img loading=\"lazy\" decoding=\"async\" src=\"https:\/\/digitalhistory.unite.it\/wp-content\/uploads\/2021\/08\/c_rdoba__espana__fileminimizer__251x168.jpg\" width=\"251\" height=\"168\" alt=\"Cordoba\" align=\"left\">Espl\u00e9ndida capital del reino musulm\u00e1n en Espa\u00f1a y uno de los centros culturales m\u00e1s importantes de la Europa medieval, C\u00f3rdoba no conoci\u00f3 tanta gloria en \u00e9poca moderna. Su falta de adhesi\u00f3n a la revuelta de los Comuneros, subray\u00f3 la lealtad a un joven monarca Carlos V. Durante el reinado de Felipe II, la ciudad sirvi\u00f3 como base de operaciones para sofocar la segunda rebeli\u00f3n de las Alpujarras, y a la vez, registr\u00f3 la llegada de algunos de los Moriscos expulsados del antiguo reino de Granada. El mismo Felipe II visit\u00f3 la ciudad en 1570. Durante el reinado de su sucesor, fueron expulsados de C\u00f3rdoba, a partir de febrero de 1610, m\u00e1s de 4.000 Moriscos. Con la llegada al trono de Felipe IV (1621) comenz\u00f3 un largo per\u00edodo de crisis, resultado de las campa\u00f1as militares masivas llevadas a cabo por la monarqu\u00eda espa\u00f1ola y profusamente financiadas por la ciudad, con tropas y dinero, hasta despu\u00e9s de la muerte de Carlos II (1700). Las guerras, las epidemias y el hambre tambi\u00e9n causaron una reducci\u00f3n dr\u00e1stica en la poblaci\u00f3n.<\/p>\n<\/p><\/div>\n<p><\/p>\n","protected":false},"excerpt":{"rendered":"<p>C\u00f3rdoba Espl\u00e9ndida capital del reino musulm\u00e1n en Espa\u00f1a y uno de los centros culturales m\u00e1s importantes de la Europa medieval, C\u00f3rdoba no conoci\u00f3 tanta gloria en \u00e9poca moderna. Su falta de adhesi\u00f3n a la revuelta de los Comuneros, subray\u00f3 la lealtad a un joven monarca&hellip;<\/p>\n","protected":false},"author":1,"featured_media":0,"parent":0,"menu_order":0,"comment_status":"closed","ping_status":"closed","template":"","meta":{"footnotes":""},"class_list":["post-7548","page","type-page","status-publish","hentry"],"_links":{"self":[{"href":"https:\/\/digitalhistory.unite.it\/es\/wp-json\/wp\/v2\/pages\/7548","targetHints":{"allow":["GET"]}}],"collection":[{"href":"https:\/\/digitalhistory.unite.it\/es\/wp-json\/wp\/v2\/pages"}],"about":[{"href":"https:\/\/digitalhistory.unite.it\/es\/wp-json\/wp\/v2\/types\/page"}],"author":[{"embeddable":true,"href":"https:\/\/digitalhistory.unite.it\/es\/wp-json\/wp\/v2\/users\/1"}],"replies":[{"embeddable":true,"href":"https:\/\/digitalhistory.unite.it\/es\/wp-json\/wp\/v2\/comments?post=7548"}],"version-history":[{"count":2,"href":"https:\/\/digitalhistory.unite.it\/es\/wp-json\/wp\/v2\/pages\/7548\/revisions"}],"predecessor-version":[{"id":11838,"href":"https:\/\/digitalhistory.unite.it\/es\/wp-json\/wp\/v2\/pages\/7548\/revisions\/11838"}],"wp:attachment":[{"href":"https:\/\/digitalhistory.unite.it\/es\/wp-json\/wp\/v2\/media?parent=7548"}],"curies":[{"name":"wp","href":"https:\/\/api.w.org\/{rel}","templated":true}]}}