{"id":7549,"date":"2021-08-20T00:04:41","date_gmt":"2021-08-19T22:04:41","guid":{"rendered":"https:\/\/digitalhistory.unite.it\/burgos\/"},"modified":"2021-11-23T17:45:14","modified_gmt":"2021-11-23T16:45:14","slug":"burgos","status":"publish","type":"page","link":"https:\/\/digitalhistory.unite.it\/es\/territorios\/itinerarios-regionales\/plazas-mayores\/otros-ejemplos-burgos-y-plasencia\/burgos\/","title":{"rendered":"Burgos"},"content":{"rendered":"<h1>Burgos <\/h1>\n<div class=\"testo\">\n<p style=\"text-align: justify\"><img loading=\"lazy\" decoding=\"async\" src=\"https:\/\/digitalhistory.unite.it\/wp-content\/uploads\/2021\/08\/catedral_de_burgos__fileminimizer__250x167.jpg\" width=\"250\" height=\"167\" alt=\"Burgos\" align=\"left\">Las primeras noticias de la ciudad castellana de Burgos se remontan al siglo IX, en medio de la dominaci\u00f3n musulmana en la Pen\u00ednsula Ib\u00e9rica. Ya capital del condado de Castilla, se convirti\u00f3 en la capital del reino de Castilla desde 1038 y hasta 1085, a\u00f1o de la reconquista cristiana de Toledo. En la edad moderna, experiment\u00f3 un per\u00edodo de comercio floreciente, gracias a su favorable posici\u00f3n geogr\u00e1fica durante el siglo XVI. En las Cortes (la Asamblea Parlamentaria del Reino de Castilla) celebradas en Burgos en 1515 tambi\u00e9n se formaliz\u00f3 la incorporaci\u00f3n del reino de Navarra al reino de Castilla. Al igual que muchos otros centros de la pen\u00ednsula, Burgos tambi\u00e9n experiment\u00f3 un periodo de grave crisis en el siglo XVII, que formaba parte de la crisis econ\u00f3mica m\u00e1s general, debido principalmente a la gran cantidad de recursos para financiar las guerras europeas de la monarqu\u00eda de los Habsburgo. La plaga golpe\u00f3 varias veces la poblaci\u00f3n, diezm\u00e1ndola seriamente. La recuperaci\u00f3n de la ciudad s\u00f3lo se inici\u00f3 a finales del siglo XVIII.<\/p>\n<\/p><\/div>\n<p><\/p>\n","protected":false},"excerpt":{"rendered":"<p>Burgos Las primeras noticias de la ciudad castellana de Burgos se remontan al siglo IX, en medio de la dominaci\u00f3n musulmana en la Pen\u00ednsula Ib\u00e9rica. Ya capital del condado de Castilla, se convirti\u00f3 en la capital del reino de Castilla desde 1038 y hasta 1085,&hellip;<\/p>\n","protected":false},"author":1,"featured_media":0,"parent":6692,"menu_order":0,"comment_status":"closed","ping_status":"closed","template":"","meta":{"footnotes":""},"class_list":["post-7549","page","type-page","status-publish","hentry"],"_links":{"self":[{"href":"https:\/\/digitalhistory.unite.it\/es\/wp-json\/wp\/v2\/pages\/7549","targetHints":{"allow":["GET"]}}],"collection":[{"href":"https:\/\/digitalhistory.unite.it\/es\/wp-json\/wp\/v2\/pages"}],"about":[{"href":"https:\/\/digitalhistory.unite.it\/es\/wp-json\/wp\/v2\/types\/page"}],"author":[{"embeddable":true,"href":"https:\/\/digitalhistory.unite.it\/es\/wp-json\/wp\/v2\/users\/1"}],"replies":[{"embeddable":true,"href":"https:\/\/digitalhistory.unite.it\/es\/wp-json\/wp\/v2\/comments?post=7549"}],"version-history":[{"count":2,"href":"https:\/\/digitalhistory.unite.it\/es\/wp-json\/wp\/v2\/pages\/7549\/revisions"}],"predecessor-version":[{"id":12074,"href":"https:\/\/digitalhistory.unite.it\/es\/wp-json\/wp\/v2\/pages\/7549\/revisions\/12074"}],"up":[{"embeddable":true,"href":"https:\/\/digitalhistory.unite.it\/es\/wp-json\/wp\/v2\/pages\/6692"}],"wp:attachment":[{"href":"https:\/\/digitalhistory.unite.it\/es\/wp-json\/wp\/v2\/media?parent=7549"}],"curies":[{"name":"wp","href":"https:\/\/api.w.org\/{rel}","templated":true}]}}