{"id":7550,"date":"2021-08-20T00:04:41","date_gmt":"2021-08-19T22:04:41","guid":{"rendered":"https:\/\/digitalhistory.unite.it\/plasencia\/"},"modified":"2021-11-23T17:45:14","modified_gmt":"2021-11-23T16:45:14","slug":"plasencia","status":"publish","type":"page","link":"https:\/\/digitalhistory.unite.it\/es\/territorios\/itinerarios-regionales\/plazas-mayores\/otros-ejemplos-burgos-y-plasencia\/plasencia\/","title":{"rendered":"Plasencia"},"content":{"rendered":"<h1>Plasencia <\/h1>\n<div class=\"testo\">\n<p style=\"text-align: justify\"><img loading=\"lazy\" decoding=\"async\" src=\"https:\/\/digitalhistory.unite.it\/wp-content\/uploads\/2021\/08\/plasencia-view-1__fileminimizer__341x171.jpg\" width=\"341\" height=\"171\" alt=\"Plasencia\" align=\"left\">Plasencia, que hoy es parte de la provincia de C\u00e1ceres, fue fundada en 1186 por Alfonso VIII de Castilla, despu\u00e9s de haber quitado el territorio al dominio musulm\u00e1n. Elegida di\u00f3cesis en 1188, Plasencia comenz\u00f3 un largo per\u00edodo de expansi\u00f3n econ\u00f3mica y demogr\u00e1fica en el siglo XIII. En 1442 la ciudad se convirti\u00f3 en un feudo de los Z\u00fa\u00f1iga, que consiguieron el t\u00edtulo de condes. Con un papel importante en las luchas din\u00e1sticas que sacudieron a las Cortes de Castilla del siglo XV, Plasencia en 1488 recuper\u00f3 su condici\u00f3n de ciudad libre gracias al apoyo de los Reyes Cat\u00f3licos, quit\u00e1ndose as\u00ed del dominio de los Z\u00fa\u00f1iga. En 1515, Fernando II de Arag\u00f3n vivi\u00f3 los \u00faltimos meses de vida en Plasencia, por consejo de los m\u00e9dicos. Despu\u00e9s de participar en la revuelta de los Comuneros (1520-1521), la ciudad experiment\u00f3 un per\u00edodo de prosperidad en el siglo XVI, durante el cual se construyeron monumentos como la Catedral Nueva, el acueducto y el palacio del Marqu\u00e9s de Mirabel. La crisis del siglo XVII, com\u00fan en toda Castilla, fue debida a las guerras, a las epidemias de peste y tambi\u00e9n al decreto de expulsi\u00f3n de los Moriscos, que privaron a la ciudad de una parte importante de su poblaci\u00f3n. De este periodo es el retablo mayor de la Catedral Nueva, una de las primeras obras del barroco espa\u00f1ol. Durante la Guerra de Sucesi\u00f3n espa\u00f1ola (1701-1713), Plasencia fue ocupada por las tropas de Carlos de Habsburgo hasta 1706.<\/p>\n<\/p><\/div>\n<p><\/p>\n","protected":false},"excerpt":{"rendered":"<p>Plasencia Plasencia, que hoy es parte de la provincia de C\u00e1ceres, fue fundada en 1186 por Alfonso VIII de Castilla, despu\u00e9s de haber quitado el territorio al dominio musulm\u00e1n. Elegida di\u00f3cesis en 1188, Plasencia comenz\u00f3 un largo per\u00edodo de expansi\u00f3n econ\u00f3mica y demogr\u00e1fica en el&hellip;<\/p>\n","protected":false},"author":1,"featured_media":0,"parent":6692,"menu_order":0,"comment_status":"closed","ping_status":"closed","template":"","meta":{"footnotes":""},"class_list":["post-7550","page","type-page","status-publish","hentry"],"_links":{"self":[{"href":"https:\/\/digitalhistory.unite.it\/es\/wp-json\/wp\/v2\/pages\/7550","targetHints":{"allow":["GET"]}}],"collection":[{"href":"https:\/\/digitalhistory.unite.it\/es\/wp-json\/wp\/v2\/pages"}],"about":[{"href":"https:\/\/digitalhistory.unite.it\/es\/wp-json\/wp\/v2\/types\/page"}],"author":[{"embeddable":true,"href":"https:\/\/digitalhistory.unite.it\/es\/wp-json\/wp\/v2\/users\/1"}],"replies":[{"embeddable":true,"href":"https:\/\/digitalhistory.unite.it\/es\/wp-json\/wp\/v2\/comments?post=7550"}],"version-history":[{"count":2,"href":"https:\/\/digitalhistory.unite.it\/es\/wp-json\/wp\/v2\/pages\/7550\/revisions"}],"predecessor-version":[{"id":12075,"href":"https:\/\/digitalhistory.unite.it\/es\/wp-json\/wp\/v2\/pages\/7550\/revisions\/12075"}],"up":[{"embeddable":true,"href":"https:\/\/digitalhistory.unite.it\/es\/wp-json\/wp\/v2\/pages\/6692"}],"wp:attachment":[{"href":"https:\/\/digitalhistory.unite.it\/es\/wp-json\/wp\/v2\/media?parent=7550"}],"curies":[{"name":"wp","href":"https:\/\/api.w.org\/{rel}","templated":true}]}}