{"id":7552,"date":"2021-08-20T00:04:41","date_gmt":"2021-08-19T22:04:41","guid":{"rendered":"https:\/\/digitalhistory.unite.it\/barbara-de-braganza\/"},"modified":"2021-11-23T15:29:06","modified_gmt":"2021-11-23T14:29:06","slug":"barbara-de-braganza","status":"publish","type":"page","link":"https:\/\/digitalhistory.unite.it\/es\/territorios\/itinerarios-regionales\/organos\/organo-de-santa-barbara\/barbara-de-braganza\/","title":{"rendered":"B\u00e1rbara de Braganza"},"content":{"rendered":"<h1>B\u00e1rbara de Braganza <\/h1>\n<div class=\"testo\">\n<p style=\"text-align: justify\">B\u00e1rbara de Braganza fu&nbsp;reina consorte de Espa\u00f1a, esposa del monarca Fernando VI. Naci\u00f3 en Lisboa en 1711, siendo hija del monarca portugu\u00e9s Juan V y de Mar\u00eda Ana de Austria. En 1729 se espos\u00f3 con el pr\u00edncipe Fernando, luego despu\u00e9s rey de Espa\u00f1a durante los a\u00f1os 1746-1759. La buena educaci\u00f3n que recibi\u00f3 en Lisboa quiso continuarla siendo una reina de Espa\u00f1a que destac\u00f3 por su gusto por la m\u00fasica, el arte y la literatura. En este sentido, fue mecenas del cantante napolitano Farinelli y fue la benefactora de un colegio-residencia, el convento de las Salesas Reales, que sirvi\u00f3 para educar a las j\u00f3venes de la nobleza, cuya Iglesia hoy es la de Santa B\u00e1rbara. Falleci\u00f3 en el a\u00f1o 1758.<\/p>\n<\/p><\/div>\n<p><\/p>\n","protected":false},"excerpt":{"rendered":"<p>B\u00e1rbara de Braganza B\u00e1rbara de Braganza fu&nbsp;reina consorte de Espa\u00f1a, esposa del monarca Fernando VI. Naci\u00f3 en Lisboa en 1711, siendo hija del monarca portugu\u00e9s Juan V y de Mar\u00eda Ana de Austria. En 1729 se espos\u00f3 con el pr\u00edncipe Fernando, luego despu\u00e9s rey de&hellip;<\/p>\n","protected":false},"author":1,"featured_media":0,"parent":6694,"menu_order":0,"comment_status":"closed","ping_status":"closed","template":"","meta":{"footnotes":""},"class_list":["post-7552","page","type-page","status-publish","hentry"],"_links":{"self":[{"href":"https:\/\/digitalhistory.unite.it\/es\/wp-json\/wp\/v2\/pages\/7552","targetHints":{"allow":["GET"]}}],"collection":[{"href":"https:\/\/digitalhistory.unite.it\/es\/wp-json\/wp\/v2\/pages"}],"about":[{"href":"https:\/\/digitalhistory.unite.it\/es\/wp-json\/wp\/v2\/types\/page"}],"author":[{"embeddable":true,"href":"https:\/\/digitalhistory.unite.it\/es\/wp-json\/wp\/v2\/users\/1"}],"replies":[{"embeddable":true,"href":"https:\/\/digitalhistory.unite.it\/es\/wp-json\/wp\/v2\/comments?post=7552"}],"version-history":[{"count":2,"href":"https:\/\/digitalhistory.unite.it\/es\/wp-json\/wp\/v2\/pages\/7552\/revisions"}],"predecessor-version":[{"id":12082,"href":"https:\/\/digitalhistory.unite.it\/es\/wp-json\/wp\/v2\/pages\/7552\/revisions\/12082"}],"up":[{"embeddable":true,"href":"https:\/\/digitalhistory.unite.it\/es\/wp-json\/wp\/v2\/pages\/6694"}],"wp:attachment":[{"href":"https:\/\/digitalhistory.unite.it\/es\/wp-json\/wp\/v2\/media?parent=7552"}],"curies":[{"name":"wp","href":"https:\/\/api.w.org\/{rel}","templated":true}]}}