{"id":7553,"date":"2021-08-20T00:04:41","date_gmt":"2021-08-19T22:04:41","guid":{"rendered":"https:\/\/digitalhistory.unite.it\/carlo-broschi-farinelli\/"},"modified":"2021-11-23T17:45:14","modified_gmt":"2021-11-23T16:45:14","slug":"carlo-broschi-farinelli","status":"publish","type":"page","link":"https:\/\/digitalhistory.unite.it\/es\/territorios\/itinerarios-regionales\/organos\/organo-de-santa-barbara\/carlo-broschi-farinelli\/","title":{"rendered":"Carlo Broschi Farinelli"},"content":{"rendered":"<h1>Carlo Broschi Farinelli <\/h1>\n<div class=\"testo\">\n<p style=\"text-align: justify\">Carlo Broschi Farinelli fue un&nbsp;cantante napolitano de gran popularidad en el sur de N\u00e1poles y en la corte madrile\u00f1a de tiempos de Felipe V y de su hijo Fernando VI. Naci\u00f3 en 1705 y siendo ni\u00f1o fue castrado, lo que le permiti\u00f3 mantener su voz de soprano a lo largo de toda su vida. En N\u00e1poles pas\u00f3 su etapa de formaci\u00f3n en los conservatorios. Cosech\u00f3 grandes \u00e9xitos actuando en diversas ciudades de Europa como Londres, Mil\u00e1n, Viena, etc. En Espa\u00f1a tuvo gran influencia sobre la reina B\u00e1rbara de Braganza, esposa de Fernando VI, quien fue muy aficionada a la m\u00fasica. Tambi\u00e9n intervino en algunas cuestiones pol\u00edticas pero su gran cometido en la corte madrile\u00f1a fue el de preparar el entretenimiento y el ceremonial, favoreciendo el gusto por la \u00f3pera italiana. Sin embargo, cay\u00f3 en desgracia cuando Carlos III lleg\u00f3 de N\u00e1poles como nuevo monarca espa\u00f1ol, lo que le llev\u00f3 a retirarse a Bolonia, donde falleci\u00f3 en 1782.<\/p>\n<\/p><\/div>\n<p><\/p>\n","protected":false},"excerpt":{"rendered":"<p>Carlo Broschi Farinelli Carlo Broschi Farinelli fue un&nbsp;cantante napolitano de gran popularidad en el sur de N\u00e1poles y en la corte madrile\u00f1a de tiempos de Felipe V y de su hijo Fernando VI. Naci\u00f3 en 1705 y siendo ni\u00f1o fue castrado, lo que le permiti\u00f3&hellip;<\/p>\n","protected":false},"author":1,"featured_media":0,"parent":6694,"menu_order":0,"comment_status":"closed","ping_status":"closed","template":"","meta":{"footnotes":""},"class_list":["post-7553","page","type-page","status-publish","hentry"],"_links":{"self":[{"href":"https:\/\/digitalhistory.unite.it\/es\/wp-json\/wp\/v2\/pages\/7553","targetHints":{"allow":["GET"]}}],"collection":[{"href":"https:\/\/digitalhistory.unite.it\/es\/wp-json\/wp\/v2\/pages"}],"about":[{"href":"https:\/\/digitalhistory.unite.it\/es\/wp-json\/wp\/v2\/types\/page"}],"author":[{"embeddable":true,"href":"https:\/\/digitalhistory.unite.it\/es\/wp-json\/wp\/v2\/users\/1"}],"replies":[{"embeddable":true,"href":"https:\/\/digitalhistory.unite.it\/es\/wp-json\/wp\/v2\/comments?post=7553"}],"version-history":[{"count":2,"href":"https:\/\/digitalhistory.unite.it\/es\/wp-json\/wp\/v2\/pages\/7553\/revisions"}],"predecessor-version":[{"id":12083,"href":"https:\/\/digitalhistory.unite.it\/es\/wp-json\/wp\/v2\/pages\/7553\/revisions\/12083"}],"up":[{"embeddable":true,"href":"https:\/\/digitalhistory.unite.it\/es\/wp-json\/wp\/v2\/pages\/6694"}],"wp:attachment":[{"href":"https:\/\/digitalhistory.unite.it\/es\/wp-json\/wp\/v2\/media?parent=7553"}],"curies":[{"name":"wp","href":"https:\/\/api.w.org\/{rel}","templated":true}]}}