{"id":7554,"date":"2021-08-20T00:04:41","date_gmt":"2021-08-19T22:04:41","guid":{"rendered":"https:\/\/digitalhistory.unite.it\/catedral-de-getafe\/"},"modified":"2021-11-23T15:28:50","modified_gmt":"2021-11-23T14:28:50","slug":"catedral-de-getafe","status":"publish","type":"page","link":"https:\/\/digitalhistory.unite.it\/es\/temas\/iglesias\/catedral-de-getafe\/","title":{"rendered":"Catedral de Getafe"},"content":{"rendered":"<h1>Catedral de Getafe <\/h1>\n<div class=\"testo\">\n<p style=\"text-align: justify\">[english version]&nbsp;&nbsp; [<a href=\"\/temi\/chiese\/cattedrale-di-getafe\/\" title=\"Cattedrale di Getafe\">italian version<\/a>]<\/p>\n<p style=\"text-align: justify\">Era la antigua Iglesia de Santa Mar\u00eda Magdalena, no obstante, desde 1991, se elev\u00f3 a catedral y sede de la di\u00f3cesis de Getafe (<a href=\"\/es\/territorios\/itinerarios-urbanos\/valladolid\/iglesia-de-san-pablo\/madrid\/\" title=\"Madrid\">Madrid<\/a>).<\/p>\n<p style=\"text-align: justify\"><img loading=\"lazy\" decoding=\"async\" src=\"https:\/\/digitalhistory.unite.it\/wp-content\/uploads\/2021\/08\/catedralgetafe1_217x333.jpg\" width=\"217\" height=\"333\" alt=\"Getafe1\" align=\"left\">Su construcci\u00f3n comenz\u00f3 en el a\u00f1o 1549 sobre una antigua iglesia mud\u00e9jar del siglo XIV, que al quedarse peque\u00f1a por el aumento de poblaci\u00f3n, se derrib\u00f3 y construy\u00f3 otra, la que hoy admiramos, cuyas obras finalizaron en el a\u00f1o 1770. El arzobispo de Toledo, <a href=\"\/es\/temas\/iglesias\/catedral-de-getafe\/juan-martinez-siliceo\/\" title=\"Juan Mart\u00ednez Sil\u00edceo\">Juan Mart\u00ednez Sil\u00edceo<\/a>, orden\u00f3 levantar este templo a mediados del siglo XVI sobre los planos del arquitecto <a href=\"#\" class=\"tooltip yellow-tooltip\">Alonso de Covarrubias<span>Alonso de Covarrubias (1488-1570) fue uno de los arquitectos m\u00e1s importantes del segundo tercio del siglo XVI. Intervino en los planos de la nueva catedral de Salamanca y en la capilla de los Reyes Nuevos de la catedral toledana. No obstante se le reconoce por ser el encargado de la mayor\u00eda de los grandes edificios de Toledo desde que en 1534 fue nombrado Maestro de Obras de la Catedral de Toledo y de su Di\u00f3cesis.<\/span><\/a>. Un siglo m\u00e1s tarde el edificio amenazaba con derrumbarse, por lo que <a href=\"\/es\/territorios\/itinerarios-urbanos\/alcala\/universidad-complutense\/juan-gomez-de-mora\/\" title=\"Juan G\u00f3mez de Mora\">Juan G\u00f3mez de Mora<\/a>, arquitecto Mayor de <a href=\"\/es\/territorios\/itinerarios-urbanos\/valladolid\/iglesia-de-san-pablo\/felipe-iv\/\" title=\"Felipe IV\">Felipe IV<\/a>, en 1622, se encarg\u00f3 de reformarlo, derribando todo excepto la torre, el crucero y la cabecera. Las obras continuaron hasta que en 1770 se realizaba la nueva fachada. A principios del siglo XXI se inici\u00f3 una campa\u00f1a de restauraci\u00f3n de todo el edificio que hoy es declarado Monumento Hist\u00f3rico Art\u00edstico&nbsp;(foto 1).<\/p>\n<p style=\"text-align: justify\">&nbsp;<\/p>\n<p style=\"text-align: justify\">&nbsp;<\/p>\n<p style=\"text-align: justify\">&nbsp;<\/p>\n<p style=\"text-align: justify\"><img loading=\"lazy\" decoding=\"async\" src=\"https:\/\/digitalhistory.unite.it\/wp-content\/uploads\/2021\/08\/catedralgetafe2_215x143.jpg\" width=\"215\" height=\"143\" alt=\"Getafe2\" align=\"left\">En el exterior destaca la torre de ladrillo de base cuadrada con el estilo cl\u00e1sico de los chapiteles de pizarra del Madrid de \u00e9poca de los Austrias. Ya en el interior de la iglesia, que es donde destaca el estilo Barroco, se divide en tres naves separadas por grandes columnas que soportan arcos de medio punto. La nave central, tal y como plante\u00f3 Juan G\u00f3mez de Mora, contiene b\u00f3vedas va\u00eddas, y los laterales b\u00f3vedas de ca\u00f1\u00f3n. En el crucero se alza una gran c\u00fapula con pinturas al fresco del siglo XVIII (foto 2). Sin duda, es preciso destacar el Retablo Mayor de la catedral que es de estilo Barroco: se realiz\u00f3 durante los a\u00f1os 1612-1618, siendo obra de <a href=\"\/es\/temas\/iglesias\/catedral-de-getafe\/alonso-carbonel\/\" title=\"Alonso Carbonel\">Alonso Carbonel<\/a> que fue quien dio las trazas. Est\u00e1 realizado en madera dorada y policromada y se compone de hornacinas que contienen mezcla de pinturas y esculturas barrocas. Las pinturas de tema religioso datan de mediados del siglo XVII y la escultura principal es la de Santa Mar\u00eda Magdalena que se sit\u00faa en el centro del retablo. Existen en las naves laterales otros retablos de estilo barroco de gran valor art\u00edstico.<\/p>\n<p style=\"text-align: justify\"><a href=\"\/es\/temas\/iglesias\/\" title=\"Iglesias\">&lt;&lt;&lt;&#8212;\u00cdndice<\/a><\/p>\n<\/p><\/div>\n<p><\/p>\n","protected":false},"excerpt":{"rendered":"<p>Catedral de Getafe [english version]&nbsp;&nbsp; [italian version] Era la antigua Iglesia de Santa Mar\u00eda Magdalena, no obstante, desde 1991, se elev\u00f3 a catedral y sede de la di\u00f3cesis de Getafe (Madrid). Su construcci\u00f3n comenz\u00f3 en el a\u00f1o 1549 sobre una antigua iglesia mud\u00e9jar del siglo&hellip;<\/p>\n","protected":false},"author":1,"featured_media":0,"parent":5913,"menu_order":0,"comment_status":"closed","ping_status":"closed","template":"","meta":{"footnotes":""},"class_list":["post-7554","page","type-page","status-publish","hentry"],"_links":{"self":[{"href":"https:\/\/digitalhistory.unite.it\/es\/wp-json\/wp\/v2\/pages\/7554","targetHints":{"allow":["GET"]}}],"collection":[{"href":"https:\/\/digitalhistory.unite.it\/es\/wp-json\/wp\/v2\/pages"}],"about":[{"href":"https:\/\/digitalhistory.unite.it\/es\/wp-json\/wp\/v2\/types\/page"}],"author":[{"embeddable":true,"href":"https:\/\/digitalhistory.unite.it\/es\/wp-json\/wp\/v2\/users\/1"}],"replies":[{"embeddable":true,"href":"https:\/\/digitalhistory.unite.it\/es\/wp-json\/wp\/v2\/comments?post=7554"}],"version-history":[{"count":2,"href":"https:\/\/digitalhistory.unite.it\/es\/wp-json\/wp\/v2\/pages\/7554\/revisions"}],"predecessor-version":[{"id":11909,"href":"https:\/\/digitalhistory.unite.it\/es\/wp-json\/wp\/v2\/pages\/7554\/revisions\/11909"}],"up":[{"embeddable":true,"href":"https:\/\/digitalhistory.unite.it\/es\/wp-json\/wp\/v2\/pages\/5913"}],"wp:attachment":[{"href":"https:\/\/digitalhistory.unite.it\/es\/wp-json\/wp\/v2\/media?parent=7554"}],"curies":[{"name":"wp","href":"https:\/\/api.w.org\/{rel}","templated":true}]}}