{"id":7555,"date":"2021-08-20T00:04:41","date_gmt":"2021-08-19T22:04:41","guid":{"rendered":"https:\/\/digitalhistory.unite.it\/jose-benito-de-churriguera\/"},"modified":"2021-11-23T17:45:14","modified_gmt":"2021-11-23T16:45:14","slug":"jose-benito-de-churriguera","status":"publish","type":"page","link":"https:\/\/digitalhistory.unite.it\/es\/territorios\/itinerarios-regionales\/organos\/organo-churrigueresco\/jose-benito-de-churriguera\/","title":{"rendered":"Jos\u00e9 Benito de Churriguera"},"content":{"rendered":"<h1>Jos\u00e9 Benito de Churriguera <\/h1>\n<div class=\"testo\">\n<p style=\"text-align: justify\">Jos\u00e9 Benito de Churriguera (1665-1725) fue un&nbsp;reconocido retablista y arquitecto del barroco espa\u00f1ol. Trabaj\u00f3 la mayor parte de su vida en Madrid, siendo nombrado arquitecto de la corte por Carlos II. A \u00e9l se debe el &#8220;estilo churrigueresco&#8221; que se caracterizaba por un exceso de elementos decorativos (tal exageraci\u00f3n ornamental caracteriz\u00f3 a la \u00faltima etapa del barroco), extendi\u00e9ndose a finales del siglo XVII y principios del XVIII por toda Espa\u00f1a y Am\u00e9rica. Fue autor de importantes retablos como el de la Catedral de Segovia (1689), el del convento dominico de San Esteban en Salamanca (1692), que contienen columnas salom\u00f3nicas de gran dinamismo.<\/p>\n<\/div>\n","protected":false},"excerpt":{"rendered":"<p>Jos\u00e9 Benito de Churriguera Jos\u00e9 Benito de Churriguera (1665-1725) fue un&nbsp;reconocido retablista y arquitecto del barroco espa\u00f1ol. Trabaj\u00f3 la mayor parte de su vida en Madrid, siendo nombrado arquitecto de la corte por Carlos II. A \u00e9l se debe el &#8220;estilo churrigueresco&#8221; que se caracterizaba&hellip;<\/p>\n","protected":false},"author":1,"featured_media":0,"parent":6696,"menu_order":0,"comment_status":"closed","ping_status":"closed","template":"","meta":{"footnotes":""},"class_list":["post-7555","page","type-page","status-publish","hentry"],"_links":{"self":[{"href":"https:\/\/digitalhistory.unite.it\/es\/wp-json\/wp\/v2\/pages\/7555","targetHints":{"allow":["GET"]}}],"collection":[{"href":"https:\/\/digitalhistory.unite.it\/es\/wp-json\/wp\/v2\/pages"}],"about":[{"href":"https:\/\/digitalhistory.unite.it\/es\/wp-json\/wp\/v2\/types\/page"}],"author":[{"embeddable":true,"href":"https:\/\/digitalhistory.unite.it\/es\/wp-json\/wp\/v2\/users\/1"}],"replies":[{"embeddable":true,"href":"https:\/\/digitalhistory.unite.it\/es\/wp-json\/wp\/v2\/comments?post=7555"}],"version-history":[{"count":2,"href":"https:\/\/digitalhistory.unite.it\/es\/wp-json\/wp\/v2\/pages\/7555\/revisions"}],"predecessor-version":[{"id":12085,"href":"https:\/\/digitalhistory.unite.it\/es\/wp-json\/wp\/v2\/pages\/7555\/revisions\/12085"}],"up":[{"embeddable":true,"href":"https:\/\/digitalhistory.unite.it\/es\/wp-json\/wp\/v2\/pages\/6696"}],"wp:attachment":[{"href":"https:\/\/digitalhistory.unite.it\/es\/wp-json\/wp\/v2\/media?parent=7555"}],"curies":[{"name":"wp","href":"https:\/\/api.w.org\/{rel}","templated":true}]}}