{"id":7558,"date":"2021-08-20T00:04:41","date_gmt":"2021-08-19T22:04:41","guid":{"rendered":"https:\/\/digitalhistory.unite.it\/siracusa\/"},"modified":"2021-11-23T17:45:10","modified_gmt":"2021-11-23T16:45:10","slug":"siracusa","status":"publish","type":"page","link":"https:\/\/digitalhistory.unite.it\/es\/siracusa\/","title":{"rendered":"Siracusa"},"content":{"rendered":"<h1>Siracusa <\/h1>\n<div class=\"testo\">\n<p style=\"text-align: justify\"><img loading=\"lazy\" decoding=\"async\" src=\"https:\/\/digitalhistory.unite.it\/wp-content\/uploads\/2021\/08\/duomo_siracusa_227x340.jpg\" width=\"227\" height=\"340\" alt=\"Siracusa\" align=\"left\">La regi\u00f3n donde se encuentra la actual Siracusa fue habitada por diversos pueblos desde la prehistoria. Los primeros griegos, provenientes de Corinto, llegaron en el siglo VIII a. C. y en poco tiempo dieron vida a una ciudad grande, pr\u00f3spera y poderosa. Hasta la conquista romana, en el siglo III a.C., Siracusa pas\u00f3 por varios gobiernos tir\u00e1nicos y reg\u00edmenes democr\u00e1ticos temporales, convirti\u00e9ndose en un punto de referencia para escritores, poetas, fil\u00f3sofos y tr\u00e1gicos. Fue aliada de Esparta en la guerra del Peloponeso. Plat\u00f3n plante\u00f3 fundar en Siracusa su Rep\u00fablica ideal. El matem\u00e1tico e inventor Arqu\u00edmedes, natural de Siracusa, muri\u00f3 durante el asedio de los romanos en el 212 a.C. La ciudad perdi\u00f3 gran parte de su poder y de su prestigio durante el largo dominio romano (siglo III a.C.- V. d.C.), pero emergi\u00f3 como uno de los primeros centros de la difusi\u00f3n de la religi\u00f3n cristiana en Occidente. Despu\u00e9s de la ca\u00edda del Imperio Romano, Siracusa pas\u00f3, como todo el conjunto de Sicilia, por varias dominaciones en \u00e9poca medieval y moderna: v\u00e1ndalos, ostrogodos, bizantinos, \u00e1rabes, normandos, suevos, angevinos, aragoneses y espa\u00f1oles. En 1693, tras el desastroso terremoto que afect\u00f3 fuertemente el sudeste de Sicilia, la ciudad fue reconstruida en un estilo barroco que hoy sigue caracterizando su centro hist\u00f3rico. Tras el breve par\u00e9ntesis de los Saboya y de los Austrias, Siracusa y Sicilia quedaron bajo el control de los Borbones a partir de 1734. (foto: el Duomo de Siracusa, reestructurado en estilo barroco despu\u00e9s del terromoto de 1693)<\/p>\n<p style=\"text-align: justify\">Para leer m\u00e1s:<\/p>\n<ul>\n<li>\n<div style=\"text-align: justify\">F.F. Gallo, <em>Siracusa barocca. Politica e cultura nell&#8217;et\u00e0 spagnola (secoli XVI-XVII)<\/em>, Roma 2008.<\/div>\n<\/li>\n<\/ul><\/div>\n<p><\/p>\n","protected":false},"excerpt":{"rendered":"<p>Siracusa La regi\u00f3n donde se encuentra la actual Siracusa fue habitada por diversos pueblos desde la prehistoria. Los primeros griegos, provenientes de Corinto, llegaron en el siglo VIII a. C. y en poco tiempo dieron vida a una ciudad grande, pr\u00f3spera y poderosa. Hasta la&hellip;<\/p>\n","protected":false},"author":1,"featured_media":0,"parent":0,"menu_order":0,"comment_status":"closed","ping_status":"closed","template":"","meta":{"footnotes":""},"class_list":["post-7558","page","type-page","status-publish","hentry"],"_links":{"self":[{"href":"https:\/\/digitalhistory.unite.it\/es\/wp-json\/wp\/v2\/pages\/7558","targetHints":{"allow":["GET"]}}],"collection":[{"href":"https:\/\/digitalhistory.unite.it\/es\/wp-json\/wp\/v2\/pages"}],"about":[{"href":"https:\/\/digitalhistory.unite.it\/es\/wp-json\/wp\/v2\/types\/page"}],"author":[{"embeddable":true,"href":"https:\/\/digitalhistory.unite.it\/es\/wp-json\/wp\/v2\/users\/1"}],"replies":[{"embeddable":true,"href":"https:\/\/digitalhistory.unite.it\/es\/wp-json\/wp\/v2\/comments?post=7558"}],"version-history":[{"count":2,"href":"https:\/\/digitalhistory.unite.it\/es\/wp-json\/wp\/v2\/pages\/7558\/revisions"}],"predecessor-version":[{"id":11859,"href":"https:\/\/digitalhistory.unite.it\/es\/wp-json\/wp\/v2\/pages\/7558\/revisions\/11859"}],"wp:attachment":[{"href":"https:\/\/digitalhistory.unite.it\/es\/wp-json\/wp\/v2\/media?parent=7558"}],"curies":[{"name":"wp","href":"https:\/\/api.w.org\/{rel}","templated":true}]}}