{"id":7559,"date":"2021-08-20T00:04:41","date_gmt":"2021-08-19T22:04:41","guid":{"rendered":"https:\/\/digitalhistory.unite.it\/reino-de-sicilia\/"},"modified":"2021-11-23T15:28:57","modified_gmt":"2021-11-23T14:28:57","slug":"reino-de-sicilia","status":"publish","type":"page","link":"https:\/\/digitalhistory.unite.it\/es\/territorios\/itinerarios-internacionales\/estatuas-ecuestres-de-reyes-espanoles\/las-estatuas-ecuestres-y-la-monarquia-espanola\/reino-de-sicilia\/","title":{"rendered":"Reino de Sicilia"},"content":{"rendered":"<h1>Reino de Sicilia <\/h1>\n<div class=\"testo\">\n<p style=\"text-align: justify\"><img loading=\"lazy\" decoding=\"async\" src=\"https:\/\/digitalhistory.unite.it\/wp-content\/uploads\/2021\/08\/rimg0172_249x187.jpg\" width=\"249\" height=\"187\" alt=\"Palazzo Reale Palermo\" align=\"left\">El Reino de Sicilia naci\u00f3 como resultado de la conquista normanda de la isla, que con anterioridad estaba bajo el dominio \u00e1rabe. En 1130 Rogelio II de Hauteville (1095-1154) fue coronado rey en Palermo. Se cre\u00f3 as\u00ed un reino unitario que, adem\u00e1s de Sicilia, tambi\u00e9n inclu\u00eda el resto de la Italia meridional. A la dominaci\u00f3n normanda le sigui\u00f3 la de los Suevos y luego la de los Anjou, que termin\u00f3 con la famosa revuelta de las V\u00edsperas (31 de marzo 1282) y la guerra que le sigui\u00f3. A ra\u00edz de estos acontecimientos,la Isla fue gobernada por un miembro de la dinast\u00eda aragonesa (desde 1296), para despu\u00e9s entrar a formar parte del reino de Arag\u00f3n (1412). En 1442, los reinos de N\u00e1poles y Sicilia fueron reunificados por Alfonso V el Magn\u00e1nimo de Arag\u00f3n (1396-1458). La distinci\u00f3n nominal de las dos entidades estatales s\u00f3lo fue superada en 1816, con el nacimiento del Reino de las Dos Sicilias. Entre los siglos XV y XVII, primero bajo los aragoneses, y a continuaci\u00f3n como parte del imperio de Carlos V (1500-1558) y, por \u00faltimo, en el sistema de la monarqu\u00eda espa\u00f1ola inaugurado por Felipe II de Habsburgo (1527-1598), Sicilia fue gobernada por virreyes. Durante este periodo, y como reacci\u00f3n al estilo del gobierno espa\u00f1ol, hubo varios levantamientos, el m\u00e1s importante entre 1647 y 1649, cuando Palermo y gran parte de Sicilia se rebelaron contra el gobierno de Felipe IV (1605-1665). De 1674 a 1678, sin embargo, se consumi\u00f3 una revuelta anti-espa\u00f1ola en Messina. Despu\u00e9s de la muerte de Carlos II de Habsburgo (1661-1700) y la subsiguiente Guerra de Sucesi\u00f3n espa\u00f1ola (1701-1713), el Tratado de Utrecht (1713) marc\u00f3 el cambio de Sicilia que pas\u00f3 a manos de la dinast\u00eda de los duques de Saboya. Con la Paz de La Haya de 1720, Sicilia fue cedida a Austria. Despu\u00e9s de la reconquista por parte de la armada espa\u00f1ola (1734), N\u00e1poles y Sicilia pasaron a la dinast\u00eda de los Borbones con la Paz de Viena (1738), que marc\u00f3 las pautas para el establecimiento de un reino independiente. (foto: Palacio de los Normandos, sede del virrey en edad moderna)<\/p>\n<p style=\"text-align: justify\">Para leer m\u00e1s:<\/p>\n<ul>\n<li>\n<div style=\"text-align: justify\"><span><span>F. Benigno, G. Giarrizzo (a cura di), <em>Storia della Sicilia<\/em>, 5 voll., Roma 1999.<\/span><\/span><\/div>\n<\/li>\n<\/ul><\/div>\n<p><\/p>\n","protected":false},"excerpt":{"rendered":"<p>Reino de Sicilia El Reino de Sicilia naci\u00f3 como resultado de la conquista normanda de la isla, que con anterioridad estaba bajo el dominio \u00e1rabe. En 1130 Rogelio II de Hauteville (1095-1154) fue coronado rey en Palermo. Se cre\u00f3 as\u00ed un reino unitario que, adem\u00e1s&hellip;<\/p>\n","protected":false},"author":1,"featured_media":0,"parent":6704,"menu_order":0,"comment_status":"closed","ping_status":"closed","template":"","meta":{"footnotes":""},"class_list":["post-7559","page","type-page","status-publish","hentry"],"_links":{"self":[{"href":"https:\/\/digitalhistory.unite.it\/es\/wp-json\/wp\/v2\/pages\/7559","targetHints":{"allow":["GET"]}}],"collection":[{"href":"https:\/\/digitalhistory.unite.it\/es\/wp-json\/wp\/v2\/pages"}],"about":[{"href":"https:\/\/digitalhistory.unite.it\/es\/wp-json\/wp\/v2\/types\/page"}],"author":[{"embeddable":true,"href":"https:\/\/digitalhistory.unite.it\/es\/wp-json\/wp\/v2\/users\/1"}],"replies":[{"embeddable":true,"href":"https:\/\/digitalhistory.unite.it\/es\/wp-json\/wp\/v2\/comments?post=7559"}],"version-history":[{"count":2,"href":"https:\/\/digitalhistory.unite.it\/es\/wp-json\/wp\/v2\/pages\/7559\/revisions"}],"predecessor-version":[{"id":11989,"href":"https:\/\/digitalhistory.unite.it\/es\/wp-json\/wp\/v2\/pages\/7559\/revisions\/11989"}],"up":[{"embeddable":true,"href":"https:\/\/digitalhistory.unite.it\/es\/wp-json\/wp\/v2\/pages\/6704"}],"wp:attachment":[{"href":"https:\/\/digitalhistory.unite.it\/es\/wp-json\/wp\/v2\/media?parent=7559"}],"curies":[{"name":"wp","href":"https:\/\/api.w.org\/{rel}","templated":true}]}}