{"id":7560,"date":"2021-08-20T00:04:41","date_gmt":"2021-08-19T22:04:41","guid":{"rendered":"https:\/\/digitalhistory.unite.it\/catania\/"},"modified":"2021-11-23T17:45:14","modified_gmt":"2021-11-23T16:45:14","slug":"catania","status":"publish","type":"page","link":"https:\/\/digitalhistory.unite.it\/es\/territorios\/itinerarios-regionales\/guerra-de-santos\/vizzini\/catania\/","title":{"rendered":"Catania"},"content":{"rendered":"<h1>Catania <\/h1>\n<div class=\"testo\">\n<p style=\"text-align: justify\"><img loading=\"lazy\" decoding=\"async\" src=\"https:\/\/digitalhistory.unite.it\/wp-content\/uploads\/2021\/08\/piazza_del_duomo__catania__panorama_342x137.jpg\" width=\"342\" height=\"137\" alt=\"Catania\" align=\"left\">Fundada en el siglo VIII a. C. por colonos griegos provenientes de la regi\u00f3n de Eubea, Catania fue sometida al largo dominio de Siracusa, antes de ser conquistada, como toda Sicilia, por los Romanos. Santa \u00c1gata, patrona de la ciudad, fue uno de los m\u00e1rtires cristianos de la ciudad durante las persecuciones de Decio y Diocleciano. Con el paso de los siglos, Catania fue objeto de dominaci\u00f3n de diversos pueblos que conquistaron y gobernaron Sicilia, vivi\u00e9ndose \u00e9pocas de gran esplendor bajo los Normandos y los Aragoneses. Del reinado de Alfonso el Magn\u00e1nimo (1394-1458) data el nacimiento de la Universidad, la m\u00e1s antigua de la isla (1434). En edad moderna, Catania era&nbsp;un centro de importancia secundaria&nbsp;en la Sicilia espa\u00f1ola, gobernada por el virrey. Durante el siglo XVII, tambi\u00e9n se vio afectada por dos grandes cat\u00e1strofes naturales: en 1669 un gran flujo de lava del Etna invisti\u00f3 parte de la ciudad, mientras que en 1693 el terrible terremoto que destruy\u00f3 el sudeste de Sicilia caus\u00f3 da\u00f1os irreparables a la estructura urbana y al patrimonio art\u00edstico de Catania. La reconstrucci\u00f3n, llevada a cabo de acuerdo con el proyecto dirigido por el duque de Camastra, dio a Catania el aspecto barroco que todav\u00eda hoy es evidente, por ejemplo, en la Plaza del Duomo (foto), y en algunos de los edificios m\u00e1s importantes de la ciudad.<\/p>\n<\/p><\/div>\n<p><\/p>\n","protected":false},"excerpt":{"rendered":"<p>Catania Fundada en el siglo VIII a. C. por colonos griegos provenientes de la regi\u00f3n de Eubea, Catania fue sometida al largo dominio de Siracusa, antes de ser conquistada, como toda Sicilia, por los Romanos. Santa \u00c1gata, patrona de la ciudad, fue uno de los&hellip;<\/p>\n","protected":false},"author":1,"featured_media":0,"parent":6701,"menu_order":0,"comment_status":"closed","ping_status":"closed","template":"","meta":{"footnotes":""},"class_list":["post-7560","page","type-page","status-publish","hentry"],"_links":{"self":[{"href":"https:\/\/digitalhistory.unite.it\/es\/wp-json\/wp\/v2\/pages\/7560","targetHints":{"allow":["GET"]}}],"collection":[{"href":"https:\/\/digitalhistory.unite.it\/es\/wp-json\/wp\/v2\/pages"}],"about":[{"href":"https:\/\/digitalhistory.unite.it\/es\/wp-json\/wp\/v2\/types\/page"}],"author":[{"embeddable":true,"href":"https:\/\/digitalhistory.unite.it\/es\/wp-json\/wp\/v2\/users\/1"}],"replies":[{"embeddable":true,"href":"https:\/\/digitalhistory.unite.it\/es\/wp-json\/wp\/v2\/comments?post=7560"}],"version-history":[{"count":2,"href":"https:\/\/digitalhistory.unite.it\/es\/wp-json\/wp\/v2\/pages\/7560\/revisions"}],"predecessor-version":[{"id":12064,"href":"https:\/\/digitalhistory.unite.it\/es\/wp-json\/wp\/v2\/pages\/7560\/revisions\/12064"}],"up":[{"embeddable":true,"href":"https:\/\/digitalhistory.unite.it\/es\/wp-json\/wp\/v2\/pages\/6701"}],"wp:attachment":[{"href":"https:\/\/digitalhistory.unite.it\/es\/wp-json\/wp\/v2\/media?parent=7560"}],"curies":[{"name":"wp","href":"https:\/\/api.w.org\/{rel}","templated":true}]}}