{"id":7562,"date":"2021-08-20T00:04:41","date_gmt":"2021-08-19T22:04:41","guid":{"rendered":"https:\/\/digitalhistory.unite.it\/luis-xiv\/"},"modified":"2021-11-23T15:28:57","modified_gmt":"2021-11-23T14:28:57","slug":"luis-xiv","status":"publish","type":"page","link":"https:\/\/digitalhistory.unite.it\/es\/territorios\/itinerarios-internacionales\/estatuas-ecuestres-de-reyes-espanoles\/las-estatuas-ecuestres-y-la-monarquia-espanola\/luis-xiv\/","title":{"rendered":"Luis XIV"},"content":{"rendered":"<h1>Luis XIV <\/h1>\n<div class=\"testo\">\n<p style=\"text-align: justify\"><img loading=\"lazy\" decoding=\"async\" src=\"https:\/\/digitalhistory.unite.it\/wp-content\/uploads\/2021\/08\/luigi_xiv_226x303.jpg\" width=\"226\" height=\"303\" alt=\"Luigi XIV\" align=\"left\">Luis XIV (1638-1715) fue el rey de Francia desde 1643 hasta su muerte. En realidad, el hijo mayor de Luis XIII y de Ana de Austria, tuvo en sus manos el poder s\u00f3lo despu\u00e9s de la muerte del cardenal Giulio Mazzarino. El ministro favorito de hecho hab\u00eda gobernado Francia durante la minor\u00eda de edad del rey, enfrent\u00e1ndose a la revuelta encabezada por numerosos miembros de la alta aristocracia del reino, la llamada &#8220;Fronda&#8221;, y condujo al Pa\u00eds a la victoria en la larga guerra contra Espa\u00f1a (Paz de Pirineos, 1659). El reinado de Luis XIV se conoce en la historia como el triunfo del absolutismo, es decir, la pr\u00e1ctica de gobierno que concentraba todas las funciones de poder de la corte s\u00f3lo en la persona del soberano. Aunque este punto de vista ha sido revisado por los historiadores, no cabe duda de que el Rey Sol ha desarrollado y llevado a su plenitud el proyecto de ordenamiento estatal ya iniciado por los cardenales Richelieu y Mazzarino. Su ministro de Finanzas, Jean-Baptiste Colbert, dio inicio a una pol\u00edtica econ\u00f3mica de tipo mercantilista, que promov\u00eda las exportaciones, especialmente las producciones de alta calidad, con respecto a las importaciones. Luis XIV promovi\u00f3 otras reformas internas importantes y se impuso como poderoso mecenas y protector de artistas y escritores. Mand\u00f3 construir el palacio de Versalles y decidi\u00f3 la abolici\u00f3n del Edicto de Nantes (1685), que garantizaba la libertad de culto a los hugonotes. En pol\u00edtica exterior, Francia estuvo en guerra durante la mayor parte de su largo reinado, dejando en herencia una situaci\u00f3n financiera muy cr\u00edtica.<\/p>\n<p style=\"text-align: justify\">Leer m\u00e1s:<\/p>\n<ul>\n<li style=\"text-align: justify\">P. Burke, <em>The Fabrication of Louis XIV<\/em>, New Haven-London 1992.<\/li>\n<li style=\"text-align: justify\">J. Duindam, <em>Vienna and Versailles. The Courts of Europe&#8217;s Dynastic Rivals, 1550-1780<\/em>, Cambridge 2003.<\/li>\n<li style=\"text-align: justify\">L. B\u00e9ly, <em>Louis XIV. Le plus grand roi du monde<\/em>, Paris 2005.<\/li>\n<\/ul><\/div>\n<p><\/p>\n","protected":false},"excerpt":{"rendered":"<p>Luis XIV Luis XIV (1638-1715) fue el rey de Francia desde 1643 hasta su muerte. En realidad, el hijo mayor de Luis XIII y de Ana de Austria, tuvo en sus manos el poder s\u00f3lo despu\u00e9s de la muerte del cardenal Giulio Mazzarino. El ministro&hellip;<\/p>\n","protected":false},"author":1,"featured_media":0,"parent":6704,"menu_order":0,"comment_status":"closed","ping_status":"closed","template":"","meta":{"footnotes":""},"class_list":["post-7562","page","type-page","status-publish","hentry"],"_links":{"self":[{"href":"https:\/\/digitalhistory.unite.it\/es\/wp-json\/wp\/v2\/pages\/7562","targetHints":{"allow":["GET"]}}],"collection":[{"href":"https:\/\/digitalhistory.unite.it\/es\/wp-json\/wp\/v2\/pages"}],"about":[{"href":"https:\/\/digitalhistory.unite.it\/es\/wp-json\/wp\/v2\/types\/page"}],"author":[{"embeddable":true,"href":"https:\/\/digitalhistory.unite.it\/es\/wp-json\/wp\/v2\/users\/1"}],"replies":[{"embeddable":true,"href":"https:\/\/digitalhistory.unite.it\/es\/wp-json\/wp\/v2\/comments?post=7562"}],"version-history":[{"count":2,"href":"https:\/\/digitalhistory.unite.it\/es\/wp-json\/wp\/v2\/pages\/7562\/revisions"}],"predecessor-version":[{"id":11985,"href":"https:\/\/digitalhistory.unite.it\/es\/wp-json\/wp\/v2\/pages\/7562\/revisions\/11985"}],"up":[{"embeddable":true,"href":"https:\/\/digitalhistory.unite.it\/es\/wp-json\/wp\/v2\/pages\/6704"}],"wp:attachment":[{"href":"https:\/\/digitalhistory.unite.it\/es\/wp-json\/wp\/v2\/media?parent=7562"}],"curies":[{"name":"wp","href":"https:\/\/api.w.org\/{rel}","templated":true}]}}