{"id":7563,"date":"2021-08-20T00:04:41","date_gmt":"2021-08-19T22:04:41","guid":{"rendered":"https:\/\/digitalhistory.unite.it\/gian-lorenzo-bernini\/"},"modified":"2021-11-23T17:45:09","modified_gmt":"2021-11-23T16:45:09","slug":"gian-lorenzo-bernini","status":"publish","type":"page","link":"https:\/\/digitalhistory.unite.it\/es\/gian-lorenzo-bernini\/","title":{"rendered":"Gian Lorenzo Bernini"},"content":{"rendered":"<h1>Gian Lorenzo Bernini <\/h1>\n<div class=\"testo\">\n<p style=\"text-align: justify\"><img loading=\"lazy\" decoding=\"async\" src=\"https:\/\/digitalhistory.unite.it\/wp-content\/uploads\/2021\/08\/bernini_226x289.jpg\" width=\"226\" height=\"289\" alt=\"Bernini\" align=\"left\">Gian Lorenzo Bernini (1598-1680) puede ser considerado como el m\u00e1ximo exponente del arte barroco en la Italia del siglo XVII. Nacido en N\u00e1poles, se traslad\u00f3 a Roma con sus padres en 1605. Su talento se manifest\u00f3 ya con las cuatro estatuas de m\u00e1rmol, esculpidas entre 1619 y 1625, para el cardenal Scipione Borghese: <em>Eneas y Anquises<\/em>, <em>El rapto de Proserpina<\/em>, <em>David<\/em> y <em>Apolo y Dafne<\/em>, este \u00faltimo se convirti\u00f3 en un verdadero s\u00edmbolo del arte y de la cultura barroca. Bajo el pontificado de Urbano VIII (1623-1644), Bernini se convirti\u00f3 en un artista de primer orden en el contexto romano, como lo demuestran las famosas obras que complet\u00f3 en la Bas\u00edlica de San Pedro, como el baldaquino de bronce y la columnata el\u00edptica. Entre las empresas arquitect\u00f3nicas del artista destacan el Palazzo Barberini, el Palazzo di Montecitorio, el Palacio Chigi, y los proyectos para la construcci\u00f3n del Palacio del Louvre (Bernini fue a Francia en 1665). Son tambi\u00e9n suyas las famosas fuentes de la Piazza Navona y Piazza Barberini. Entre la producci\u00f3n escult\u00f3rica sin fin, recordamos las tumbas de Urbano VIII y Alejandro VII, los retratos de Constanza Buonarelli y de Gabriele Fonseca, <em>El \u00e9xtasis de Santa Teresa<\/em> y la <em>Beata Ludovica Albertoni<\/em>.<\/p>\n<\/p><\/div>\n<p><\/p>\n","protected":false},"excerpt":{"rendered":"<p>Gian Lorenzo Bernini Gian Lorenzo Bernini (1598-1680) puede ser considerado como el m\u00e1ximo exponente del arte barroco en la Italia del siglo XVII. Nacido en N\u00e1poles, se traslad\u00f3 a Roma con sus padres en 1605. Su talento se manifest\u00f3 ya con las cuatro estatuas de&hellip;<\/p>\n","protected":false},"author":1,"featured_media":0,"parent":0,"menu_order":0,"comment_status":"closed","ping_status":"closed","template":"","meta":{"footnotes":""},"class_list":["post-7563","page","type-page","status-publish","hentry"],"_links":{"self":[{"href":"https:\/\/digitalhistory.unite.it\/es\/wp-json\/wp\/v2\/pages\/7563","targetHints":{"allow":["GET"]}}],"collection":[{"href":"https:\/\/digitalhistory.unite.it\/es\/wp-json\/wp\/v2\/pages"}],"about":[{"href":"https:\/\/digitalhistory.unite.it\/es\/wp-json\/wp\/v2\/types\/page"}],"author":[{"embeddable":true,"href":"https:\/\/digitalhistory.unite.it\/es\/wp-json\/wp\/v2\/users\/1"}],"replies":[{"embeddable":true,"href":"https:\/\/digitalhistory.unite.it\/es\/wp-json\/wp\/v2\/comments?post=7563"}],"version-history":[{"count":2,"href":"https:\/\/digitalhistory.unite.it\/es\/wp-json\/wp\/v2\/pages\/7563\/revisions"}],"predecessor-version":[{"id":11843,"href":"https:\/\/digitalhistory.unite.it\/es\/wp-json\/wp\/v2\/pages\/7563\/revisions\/11843"}],"wp:attachment":[{"href":"https:\/\/digitalhistory.unite.it\/es\/wp-json\/wp\/v2\/media?parent=7563"}],"curies":[{"name":"wp","href":"https:\/\/api.w.org\/{rel}","templated":true}]}}