{"id":7564,"date":"2021-08-20T00:04:41","date_gmt":"2021-08-19T22:04:41","guid":{"rendered":"https:\/\/digitalhistory.unite.it\/alejandro-farnese\/"},"modified":"2021-11-23T15:28:56","modified_gmt":"2021-11-23T14:28:56","slug":"alejandro-farnese","status":"publish","type":"page","link":"https:\/\/digitalhistory.unite.it\/es\/territorios\/itinerarios-internacionales\/estatuas-ecuestres-de-reyes-espanoles\/las-estatuas-ecuestres-y-la-monarquia-espanola\/alejandro-farnese\/","title":{"rendered":"Alejandro Farnese"},"content":{"rendered":"<h1>Alejandro Farnese <\/h1>\n<div class=\"testo\">\n<p style=\"text-align: justify\"><img loading=\"lazy\" decoding=\"async\" src=\"https:\/\/digitalhistory.unite.it\/wp-content\/uploads\/2021\/08\/alessandro_farnese_227x314.jpg\" width=\"227\" height=\"314\" alt=\"Alessandro Farnese\" align=\"left\">Hijo del nieto del Papa Paulo III, Octavio Farnese, y de la hija natural del emperador Carlos V, Margarita de Austria, Alejandro Farnese (1545-1592) fue el tercer duque de Parma y Piacenza, y uno de los militares m\u00e1s importantes del siglo XVI. Muy apegado a su t\u00edo Felipe II de Espa\u00f1a y a su primo don Juan de Austria, Alejandro complet\u00f3 su formaci\u00f3n en la corte de Madrid. En 1571 tom\u00f3 parte en la batalla victoriosa de Lepanto y en 1577 lleg\u00f3 a Flandes, donde al a\u00f1o siguiente tom\u00f3 el puesto de don Juan como el nuevo gobernador de los Pa\u00edses Bajos. Los numerosos \u00e9xitos militares de los a\u00f1os siguientes le valieron el prestigioso reconocimiento del Tois\u00f3n de Oro. Se convirti\u00f3 en duque de Parma y Piacenza tras la muerte de su padre, Octavio (1586), nunca regres\u00f3 m\u00e1s a sus posesiones y fue enviado por Felipe II a la Francia desgarrada por las guerras de religi\u00f3n. \u00c9l muri\u00f3 de una herida en la batalla.<\/p>\n<\/p><\/div>\n<p><\/p>\n","protected":false},"excerpt":{"rendered":"<p>Alejandro Farnese Hijo del nieto del Papa Paulo III, Octavio Farnese, y de la hija natural del emperador Carlos V, Margarita de Austria, Alejandro Farnese (1545-1592) fue el tercer duque de Parma y Piacenza, y uno de los militares m\u00e1s importantes del siglo XVI. Muy&hellip;<\/p>\n","protected":false},"author":1,"featured_media":0,"parent":6704,"menu_order":0,"comment_status":"closed","ping_status":"closed","template":"","meta":{"footnotes":""},"class_list":["post-7564","page","type-page","status-publish","hentry"],"_links":{"self":[{"href":"https:\/\/digitalhistory.unite.it\/es\/wp-json\/wp\/v2\/pages\/7564","targetHints":{"allow":["GET"]}}],"collection":[{"href":"https:\/\/digitalhistory.unite.it\/es\/wp-json\/wp\/v2\/pages"}],"about":[{"href":"https:\/\/digitalhistory.unite.it\/es\/wp-json\/wp\/v2\/types\/page"}],"author":[{"embeddable":true,"href":"https:\/\/digitalhistory.unite.it\/es\/wp-json\/wp\/v2\/users\/1"}],"replies":[{"embeddable":true,"href":"https:\/\/digitalhistory.unite.it\/es\/wp-json\/wp\/v2\/comments?post=7564"}],"version-history":[{"count":2,"href":"https:\/\/digitalhistory.unite.it\/es\/wp-json\/wp\/v2\/pages\/7564\/revisions"}],"predecessor-version":[{"id":11979,"href":"https:\/\/digitalhistory.unite.it\/es\/wp-json\/wp\/v2\/pages\/7564\/revisions\/11979"}],"up":[{"embeddable":true,"href":"https:\/\/digitalhistory.unite.it\/es\/wp-json\/wp\/v2\/pages\/6704"}],"wp:attachment":[{"href":"https:\/\/digitalhistory.unite.it\/es\/wp-json\/wp\/v2\/media?parent=7564"}],"curies":[{"name":"wp","href":"https:\/\/api.w.org\/{rel}","templated":true}]}}