{"id":7565,"date":"2021-08-20T00:04:41","date_gmt":"2021-08-19T22:04:41","guid":{"rendered":"https:\/\/digitalhistory.unite.it\/ranuccio-i-farnese\/"},"modified":"2021-11-23T17:45:12","modified_gmt":"2021-11-23T16:45:12","slug":"ranuccio-i-farnese","status":"publish","type":"page","link":"https:\/\/digitalhistory.unite.it\/es\/territorios\/itinerarios-internacionales\/estatuas-ecuestres-de-reyes-espanoles\/las-estatuas-ecuestres-y-la-monarquia-espanola\/ranuccio-i-farnese\/","title":{"rendered":"Ranuccio I Farnese"},"content":{"rendered":"<h1>Ranuccio I Farnese <\/h1>\n<div class=\"testo\">\n<p style=\"text-align: justify\"><img loading=\"lazy\" decoding=\"async\" src=\"https:\/\/digitalhistory.unite.it\/wp-content\/uploads\/2021\/08\/ranuccio_i_farnese_226x339.jpg\" width=\"226\" height=\"339\" alt=\"Ranuccio I Farnese\" align=\"left\">Ranuccio I Farnese (1569-1622) era hijo de Alessandro Farnesio y de la portuguesa Mar\u00eda de Avis, por lo que \u00e9l podr\u00eda reclamar la sucesi\u00f3n al trono de Portugal, aunque luego pas\u00f3 a manos de su t\u00edo Felipe II de Espa\u00f1a. A la muerte de su abuelo Ottavio (1586), Ranuccio comenz\u00f3 a regir el Ducado de Parma y Piacenza en el lugar de su padre, empe\u00f1ado en los campos de batalla europeos. A diferencia de este \u00faltimo, Ranuccio se dedic\u00f3 activamente al gobierno de su ducado, dot\u00e1ndole de una legislaci\u00f3n moderna. Enriqueciendo la ciudad de Parma con suntuosos monumentos, y convirti\u00e9ndola en un centro de cultura y de arte a la par que otras grandes ciudades europeas. En oposici\u00f3n a una parte importante de la aristocracia del ducado, que lleg\u00f3 a ordenar una conspiraci\u00f3n contra \u00e9l, Ranuccio se cas\u00f3 con la sobrina del Papa Clemente VIII, Margherita Aldobrandini. Odoardo Farnese, hijo de la pareja, se convirti\u00f3 en el nuevo Duque a la muerte del padre.<\/p>\n<\/p><\/div>\n<p><\/p>\n","protected":false},"excerpt":{"rendered":"<p>Ranuccio I Farnese Ranuccio I Farnese (1569-1622) era hijo de Alessandro Farnesio y de la portuguesa Mar\u00eda de Avis, por lo que \u00e9l podr\u00eda reclamar la sucesi\u00f3n al trono de Portugal, aunque luego pas\u00f3 a manos de su t\u00edo Felipe II de Espa\u00f1a. A la&hellip;<\/p>\n","protected":false},"author":1,"featured_media":0,"parent":6704,"menu_order":0,"comment_status":"closed","ping_status":"closed","template":"","meta":{"footnotes":""},"class_list":["post-7565","page","type-page","status-publish","hentry"],"_links":{"self":[{"href":"https:\/\/digitalhistory.unite.it\/es\/wp-json\/wp\/v2\/pages\/7565","targetHints":{"allow":["GET"]}}],"collection":[{"href":"https:\/\/digitalhistory.unite.it\/es\/wp-json\/wp\/v2\/pages"}],"about":[{"href":"https:\/\/digitalhistory.unite.it\/es\/wp-json\/wp\/v2\/types\/page"}],"author":[{"embeddable":true,"href":"https:\/\/digitalhistory.unite.it\/es\/wp-json\/wp\/v2\/users\/1"}],"replies":[{"embeddable":true,"href":"https:\/\/digitalhistory.unite.it\/es\/wp-json\/wp\/v2\/comments?post=7565"}],"version-history":[{"count":2,"href":"https:\/\/digitalhistory.unite.it\/es\/wp-json\/wp\/v2\/pages\/7565\/revisions"}],"predecessor-version":[{"id":11986,"href":"https:\/\/digitalhistory.unite.it\/es\/wp-json\/wp\/v2\/pages\/7565\/revisions\/11986"}],"up":[{"embeddable":true,"href":"https:\/\/digitalhistory.unite.it\/es\/wp-json\/wp\/v2\/pages\/6704"}],"wp:attachment":[{"href":"https:\/\/digitalhistory.unite.it\/es\/wp-json\/wp\/v2\/media?parent=7565"}],"curies":[{"name":"wp","href":"https:\/\/api.w.org\/{rel}","templated":true}]}}