{"id":7566,"date":"2021-08-20T00:04:41","date_gmt":"2021-08-19T22:04:41","guid":{"rendered":"https:\/\/digitalhistory.unite.it\/reino-de-castilla\/"},"modified":"2021-11-23T15:28:57","modified_gmt":"2021-11-23T14:28:57","slug":"reino-de-castilla","status":"publish","type":"page","link":"https:\/\/digitalhistory.unite.it\/es\/territorios\/itinerarios-internacionales\/estatuas-ecuestres-de-reyes-espanoles\/las-estatuas-ecuestres-y-la-monarquia-espanola\/reino-de-castilla\/","title":{"rendered":"Reino de Castilla"},"content":{"rendered":"<h1>Reino de Castilla <\/h1>\n<div class=\"testo\">\n<p style=\"text-align: justify\">El reino de Castilla naci\u00f3 a lo largo del siglo XI y se unific\u00f3 con el Reino de Le\u00f3n en 1230, bajo la dinast\u00eda de los condes de Castilla. En los a\u00f1os siguientes, la dinast\u00eda adquiri\u00f3 la mayor parte de Andaluc\u00eda, reconquist\u00e1ndosela a los \u00e1rabes. En 1479, con el ascenso al trono de Isabel I (1451-1504), que se cas\u00f3 desde hac\u00eda diez a\u00f1os con el rey Fernando II de Arag\u00f3n (1452-1516), los dominios del reino se extendieron m\u00e1s all\u00e1: por un lado, gracias al descubrimiento\/conquista de Am\u00e9rica, por otro lado, gracias a la llamada Reconquista que termin\u00f3 con la ca\u00edda del reino nazar\u00ed de Granada en 1492. Durante este mismo a\u00f1o tuvo lugar el inicio de la represi\u00f3n\/expulsi\u00f3n de grupos \u00e9tnicos y religiosos que no eran cristianos: los jud\u00edos fueron expulsados ??en 1492, y los s\u00fabditos de fe musulmana convertidos por la fuerza &#8211; los llamados Moriscos -, despu\u00e9s expulsados ??entre 1609 y 1614. Aunque el matrimonio de Isabel y Fernando hab\u00eda determinado la uni\u00f3n din\u00e1stica de sus respectivos reinos, permanecieron separados y conservando sus propias leyes e instituciones, aun cuando, desde Carlos V (1500-1558), ten\u00edan en com\u00fan el mismo soberano. Con Felipe II de Habsburgo (1527-1598), hijo del emperador Carlos V, Madrid fue elegida capital de Castilla y de la Monarqu\u00eda. A principios del siglo XVIII, con la sucesi\u00f3n al trono de Felipe V de Borb\u00f3n (1683-1746), las leyes e instituciones castellanas se extendieron al resto de la Pen\u00ednsula Ib\u00e9rica.<\/p>\n<\/p><\/div>\n<p><\/p>\n","protected":false},"excerpt":{"rendered":"<p>Reino de Castilla El reino de Castilla naci\u00f3 a lo largo del siglo XI y se unific\u00f3 con el Reino de Le\u00f3n en 1230, bajo la dinast\u00eda de los condes de Castilla. En los a\u00f1os siguientes, la dinast\u00eda adquiri\u00f3 la mayor parte de Andaluc\u00eda, reconquist\u00e1ndosela&hellip;<\/p>\n","protected":false},"author":1,"featured_media":0,"parent":6704,"menu_order":0,"comment_status":"closed","ping_status":"closed","template":"","meta":{"footnotes":""},"class_list":["post-7566","page","type-page","status-publish","hentry"],"_links":{"self":[{"href":"https:\/\/digitalhistory.unite.it\/es\/wp-json\/wp\/v2\/pages\/7566","targetHints":{"allow":["GET"]}}],"collection":[{"href":"https:\/\/digitalhistory.unite.it\/es\/wp-json\/wp\/v2\/pages"}],"about":[{"href":"https:\/\/digitalhistory.unite.it\/es\/wp-json\/wp\/v2\/types\/page"}],"author":[{"embeddable":true,"href":"https:\/\/digitalhistory.unite.it\/es\/wp-json\/wp\/v2\/users\/1"}],"replies":[{"embeddable":true,"href":"https:\/\/digitalhistory.unite.it\/es\/wp-json\/wp\/v2\/comments?post=7566"}],"version-history":[{"count":2,"href":"https:\/\/digitalhistory.unite.it\/es\/wp-json\/wp\/v2\/pages\/7566\/revisions"}],"predecessor-version":[{"id":11987,"href":"https:\/\/digitalhistory.unite.it\/es\/wp-json\/wp\/v2\/pages\/7566\/revisions\/11987"}],"up":[{"embeddable":true,"href":"https:\/\/digitalhistory.unite.it\/es\/wp-json\/wp\/v2\/pages\/6704"}],"wp:attachment":[{"href":"https:\/\/digitalhistory.unite.it\/es\/wp-json\/wp\/v2\/media?parent=7566"}],"curies":[{"name":"wp","href":"https:\/\/api.w.org\/{rel}","templated":true}]}}