{"id":7567,"date":"2021-08-20T00:04:41","date_gmt":"2021-08-19T22:04:41","guid":{"rendered":"https:\/\/digitalhistory.unite.it\/felipe-i-de-habsburgo\/"},"modified":"2021-11-23T15:28:57","modified_gmt":"2021-11-23T14:28:57","slug":"felipe-i-de-habsburgo","status":"publish","type":"page","link":"https:\/\/digitalhistory.unite.it\/es\/territorios\/itinerarios-internacionales\/estatuas-ecuestres-de-reyes-espanoles\/las-estatuas-ecuestres-y-la-monarquia-espanola\/felipe-i-de-habsburgo\/","title":{"rendered":"Felipe I de Habsburgo"},"content":{"rendered":"<h1>Felipe I de Habsburgo <\/h1>\n<div class=\"testo\">\n<p style=\"text-align: justify\"><img loading=\"lazy\" decoding=\"async\" src=\"https:\/\/digitalhistory.unite.it\/wp-content\/uploads\/2021\/08\/filippo_il_bello_227x353.jpg\" width=\"227\" height=\"353\" alt=\"Filippo il Bello\" align=\"left\">Hijo del emperador Maximiliano I y de Mar\u00eda de Borgo\u00f1a, Felipe I, conocido como &#8220;El Hermoso&#8221; (1478-1506) fue rey de Castilla tras su matrimonio con la hija de los Reyes Cat\u00f3licos, Juana, y duque de Borgo\u00f1a por herencia materna. Nacido en Brujas, Flandes, Felipe fue el primero de los Habsburgo en ascender a un trono ib\u00e9rico gracias a la pol\u00edtica matrimonial orquestada por su padre, pero tambi\u00e9n debido a circunstancias fortuitas: en el momento de su matrimonio, su esposa Juana fue la tercera en la l\u00ednea de sucesi\u00f3n al trono, pero se convirti\u00f3 en la primera tras la muerte de sus hermanos mayores Juan e Isabel y el hijo de esta \u00faltima. De su matrimonio con Juana tuvo seis hijos, incluidos los futuros emperadores Carlos V (1500-1558) y Fernando I (1503-1564). Monarca amado y competente en los Pa\u00edses Bajos, Felipe ascendi\u00f3 al trono de Castilla tras la muerte de su suegra Isabel I (1504), dejando de lado en un corto per\u00edodo de tiempo tanto al gobierno de Fernando II de Arag\u00f3n como de su esposa Juana. Seg\u00fan la tradici\u00f3n, \u00e9sta \u00faltima se volv\u00eda loca por el amor obsesivo hacia su esposo y la infidelidad constante del mismo. El gobierno de Felipe, sin embargo, dur\u00f3 poco: \u00e9l muri\u00f3 a la edad de 28 a\u00f1os, dejando un gran legado a su primog\u00e9nito Carlos.<\/p>\n<\/p><\/div>\n<p><\/p>\n","protected":false},"excerpt":{"rendered":"<p>Felipe I de Habsburgo Hijo del emperador Maximiliano I y de Mar\u00eda de Borgo\u00f1a, Felipe I, conocido como &#8220;El Hermoso&#8221; (1478-1506) fue rey de Castilla tras su matrimonio con la hija de los Reyes Cat\u00f3licos, Juana, y duque de Borgo\u00f1a por herencia materna. Nacido en&hellip;<\/p>\n","protected":false},"author":1,"featured_media":0,"parent":6704,"menu_order":0,"comment_status":"closed","ping_status":"closed","template":"","meta":{"footnotes":""},"class_list":["post-7567","page","type-page","status-publish","hentry"],"_links":{"self":[{"href":"https:\/\/digitalhistory.unite.it\/es\/wp-json\/wp\/v2\/pages\/7567","targetHints":{"allow":["GET"]}}],"collection":[{"href":"https:\/\/digitalhistory.unite.it\/es\/wp-json\/wp\/v2\/pages"}],"about":[{"href":"https:\/\/digitalhistory.unite.it\/es\/wp-json\/wp\/v2\/types\/page"}],"author":[{"embeddable":true,"href":"https:\/\/digitalhistory.unite.it\/es\/wp-json\/wp\/v2\/users\/1"}],"replies":[{"embeddable":true,"href":"https:\/\/digitalhistory.unite.it\/es\/wp-json\/wp\/v2\/comments?post=7567"}],"version-history":[{"count":2,"href":"https:\/\/digitalhistory.unite.it\/es\/wp-json\/wp\/v2\/pages\/7567\/revisions"}],"predecessor-version":[{"id":11981,"href":"https:\/\/digitalhistory.unite.it\/es\/wp-json\/wp\/v2\/pages\/7567\/revisions\/11981"}],"up":[{"embeddable":true,"href":"https:\/\/digitalhistory.unite.it\/es\/wp-json\/wp\/v2\/pages\/6704"}],"wp:attachment":[{"href":"https:\/\/digitalhistory.unite.it\/es\/wp-json\/wp\/v2\/media?parent=7567"}],"curies":[{"name":"wp","href":"https:\/\/api.w.org\/{rel}","templated":true}]}}