{"id":7568,"date":"2021-08-20T00:04:42","date_gmt":"2021-08-19T22:04:42","guid":{"rendered":"https:\/\/digitalhistory.unite.it\/juana-i-de-castilla\/"},"modified":"2021-11-23T15:28:57","modified_gmt":"2021-11-23T14:28:57","slug":"juana-i-de-castilla","status":"publish","type":"page","link":"https:\/\/digitalhistory.unite.it\/es\/territorios\/itinerarios-internacionales\/estatuas-ecuestres-de-reyes-espanoles\/las-estatuas-ecuestres-y-la-monarquia-espanola\/juana-i-de-castilla\/","title":{"rendered":"Juana I de Castilla"},"content":{"rendered":"<h1>Juana I de Castilla <\/h1>\n<div class=\"testo\">\n<p style=\"text-align: justify\"><img loading=\"lazy\" decoding=\"async\" src=\"https:\/\/digitalhistory.unite.it\/wp-content\/uploads\/2021\/08\/juana_la_loca_227x364.jpg\" width=\"227\" height=\"364\" alt=\"Giovanna la Pazza\" align=\"left\">Juana I de Castilla, conocida como &#8220;La Loca&#8221; (1479-1555) era la tercera hija de Fernando II de Arag\u00f3n e Isabel I de Castilla. Tras la muerte de sus hermanos mayores, Juan e Isabel, y el hijo de \u00e9sta \u00faltima, Miguel, ella hered\u00f3 el trono de Castilla a la muerte de la madre (1504). Sin embargo, su esposo Felipe I de Habsburgo, con el que hab\u00eda vivido hasta entonces en el ducado de Borgo\u00f1a, la derroc\u00f3 a ella y al padre de \u00e9sta, Fernando, del gobierno efectivo. Justo a principios del siglo XVI se remontan los primeros rumores de la supuesta locura de la soberana, debida, seg\u00fan la tradici\u00f3n, al amor obsesivo hacia su esposo y la infidelidad constante de \u00e9ste. La muerte de Felipe (1506), sin embargo, no marc\u00f3 un regreso al poder de Juana, que estaba encerrada, por orden de su padre, en la fortaleza de Tordesillas (1509), donde vivi\u00f3 el resto de su vida. Su hijo mayor, Carlos V (1500-1558), decidi\u00f3 mantenerla en cautividad, incluso despu\u00e9s de la muerte de Fernando (1516), cuando se convirti\u00f3 en el nuevo rey de Castilla y Arag\u00f3n. Juana sigui\u00f3 siendo formalmente reina, incluso estando reclusa por 46 a\u00f1os, sujeta a la dura y violenta custodia de los marqueses de Denia. En 1520, la llamada revuelta de los Comuneros vio en ella a la figura ideal para contrarrestar el poder del joven Carlos V, aunque Juana siempre se neg\u00f3 a tomar partido contra su hijo. Sofocada la revuelta, regres\u00f3 a su prisi\u00f3n, donde vivi\u00f3 hasta los 76 a\u00f1os de edad.<\/p>\n<\/p><\/div>\n<p><\/p>\n","protected":false},"excerpt":{"rendered":"<p>Juana I de Castilla Juana I de Castilla, conocida como &#8220;La Loca&#8221; (1479-1555) era la tercera hija de Fernando II de Arag\u00f3n e Isabel I de Castilla. Tras la muerte de sus hermanos mayores, Juan e Isabel, y el hijo de \u00e9sta \u00faltima, Miguel, ella&hellip;<\/p>\n","protected":false},"author":1,"featured_media":0,"parent":6704,"menu_order":0,"comment_status":"closed","ping_status":"closed","template":"","meta":{"footnotes":""},"class_list":["post-7568","page","type-page","status-publish","hentry"],"_links":{"self":[{"href":"https:\/\/digitalhistory.unite.it\/es\/wp-json\/wp\/v2\/pages\/7568","targetHints":{"allow":["GET"]}}],"collection":[{"href":"https:\/\/digitalhistory.unite.it\/es\/wp-json\/wp\/v2\/pages"}],"about":[{"href":"https:\/\/digitalhistory.unite.it\/es\/wp-json\/wp\/v2\/types\/page"}],"author":[{"embeddable":true,"href":"https:\/\/digitalhistory.unite.it\/es\/wp-json\/wp\/v2\/users\/1"}],"replies":[{"embeddable":true,"href":"https:\/\/digitalhistory.unite.it\/es\/wp-json\/wp\/v2\/comments?post=7568"}],"version-history":[{"count":2,"href":"https:\/\/digitalhistory.unite.it\/es\/wp-json\/wp\/v2\/pages\/7568\/revisions"}],"predecessor-version":[{"id":11983,"href":"https:\/\/digitalhistory.unite.it\/es\/wp-json\/wp\/v2\/pages\/7568\/revisions\/11983"}],"up":[{"embeddable":true,"href":"https:\/\/digitalhistory.unite.it\/es\/wp-json\/wp\/v2\/pages\/6704"}],"wp:attachment":[{"href":"https:\/\/digitalhistory.unite.it\/es\/wp-json\/wp\/v2\/media?parent=7568"}],"curies":[{"name":"wp","href":"https:\/\/api.w.org\/{rel}","templated":true}]}}