{"id":7569,"date":"2021-08-20T00:04:42","date_gmt":"2021-08-19T22:04:42","guid":{"rendered":"https:\/\/digitalhistory.unite.it\/fernando-i-de-habsburgo\/"},"modified":"2021-11-23T15:28:57","modified_gmt":"2021-11-23T14:28:57","slug":"fernando-i-de-habsburgo","status":"publish","type":"page","link":"https:\/\/digitalhistory.unite.it\/es\/territorios\/itinerarios-internacionales\/estatuas-ecuestres-de-reyes-espanoles\/las-estatuas-ecuestres-y-la-monarquia-espanola\/fernando-i-de-habsburgo\/","title":{"rendered":"Fernando I de Habsburgo"},"content":{"rendered":"<h1>Fernando I de Habsburgo <\/h1>\n<div class=\"testo\">\n<p style=\"text-align: justify\"><img loading=\"lazy\" decoding=\"async\" src=\"https:\/\/digitalhistory.unite.it\/wp-content\/uploads\/2021\/08\/ferdinand_i_204x303.jpg\" width=\"204\" height=\"303\" alt=\"Ferdinando I\" align=\"left\">Hijo de Felipe I de Habsburgo (1478-1506) y de Juana I de Castilla (1479-1555), Fernando I (1503-1564) se convirti\u00f3 en el emperador del Sacro Imperio Romano en 1556, tras la abdicaci\u00f3n de su hermano mayor Carlos V (1550-1558). Incluso antes de su coronaci\u00f3n, Fernando hab\u00eda administrado con \u00e9xito las posesiones de los Habsburgo en Austria, retomando las reformas iniciadas por su abuelo Maximiliano I. Adem\u00e1s, gracias a su matrimonio con la hermana del rey Luis II de Hungr\u00eda y Bohemia, hered\u00f3 ambos reinos a la muerte sin descendencia de su cu\u00f1ado (1526). En Hungr\u00eda, sin embargo, se enfrent\u00f3 a menudo, con resultados distintos, al fuerte empuje expansionista del Imperio Otomano. A su muerte, dio origen a tres ramas diferentes de la familia de los Habsburgo, dividiendo los territorios entre sus tres hijos masculinos, el emperador Maximiliano II, Fernando conde del Tirol y Carlos de Estiria.<\/p>\n<\/p><\/div>\n<p><\/p>\n","protected":false},"excerpt":{"rendered":"<p>Fernando I de Habsburgo Hijo de Felipe I de Habsburgo (1478-1506) y de Juana I de Castilla (1479-1555), Fernando I (1503-1564) se convirti\u00f3 en el emperador del Sacro Imperio Romano en 1556, tras la abdicaci\u00f3n de su hermano mayor Carlos V (1550-1558). Incluso antes de&hellip;<\/p>\n","protected":false},"author":1,"featured_media":0,"parent":6704,"menu_order":0,"comment_status":"closed","ping_status":"closed","template":"","meta":{"footnotes":""},"class_list":["post-7569","page","type-page","status-publish","hentry"],"_links":{"self":[{"href":"https:\/\/digitalhistory.unite.it\/es\/wp-json\/wp\/v2\/pages\/7569","targetHints":{"allow":["GET"]}}],"collection":[{"href":"https:\/\/digitalhistory.unite.it\/es\/wp-json\/wp\/v2\/pages"}],"about":[{"href":"https:\/\/digitalhistory.unite.it\/es\/wp-json\/wp\/v2\/types\/page"}],"author":[{"embeddable":true,"href":"https:\/\/digitalhistory.unite.it\/es\/wp-json\/wp\/v2\/users\/1"}],"replies":[{"embeddable":true,"href":"https:\/\/digitalhistory.unite.it\/es\/wp-json\/wp\/v2\/comments?post=7569"}],"version-history":[{"count":2,"href":"https:\/\/digitalhistory.unite.it\/es\/wp-json\/wp\/v2\/pages\/7569\/revisions"}],"predecessor-version":[{"id":11982,"href":"https:\/\/digitalhistory.unite.it\/es\/wp-json\/wp\/v2\/pages\/7569\/revisions\/11982"}],"up":[{"embeddable":true,"href":"https:\/\/digitalhistory.unite.it\/es\/wp-json\/wp\/v2\/pages\/6704"}],"wp:attachment":[{"href":"https:\/\/digitalhistory.unite.it\/es\/wp-json\/wp\/v2\/media?parent=7569"}],"curies":[{"name":"wp","href":"https:\/\/api.w.org\/{rel}","templated":true}]}}