{"id":7570,"date":"2021-08-20T00:04:42","date_gmt":"2021-08-19T22:04:42","guid":{"rendered":"https:\/\/digitalhistory.unite.it\/reino-de-cerdena\/"},"modified":"2021-11-23T15:28:57","modified_gmt":"2021-11-23T14:28:57","slug":"reino-de-cerdena","status":"publish","type":"page","link":"https:\/\/digitalhistory.unite.it\/es\/territorios\/itinerarios-internacionales\/estatuas-ecuestres-de-reyes-espanoles\/las-estatuas-ecuestres-y-la-monarquia-espanola\/reino-de-cerdena\/","title":{"rendered":"Reino de Cerde\u00f1a"},"content":{"rendered":"<h1>Reino de Cerde\u00f1a <\/h1>\n<div class=\"testo\">\n<p style=\"text-align: justify\">En 1295, el papa Bonifacio VIII concedi\u00f3 Cerde\u00f1a a la corona de Arag\u00f3n, la cual, a lo largo del siglo XIV, tuvo que enfrentarse a las revueltas de la poblaci\u00f3n aut\u00f3ctona. Desde entonces, y durante tres siglos, Cerde\u00f1a estuvo gobernada por el virrey de Arag\u00f3n, quien introdujo la Inquisici\u00f3n espa\u00f1ola. En la segunda mitad del siglo XVII, un enfrentamiento entre facciones en el Parlamento, convocado entre 1666 y 1668 por el virrey Marqu\u00e9s de Camarasa, termin\u00f3 con el asesinato de un noble isle\u00f1o (que ped\u00eda reservar los oficios y las prelaturas para los sardos) seguido por el del propio virrey, despu\u00e9s de un mes. Los l\u00edderes de la conspiraci\u00f3n fueron decapitados y sus cabezas expuestas a modo de advertencia en las torres de Cagliari en 1671. Con el estallido de la Guerra de Sucesi\u00f3n espa\u00f1ola (1701-1713), la isla se dividi\u00f3 en dos facciones, una a favor de Felipe de Anjou (1683-1746), la otra apoyando al futuro emperador Carlos de Habsburgo (1685-1740). La isla pas\u00f3 oficialmente a los austriacos por el tratado de Rastadt de 1714, luego de nuevo a Espa\u00f1a en 1717, y finalmente, a los duques de Saboya, quienes tomaron posesi\u00f3n asumiendo el t\u00edtulo real (desde entonces hasta el Risorgimento fueron honrados con el t\u00edtulo de reyes de Cerde\u00f1a), despu\u00e9s de la Paz de La Haya de 1720.<\/p>\n<p>Leer m\u00e1s:<\/p>\n<ul>\n<li style=\"text-align: justify\">B. Anatra, G. Serri, R. Puddu (eds.), <em>Problemi di storia della Sardegna spagnola<\/em>, Cagliari 1975.<\/li>\n<li style=\"text-align: justify\">A. Mattone, <em>La Sardegna spagnola<\/em>, Sassari 1995.<\/li>\n<\/ul><\/div>\n<p><\/p>\n","protected":false},"excerpt":{"rendered":"<p>Reino de Cerde\u00f1a En 1295, el papa Bonifacio VIII concedi\u00f3 Cerde\u00f1a a la corona de Arag\u00f3n, la cual, a lo largo del siglo XIV, tuvo que enfrentarse a las revueltas de la poblaci\u00f3n aut\u00f3ctona. Desde entonces, y durante tres siglos, Cerde\u00f1a estuvo gobernada por el&hellip;<\/p>\n","protected":false},"author":1,"featured_media":0,"parent":6704,"menu_order":0,"comment_status":"closed","ping_status":"closed","template":"","meta":{"footnotes":""},"class_list":["post-7570","page","type-page","status-publish","hentry"],"_links":{"self":[{"href":"https:\/\/digitalhistory.unite.it\/es\/wp-json\/wp\/v2\/pages\/7570","targetHints":{"allow":["GET"]}}],"collection":[{"href":"https:\/\/digitalhistory.unite.it\/es\/wp-json\/wp\/v2\/pages"}],"about":[{"href":"https:\/\/digitalhistory.unite.it\/es\/wp-json\/wp\/v2\/types\/page"}],"author":[{"embeddable":true,"href":"https:\/\/digitalhistory.unite.it\/es\/wp-json\/wp\/v2\/users\/1"}],"replies":[{"embeddable":true,"href":"https:\/\/digitalhistory.unite.it\/es\/wp-json\/wp\/v2\/comments?post=7570"}],"version-history":[{"count":2,"href":"https:\/\/digitalhistory.unite.it\/es\/wp-json\/wp\/v2\/pages\/7570\/revisions"}],"predecessor-version":[{"id":11988,"href":"https:\/\/digitalhistory.unite.it\/es\/wp-json\/wp\/v2\/pages\/7570\/revisions\/11988"}],"up":[{"embeddable":true,"href":"https:\/\/digitalhistory.unite.it\/es\/wp-json\/wp\/v2\/pages\/6704"}],"wp:attachment":[{"href":"https:\/\/digitalhistory.unite.it\/es\/wp-json\/wp\/v2\/media?parent=7570"}],"curies":[{"name":"wp","href":"https:\/\/api.w.org\/{rel}","templated":true}]}}