{"id":7571,"date":"2021-08-20T00:04:42","date_gmt":"2021-08-19T22:04:42","guid":{"rendered":"https:\/\/digitalhistory.unite.it\/el-ducado-de-milan\/"},"modified":"2021-11-23T15:28:56","modified_gmt":"2021-11-23T14:28:56","slug":"el-ducado-de-milan","status":"publish","type":"page","link":"https:\/\/digitalhistory.unite.it\/es\/territorios\/itinerarios-internacionales\/estatuas-ecuestres-de-reyes-espanoles\/las-estatuas-ecuestres-y-la-monarquia-espanola\/el-ducado-de-milan\/","title":{"rendered":"El ducado de Mil\u00e1n"},"content":{"rendered":"<h1>El ducado de Mil\u00e1n <\/h1>\n<div class=\"testo\">\n<p style=\"text-align: justify\">El ducado de Mil\u00e1n, gobernado primero por la familia Visconti (desde 1395) y luego, desde 1450, por los Sforza, inclu\u00eda buena parte de la actual Lombard\u00eda y algunas tierras de la Emilia. Durante las llamadas guerras de Italia, entre 1499 y 1529, los Sforza perdieron y recuperaron varias veces el Estado de Mil\u00e1n ocupado en diversas ocasiones por los franceses, hasta que en 1535, Carlos V (1500-1558) lo incorpor\u00f3 a sus dominios. Durante la dominaci\u00f3n espa\u00f1ola, en la ciudad de Mil\u00e1n se confirm\u00f3 el protagonismo de la silla arzobispal, a menudo en conflicto con los intereses de la Corona y, en algunos casos, con las propias directrices de Roma. Al principio, Carlos (1538-1584) y luego Federico (1564-1631) Borromeo fueron int\u00e9rpretes prestigiosos del mecanismo y de la pol\u00edtica eclesi\u00e1stica contrarreformista, con una importante reorganizaci\u00f3n de la estructura diocesana. El monarca espa\u00f1ol Felipe II (1527-1598) intent\u00f3 en vano introducir la Inquisici\u00f3n en el Estado de Mil\u00e1n (1563-1564), provocando la fuerte oposici\u00f3n de las instituciones locales. Durante la Guerra de los Treinta A\u00f1os (1618-1648), el Estado de Mil\u00e1n fue un centro neur\u00e1lgico de la pol\u00edtica militar espa\u00f1ola: su ubicaci\u00f3n central en el tablero europeo lo convert\u00edan en un \u00e1rea de vital importancia para el paso de tropas y su abastecimiento. Durante la Guerra de Sucesi\u00f3n espa\u00f1ola (1701-1713), los austr\u00edacos conquistaron el ducado en 1706. Desde 1714, con el acuerdo de Rastadt, Mil\u00e1n pas\u00f3 oficialmente a ser dominio de la dinast\u00eda imperial de los Habsburgo de Austria.<\/p>\n<p>Leer m\u00e1s:<\/p>\n<ul>\n<li>D. Sella, <em>Lo Stato di Milano in et\u00e0 spagnola<\/em>, Tur\u00edn 1987.<\/li>\n<li style=\"text-align: justify\">G. Signorotto, <em>Milano spagnola. Guerra, istituzioni, uomini di governo, 1635-1660<\/em>, Mil\u00e1n 2001.<\/li>\n<\/ul><\/div>\n<p><\/p>\n","protected":false},"excerpt":{"rendered":"<p>El ducado de Mil\u00e1n El ducado de Mil\u00e1n, gobernado primero por la familia Visconti (desde 1395) y luego, desde 1450, por los Sforza, inclu\u00eda buena parte de la actual Lombard\u00eda y algunas tierras de la Emilia. Durante las llamadas guerras de Italia, entre 1499 y&hellip;<\/p>\n","protected":false},"author":1,"featured_media":0,"parent":6704,"menu_order":0,"comment_status":"closed","ping_status":"closed","template":"","meta":{"footnotes":""},"class_list":["post-7571","page","type-page","status-publish","hentry"],"_links":{"self":[{"href":"https:\/\/digitalhistory.unite.it\/es\/wp-json\/wp\/v2\/pages\/7571","targetHints":{"allow":["GET"]}}],"collection":[{"href":"https:\/\/digitalhistory.unite.it\/es\/wp-json\/wp\/v2\/pages"}],"about":[{"href":"https:\/\/digitalhistory.unite.it\/es\/wp-json\/wp\/v2\/types\/page"}],"author":[{"embeddable":true,"href":"https:\/\/digitalhistory.unite.it\/es\/wp-json\/wp\/v2\/users\/1"}],"replies":[{"embeddable":true,"href":"https:\/\/digitalhistory.unite.it\/es\/wp-json\/wp\/v2\/comments?post=7571"}],"version-history":[{"count":2,"href":"https:\/\/digitalhistory.unite.it\/es\/wp-json\/wp\/v2\/pages\/7571\/revisions"}],"predecessor-version":[{"id":11980,"href":"https:\/\/digitalhistory.unite.it\/es\/wp-json\/wp\/v2\/pages\/7571\/revisions\/11980"}],"up":[{"embeddable":true,"href":"https:\/\/digitalhistory.unite.it\/es\/wp-json\/wp\/v2\/pages\/6704"}],"wp:attachment":[{"href":"https:\/\/digitalhistory.unite.it\/es\/wp-json\/wp\/v2\/media?parent=7571"}],"curies":[{"name":"wp","href":"https:\/\/api.w.org\/{rel}","templated":true}]}}